{"id":41387,"date":"2024-12-10T14:44:01","date_gmt":"2024-12-10T07:44:01","guid":{"rendered":"https:\/\/maison-chance.org\/shop?post_type=product&#038;p=41387"},"modified":"2024-12-10T14:47:35","modified_gmt":"2024-12-10T07:47:35","slug":"banh-tiramisu-tra-xanh-t-break","status":"publish","type":"product","link":"https:\/\/maison-chance.org\/shop\/san-pham\/banh-tiramisu-tra-xanh-t-break","title":{"rendered":"B\u00e1nh Tiramisu tr\u00e0 xanh (T-break)"},"content":{"rendered":"<p style=\"text-align: justify;\">Nh\u00e0 May M\u1eafn, m\u1ed9t t\u1ed5 ch\u1ee9c t\u1eeb thi\u1ec7n c\u00f3 s\u1ee9 m\u1ec7nh mang \u0111\u1ebfn c\u01a1 h\u1ed9i v\u00e0 hy v\u1ecdng cho nh\u1eefng ng\u01b0\u1eddi tr\u1ebb khuy\u1ebft t\u1eadt, \u0111\u00e3 cho ra m\u1eaft s\u1ea3n ph\u1ea9m m\u1edbi &#8211; <a href=\"https:\/\/maison-chance.org\/shop\/san-pham\/banh-tiramisu-tra-xanh-t-break\">Tiramisu Tr\u00e0 Xanh (T-break)<\/a>. V\u1edbi s\u1ef1 k\u1ebft h\u1ee3p tinh t\u1ebf gi\u1eefa h\u01b0\u01a1ng v\u1ecb tr\u00e0 xanh t\u01b0\u01a1i m\u00e1t v\u00e0 k\u1ebft c\u1ea5u m\u1ec1m m\u1ecbn c\u1ee7a kem ph\u00f4 mai, chi\u1ebfc b\u00e1nh n\u00e0y h\u1ee9a h\u1eb9n s\u1ebd mang \u0111\u1ebfn m\u1ed9t tr\u1ea3i nghi\u1ec7m \u1ea9m th\u1ef1c \u0111\u1ed9c \u0111\u00e1o cho nh\u1eefng ai y\u00eau th\u00edch nh\u1eefng m\u00f3n b\u00e1nh \u0111\u1ed9c \u0111\u00e1o.<\/p>\n<p style=\"text-align: justify;\">C\u1ed1t <a href=\"https:\/\/maison-chance.org\/shop\/banh-ngot\">b\u00e1nh Tiramisu Tr\u00e0 Xanh<\/a> t\u1eeb Nh\u00e0 May M\u1eafn \u0111\u01b0\u1ee3c l\u00e0m t\u1eeb nh\u1eefng nguy\u00ean li\u1ec7u ch\u1ea5t l\u01b0\u1ee3ng cao. L\u1edbp v\u1ecf ngo\u00e0i c\u1ee7a b\u00e1nh mang m\u00e0u xanh l\u1ee5c \u0111\u1eb7c tr\u01b0ng, \u0111\u01b0\u1ee3c t\u1ea1o n\u00ean t\u1eeb b\u1ed9t tr\u00e0 xanh th\u01b0\u1ee3ng h\u1ea1ng. L\u1edbp kem b\u00ean trong c\u00f3 m\u00e0u xanh nh\u1ea1t, \u0111\u01b0\u1ee3c ch\u1ebf bi\u1ebfn t\u1eeb ph\u00f4 mai cream cheese v\u00e0 s\u1eefa t\u01b0\u01a1i c\u1ee7a \u0111\u1ecba ph\u01b0\u01a1ng, mang \u0111\u1ebfn s\u1ef1 m\u1ec1m m\u1ecbn v\u00e0 thanh m\u00e1t.<\/p>\n<p style=\"text-align: justify;\">N\u1eb1m b\u00ean d\u01b0\u1edbi l\u00e0 l\u1edbp b\u00e1nh x\u1ed1p, t\u1ea1o n\u00ean s\u1ef1 c\u00e2n b\u1eb1ng ho\u00e0n h\u1ea3o gi\u1eefa \u0111\u1ed9 x\u1ed1p v\u00e0 \u0111\u1ed9 m\u1ec1m m\u1ea1i c\u1ee7a b\u00e1nh. C\u00e1c b\u1ea1n tr\u1ebb khuy\u1ebft t\u1eadt t\u1ea1i Nh\u00e0 May M\u1eafn \u0111\u00e3 th\u1ec3 hi\u1ec7n t\u00e0i n\u0103ng v\u00e0 k\u1ef9 n\u0103ng l\u00e0m b\u00e1nh \u0111\u00e1ng kinh ng\u1ea1c, v\u1edbi s\u1ef1 h\u01b0\u1edbng d\u1eabn v\u00e0 gi\u00e1m s\u00e1t c\u1ee7a c\u00e1c chuy\u00ean gia.<\/p>\n<p style=\"text-align: justify;\"><a href=\"https:\/\/maison-chance.org\/shop\/phong-banh\">Tiramisu Tr\u00e0 Xanh<\/a> (T-break) t\u1eeb Nh\u00e0 May M\u1eafn kh\u00f4ng ch\u1ec9 l\u00e0 m\u1ed9t m\u00f3n b\u00e1nh ngon mi\u1ec7ng, m\u00e0 c\u00f2n l\u00e0 m\u1ed9t c\u00e1ch \u0111\u1ec3 b\u1ea1n \u1ee7ng h\u1ed9 v\u00e0 lan t\u1ecfa nh\u1eefng hy v\u1ecdng cho nh\u1eefng ng\u01b0\u1eddi tr\u1ebb khuy\u1ebft t\u1eadt. H\u00e3y th\u01b0\u1edfng th\u1ee9c h\u01b0\u01a1ng v\u1ecb \u0111\u1ed9c \u0111\u00e1o n\u00e0y v\u00e0 chia s\u1ebb v\u1edbi nh\u1eefng ng\u01b0\u1eddi th\u00e2n y\u00eau. M\u1ed7i chi\u1ebfc b\u00e1nh s\u1ebd g\u00f3p ph\u1ea7n mang l\u1ea1i c\u01a1 h\u1ed9i, ni\u1ec1m vui v\u00e0 t\u01b0\u01a1ng lai t\u01b0\u01a1i s\u00e1ng cho nh\u1eefng ng\u01b0\u1eddi tr\u1ebb \u0111ang c\u1ed1 g\u1eafng v\u01b0\u1ee3t qua ngh\u1ecbch c\u1ea3nh. H\u00e3y chung tay \u1ee7ng h\u1ed9 <a href=\"https:\/\/maison-chance.org\/shop\">Nh\u00e0 May M\u1eafn<\/a> v\u00e0 nh\u1eefng s\u1ea3n ph\u1ea9m \u0111\u1ea7y \u00fd ngh\u0129a c\u1ee7a h\u1ecd!<\/p>\n","protected":false},"excerpt":{"rendered":"<p style=\"text-align: justify;\">S\u1ea3n ph\u1ea9m b\u00e1nh ng\u1ecdt \u0111\u01b0\u1ee3c l\u00e0m t\u1eeb c\u00e1c b\u1ea1n tr\u1ebb m\u1ed3 c\u00f4i hi\u1ec7n \u0111ang \u0111\u01b0\u1ee3c Nh\u00e0 May M\u1eafn &#8211; Maison Chance nu\u00f4i d\u01b0\u1ee1ng. K\u00ednh mong nh\u1eadn \u0111\u01b0\u1ee3c s\u1ef1 \u1ee7ng h\u1ed9 c\u1ee7a Qu\u00fd kh\u00e1ch!<\/p>\n<p>Hotline : <span style=\"font-size: 20px;\"><strong><span style=\"color: #ff0000;\">0909 06 25 28<\/span><\/strong><\/span><\/p>\n","protected":false},"featured_media":41388,"template":"","meta":[],"product_brand":[],"product_cat":[153,150],"product_tag":[],"class_list":{"0":"post-41387","1":"product","2":"type-product","3":"status-publish","4":"has-post-thumbnail","6":"product_cat-banh-ngot","7":"product_cat-phong-banh","9":"first","10":"instock","11":"shipping-taxable","12":"purchasable","13":"product-type-simple"},"yoast_head":"<!-- This site is optimized with the Yoast SEO Premium plugin v22.7 (Yoast SEO v25.3.1) - https:\/\/yoast.com\/wordpress\/plugins\/seo\/ -->\n<title>B\u00e1nh Tiramisu tr\u00e0 xanh (T-break) - Nh\u00e0 May M\u1eafn - Maison Chance<\/title>\n<meta name=\"description\" content=\"Tiramisu Tr\u00e0 Xanh (T-break) t\u1eeb Nh\u00e0 May M\u1eafn kh\u00f4ng ch\u1ec9 l\u00e0 m\u1ed9t m\u00f3n b\u00e1nh ngon mi\u1ec7ng, m\u00e0 c\u00f2n l\u00e0 m\u1ed9t c\u00e1ch \u0111\u1ec3 b\u1ea1n \u1ee7ng h\u1ed9 v\u00e0 lan t\u1ecfa nh\u1eefng hy v\u1ecdng cho nh\u1eefng ng\u01b0\u1eddi tr\u1ebb khuy\u1ebft t\u1eadt. H\u00e3y th\u01b0\u1edfng th\u1ee9c h\u01b0\u01a1ng v\u1ecb \u0111\u1ed9c \u0111\u00e1o n\u00e0y v\u00e0 chia s\u1ebb v\u1edbi nh\u1eefng ng\u01b0\u1eddi th\u00e2n y\u00eau\" \/>\n<meta name=\"robots\" content=\"index, follow, max-snippet:-1, max-image-preview:large, max-video-preview:-1\" \/>\n<link rel=\"canonical\" href=\"https:\/\/maison-chance.org\/shop\/san-pham\/banh-tiramisu-tra-xanh-t-break\" \/>\n<meta property=\"og:locale\" content=\"vi_VN\" \/>\n<meta property=\"og:type\" content=\"article\" \/>\n<meta property=\"og:title\" content=\"B\u00e1nh Tiramisu tr\u00e0 xanh (T-break)\" \/>\n<meta property=\"og:description\" content=\"Tiramisu Tr\u00e0 Xanh (T-break) t\u1eeb Nh\u00e0 May M\u1eafn kh\u00f4ng ch\u1ec9 l\u00e0 m\u1ed9t m\u00f3n b\u00e1nh ngon mi\u1ec7ng, m\u00e0 c\u00f2n l\u00e0 m\u1ed9t c\u00e1ch \u0111\u1ec3 b\u1ea1n \u1ee7ng h\u1ed9 v\u00e0 lan t\u1ecfa nh\u1eefng hy v\u1ecdng cho nh\u1eefng ng\u01b0\u1eddi tr\u1ebb khuy\u1ebft t\u1eadt. H\u00e3y th\u01b0\u1edfng th\u1ee9c h\u01b0\u01a1ng v\u1ecb \u0111\u1ed9c \u0111\u00e1o n\u00e0y v\u00e0 chia s\u1ebb v\u1edbi nh\u1eefng ng\u01b0\u1eddi th\u00e2n y\u00eau\" \/>\n<meta property=\"og:url\" content=\"https:\/\/maison-chance.org\/shop\/san-pham\/banh-tiramisu-tra-xanh-t-break\" \/>\n<meta property=\"og:site_name\" content=\"Nh\u00e0 May M\u1eafn - Maison Chance\" \/>\n<meta property=\"article:publisher\" content=\"https:\/\/www.facebook.com\/dnxh.nhamayman\/\" \/>\n<meta property=\"article:modified_time\" content=\"2024-12-10T07:47:35+00:00\" \/>\n<meta property=\"og:image\" content=\"https:\/\/maison-chance.org\/shop\/wp-content\/uploads\/2024\/12\/banh-tiramisu-tra-xanh-t-break.png\" \/>\n\t<meta property=\"og:image:width\" content=\"600\" \/>\n\t<meta property=\"og:image:height\" content=\"600\" \/>\n\t<meta property=\"og:image:type\" content=\"image\/png\" \/>\n<meta name=\"twitter:card\" content=\"summary_large_image\" \/>\n<meta name=\"twitter:label1\" content=\"Gi\u00e1\" \/>\n\t<meta name=\"twitter:data1\" content=\"0.50&nbsp;&#036;\" \/>\n\t<meta name=\"twitter:label2\" content=\"Availability\" \/>\n\t<meta name=\"twitter:data2\" content=\"In stock\" \/>\n<script type=\"application\/ld+json\" class=\"yoast-schema-graph\">{\"@context\":\"https:\/\/schema.org\",\"@graph\":[{\"@type\":\"WebPage\",\"@id\":\"https:\/\/maison-chance.org\/shop\/san-pham\/banh-tiramisu-tra-xanh-t-break\",\"url\":\"https:\/\/maison-chance.org\/shop\/san-pham\/banh-tiramisu-tra-xanh-t-break\",\"name\":\"B\u00e1nh Tiramisu tr\u00e0 xanh (T-break) - Nh\u00e0 May M\u1eafn - Maison Chance\",\"isPartOf\":{\"@id\":\"https:\/\/maison-chance.org\/shop\/#website\"},\"primaryImageOfPage\":{\"@id\":\"https:\/\/maison-chance.org\/shop\/san-pham\/banh-tiramisu-tra-xanh-t-break#primaryimage\"},\"image\":{\"@id\":\"https:\/\/maison-chance.org\/shop\/san-pham\/banh-tiramisu-tra-xanh-t-break#primaryimage\"},\"thumbnailUrl\":\"https:\/\/maison-chance.org\/shop\/wp-content\/uploads\/2024\/12\/banh-tiramisu-tra-xanh-t-break.png\",\"datePublished\":\"2024-12-10T07:44:01+00:00\",\"dateModified\":\"2024-12-10T07:47:35+00:00\",\"description\":\"Tiramisu Tr\u00e0 Xanh (T-break) t\u1eeb Nh\u00e0 May M\u1eafn kh\u00f4ng ch\u1ec9 l\u00e0 m\u1ed9t m\u00f3n b\u00e1nh ngon mi\u1ec7ng, m\u00e0 c\u00f2n l\u00e0 m\u1ed9t c\u00e1ch \u0111\u1ec3 b\u1ea1n \u1ee7ng h\u1ed9 v\u00e0 lan t\u1ecfa nh\u1eefng hy v\u1ecdng cho nh\u1eefng ng\u01b0\u1eddi tr\u1ebb khuy\u1ebft t\u1eadt. H\u00e3y th\u01b0\u1edfng th\u1ee9c h\u01b0\u01a1ng v\u1ecb \u0111\u1ed9c \u0111\u00e1o n\u00e0y v\u00e0 chia s\u1ebb v\u1edbi nh\u1eefng ng\u01b0\u1eddi th\u00e2n y\u00eau\",\"breadcrumb\":{\"@id\":\"https:\/\/maison-chance.org\/shop\/san-pham\/banh-tiramisu-tra-xanh-t-break#breadcrumb\"},\"inLanguage\":\"vi-VN\",\"potentialAction\":[{\"@type\":\"ReadAction\",\"target\":[\"https:\/\/maison-chance.org\/shop\/san-pham\/banh-tiramisu-tra-xanh-t-break\"]}]},{\"@type\":\"ImageObject\",\"inLanguage\":\"vi-VN\",\"@id\":\"https:\/\/maison-chance.org\/shop\/san-pham\/banh-tiramisu-tra-xanh-t-break#primaryimage\",\"url\":\"https:\/\/maison-chance.org\/shop\/wp-content\/uploads\/2024\/12\/banh-tiramisu-tra-xanh-t-break.png\",\"contentUrl\":\"https:\/\/maison-chance.org\/shop\/wp-content\/uploads\/2024\/12\/banh-tiramisu-tra-xanh-t-break.png\",\"width\":600,\"height\":600,\"caption\":\"B\u00e1nh Tiramisu tr\u00e0 xanh (T-break)\"},{\"@type\":\"BreadcrumbList\",\"@id\":\"https:\/\/maison-chance.org\/shop\/san-pham\/banh-tiramisu-tra-xanh-t-break#breadcrumb\",\"itemListElement\":[{\"@type\":\"ListItem\",\"position\":1,\"name\":\"Trang ch\u1ee7\",\"item\":\"https:\/\/maison-chance.org\/shop\/\"},{\"@type\":\"ListItem\",\"position\":2,\"name\":\"Shop\",\"item\":\"https:\/\/maison-chance.org\/shop\/shop\"},{\"@type\":\"ListItem\",\"position\":3,\"name\":\"B\u00e1nh Tiramisu tr\u00e0 xanh (T-break)\"}]},{\"@type\":\"WebSite\",\"@id\":\"https:\/\/maison-chance.org\/shop\/#website\",\"url\":\"https:\/\/maison-chance.org\/shop\/\",\"name\":\"Nh\u00e0 May M\u1eafn - Maison Chance\",\"description\":\"M\u1ecdi l\u1ee3i nhu\u1eadn thu v\u1ec1 t\u1eeb vi\u1ec7c b\u00e1n h\u00e0ng s\u1ebd tr\u00edch m\u1ed9t ph\u1ea7n \u0111\u1ec3 ch\u0103m lo cho \u0111\u1eddi s\u1ed1ng c\u00e1c b\u1ea1n khuy\u1ebft t\u1eadt v\u00e0 tr\u1ebb m\u1ed3 c\u00f4i \u1edf \u0111\u00e2y\",\"publisher\":{\"@id\":\"https:\/\/maison-chance.org\/shop\/#organization\"},\"potentialAction\":[{\"@type\":\"SearchAction\",\"target\":{\"@type\":\"EntryPoint\",\"urlTemplate\":\"https:\/\/maison-chance.org\/shop\/?s={search_term_string}\"},\"query-input\":{\"@type\":\"PropertyValueSpecification\",\"valueRequired\":true,\"valueName\":\"search_term_string\"}}],\"inLanguage\":\"vi-VN\"},{\"@type\":\"Organization\",\"@id\":\"https:\/\/maison-chance.org\/shop\/#organization\",\"name\":\"Nh\u00e0 May M\u1eafn - Maison Chance\",\"url\":\"https:\/\/maison-chance.org\/shop\/\",\"logo\":{\"@type\":\"ImageObject\",\"inLanguage\":\"vi-VN\",\"@id\":\"https:\/\/maison-chance.org\/shop\/#\/schema\/logo\/image\/\",\"url\":\"https:\/\/maison-chance.org\/shop\/wp-content\/uploads\/2024\/03\/cropped-Logo_DNXH.png\",\"contentUrl\":\"https:\/\/maison-chance.org\/shop\/wp-content\/uploads\/2024\/03\/cropped-Logo_DNXH.png\",\"width\":512,\"height\":512,\"caption\":\"Nh\u00e0 May M\u1eafn - Maison Chance\"},\"image\":{\"@id\":\"https:\/\/maison-chance.org\/shop\/#\/schema\/logo\/image\/\"},\"sameAs\":[\"https:\/\/www.facebook.com\/dnxh.nhamayman\/\"]}]}<\/script>\n<meta property=\"product:price:amount\" content=\"0.50\" \/>\n<meta property=\"product:price:currency\" content=\"USD\" \/>\n<meta property=\"og:availability\" content=\"instock\" \/>\n<meta property=\"product:availability\" content=\"instock\" \/>\n<meta property=\"product:condition\" content=\"new\" \/>\n<!-- \/ Yoast SEO Premium plugin. -->","yoast_head_json":{"title":"B\u00e1nh Tiramisu tr\u00e0 xanh (T-break) - Nh\u00e0 May M\u1eafn - Maison Chance","description":"Tiramisu Tr\u00e0 Xanh (T-break) t\u1eeb Nh\u00e0 May M\u1eafn kh\u00f4ng ch\u1ec9 l\u00e0 m\u1ed9t m\u00f3n b\u00e1nh ngon mi\u1ec7ng, m\u00e0 c\u00f2n l\u00e0 m\u1ed9t c\u00e1ch \u0111\u1ec3 b\u1ea1n \u1ee7ng h\u1ed9 v\u00e0 lan t\u1ecfa nh\u1eefng hy v\u1ecdng cho nh\u1eefng ng\u01b0\u1eddi tr\u1ebb khuy\u1ebft t\u1eadt. H\u00e3y th\u01b0\u1edfng th\u1ee9c h\u01b0\u01a1ng v\u1ecb \u0111\u1ed9c \u0111\u00e1o n\u00e0y v\u00e0 chia s\u1ebb v\u1edbi nh\u1eefng ng\u01b0\u1eddi th\u00e2n y\u00eau","robots":{"index":"index","follow":"follow","max-snippet":"max-snippet:-1","max-image-preview":"max-image-preview:large","max-video-preview":"max-video-preview:-1"},"canonical":"https:\/\/maison-chance.org\/shop\/san-pham\/banh-tiramisu-tra-xanh-t-break","og_locale":"vi_VN","og_type":"article","og_title":"B\u00e1nh Tiramisu tr\u00e0 xanh (T-break)","og_description":"Tiramisu Tr\u00e0 Xanh (T-break) t\u1eeb Nh\u00e0 May M\u1eafn kh\u00f4ng ch\u1ec9 l\u00e0 m\u1ed9t m\u00f3n b\u00e1nh ngon mi\u1ec7ng, m\u00e0 c\u00f2n l\u00e0 m\u1ed9t c\u00e1ch \u0111\u1ec3 b\u1ea1n \u1ee7ng h\u1ed9 v\u00e0 lan t\u1ecfa nh\u1eefng hy v\u1ecdng cho nh\u1eefng ng\u01b0\u1eddi tr\u1ebb khuy\u1ebft t\u1eadt. H\u00e3y th\u01b0\u1edfng th\u1ee9c h\u01b0\u01a1ng v\u1ecb \u0111\u1ed9c \u0111\u00e1o n\u00e0y v\u00e0 chia s\u1ebb v\u1edbi nh\u1eefng ng\u01b0\u1eddi th\u00e2n y\u00eau","og_url":"https:\/\/maison-chance.org\/shop\/san-pham\/banh-tiramisu-tra-xanh-t-break","og_site_name":"Nh\u00e0 May M\u1eafn - Maison Chance","article_publisher":"https:\/\/www.facebook.com\/dnxh.nhamayman\/","article_modified_time":"2024-12-10T07:47:35+00:00","og_image":[{"width":600,"height":600,"url":"https:\/\/maison-chance.org\/shop\/wp-content\/uploads\/2024\/12\/banh-tiramisu-tra-xanh-t-break.png","type":"image\/png"}],"twitter_card":"summary_large_image","twitter_misc":{"Gi\u00e1":"0.50&nbsp;&#36;","Availability":"In stock"},"schema":{"@context":"https:\/\/schema.org","@graph":[{"@type":"WebPage","@id":"https:\/\/maison-chance.org\/shop\/san-pham\/banh-tiramisu-tra-xanh-t-break","url":"https:\/\/maison-chance.org\/shop\/san-pham\/banh-tiramisu-tra-xanh-t-break","name":"B\u00e1nh Tiramisu tr\u00e0 xanh (T-break) - Nh\u00e0 May M\u1eafn - Maison Chance","isPartOf":{"@id":"https:\/\/maison-chance.org\/shop\/#website"},"primaryImageOfPage":{"@id":"https:\/\/maison-chance.org\/shop\/san-pham\/banh-tiramisu-tra-xanh-t-break#primaryimage"},"image":{"@id":"https:\/\/maison-chance.org\/shop\/san-pham\/banh-tiramisu-tra-xanh-t-break#primaryimage"},"thumbnailUrl":"https:\/\/maison-chance.org\/shop\/wp-content\/uploads\/2024\/12\/banh-tiramisu-tra-xanh-t-break.png","datePublished":"2024-12-10T07:44:01+00:00","dateModified":"2024-12-10T07:47:35+00:00","description":"Tiramisu Tr\u00e0 Xanh (T-break) t\u1eeb Nh\u00e0 May M\u1eafn kh\u00f4ng ch\u1ec9 l\u00e0 m\u1ed9t m\u00f3n b\u00e1nh ngon mi\u1ec7ng, m\u00e0 c\u00f2n l\u00e0 m\u1ed9t c\u00e1ch \u0111\u1ec3 b\u1ea1n \u1ee7ng h\u1ed9 v\u00e0 lan t\u1ecfa nh\u1eefng hy v\u1ecdng cho nh\u1eefng ng\u01b0\u1eddi tr\u1ebb khuy\u1ebft t\u1eadt. H\u00e3y th\u01b0\u1edfng th\u1ee9c h\u01b0\u01a1ng v\u1ecb \u0111\u1ed9c \u0111\u00e1o n\u00e0y v\u00e0 chia s\u1ebb v\u1edbi nh\u1eefng ng\u01b0\u1eddi th\u00e2n y\u00eau","breadcrumb":{"@id":"https:\/\/maison-chance.org\/shop\/san-pham\/banh-tiramisu-tra-xanh-t-break#breadcrumb"},"inLanguage":"vi-VN","potentialAction":[{"@type":"ReadAction","target":["https:\/\/maison-chance.org\/shop\/san-pham\/banh-tiramisu-tra-xanh-t-break"]}]},{"@type":"ImageObject","inLanguage":"vi-VN","@id":"https:\/\/maison-chance.org\/shop\/san-pham\/banh-tiramisu-tra-xanh-t-break#primaryimage","url":"https:\/\/maison-chance.org\/shop\/wp-content\/uploads\/2024\/12\/banh-tiramisu-tra-xanh-t-break.png","contentUrl":"https:\/\/maison-chance.org\/shop\/wp-content\/uploads\/2024\/12\/banh-tiramisu-tra-xanh-t-break.png","width":600,"height":600,"caption":"B\u00e1nh Tiramisu tr\u00e0 xanh (T-break)"},{"@type":"BreadcrumbList","@id":"https:\/\/maison-chance.org\/shop\/san-pham\/banh-tiramisu-tra-xanh-t-break#breadcrumb","itemListElement":[{"@type":"ListItem","position":1,"name":"Trang ch\u1ee7","item":"https:\/\/maison-chance.org\/shop\/"},{"@type":"ListItem","position":2,"name":"Shop","item":"https:\/\/maison-chance.org\/shop\/shop"},{"@type":"ListItem","position":3,"name":"B\u00e1nh Tiramisu tr\u00e0 xanh (T-break)"}]},{"@type":"WebSite","@id":"https:\/\/maison-chance.org\/shop\/#website","url":"https:\/\/maison-chance.org\/shop\/","name":"Nh\u00e0 May M\u1eafn - Maison Chance","description":"M\u1ecdi l\u1ee3i nhu\u1eadn thu v\u1ec1 t\u1eeb vi\u1ec7c b\u00e1n h\u00e0ng s\u1ebd tr\u00edch m\u1ed9t ph\u1ea7n \u0111\u1ec3 ch\u0103m lo cho \u0111\u1eddi s\u1ed1ng c\u00e1c b\u1ea1n khuy\u1ebft t\u1eadt v\u00e0 tr\u1ebb m\u1ed3 c\u00f4i \u1edf \u0111\u00e2y","publisher":{"@id":"https:\/\/maison-chance.org\/shop\/#organization"},"potentialAction":[{"@type":"SearchAction","target":{"@type":"EntryPoint","urlTemplate":"https:\/\/maison-chance.org\/shop\/?s={search_term_string}"},"query-input":{"@type":"PropertyValueSpecification","valueRequired":true,"valueName":"search_term_string"}}],"inLanguage":"vi-VN"},{"@type":"Organization","@id":"https:\/\/maison-chance.org\/shop\/#organization","name":"Nh\u00e0 May M\u1eafn - Maison Chance","url":"https:\/\/maison-chance.org\/shop\/","logo":{"@type":"ImageObject","inLanguage":"vi-VN","@id":"https:\/\/maison-chance.org\/shop\/#\/schema\/logo\/image\/","url":"https:\/\/maison-chance.org\/shop\/wp-content\/uploads\/2024\/03\/cropped-Logo_DNXH.png","contentUrl":"https:\/\/maison-chance.org\/shop\/wp-content\/uploads\/2024\/03\/cropped-Logo_DNXH.png","width":512,"height":512,"caption":"Nh\u00e0 May M\u1eafn - Maison Chance"},"image":{"@id":"https:\/\/maison-chance.org\/shop\/#\/schema\/logo\/image\/"},"sameAs":["https:\/\/www.facebook.com\/dnxh.nhamayman\/"]}]},"product_price_amount":"0.50","product_price_currency":"USD","og_availability":"instock","product_availability":"instock","product_condition":"new"},"_links":{"self":[{"href":"https:\/\/maison-chance.org\/shop\/wp-json\/wp\/v2\/product\/41387","targetHints":{"allow":["GET"]}}],"collection":[{"href":"https:\/\/maison-chance.org\/shop\/wp-json\/wp\/v2\/product"}],"about":[{"href":"https:\/\/maison-chance.org\/shop\/wp-json\/wp\/v2\/types\/product"}],"wp:featuredmedia":[{"embeddable":true,"href":"https:\/\/maison-chance.org\/shop\/wp-json\/wp\/v2\/media\/41388"}],"wp:attachment":[{"href":"https:\/\/maison-chance.org\/shop\/wp-json\/wp\/v2\/media?parent=41387"}],"wp:term":[{"taxonomy":"product_brand","embeddable":true,"href":"https:\/\/maison-chance.org\/shop\/wp-json\/wp\/v2\/product_brand?post=41387"},{"taxonomy":"product_cat","embeddable":true,"href":"https:\/\/maison-chance.org\/shop\/wp-json\/wp\/v2\/product_cat?post=41387"},{"taxonomy":"product_tag","embeddable":true,"href":"https:\/\/maison-chance.org\/shop\/wp-json\/wp\/v2\/product_tag?post=41387"}],"curies":[{"name":"wp","href":"https:\/\/api.w.org\/{rel}","templated":true}]}}