{"id":41397,"date":"2024-12-11T11:03:27","date_gmt":"2024-12-11T04:03:27","guid":{"rendered":"https:\/\/maison-chance.org\/shop?post_type=product&#038;p=41397"},"modified":"2024-12-11T11:08:32","modified_gmt":"2024-12-11T04:08:32","slug":"banh-tiramisu-so-co-la-t-break","status":"publish","type":"product","link":"https:\/\/maison-chance.org\/shop\/san-pham\/banh-tiramisu-so-co-la-t-break","title":{"rendered":"B\u00e1nh Tiramisu s\u00f4-c\u00f4-la  (T-break)"},"content":{"rendered":"<p style=\"text-align: justify;\">Tiramisu &#8211; m\u1ed9t trong nh\u1eefng m\u00f3n tr\u00e1ng mi\u1ec7ng n\u1ed5i ti\u1ebfng nh\u1ea5t c\u1ee7a n\u1ec1n \u1ea9m th\u1ef1c \u00dd, \u0111\u00e3 \u0111\u01b0\u1ee3c c\u00e1c ngh\u1ec7 nh\u00e2n b\u00e1nh c\u1ee7a Nh\u00e0 May M\u1eafn bi\u1ebfn t\u1ea5u m\u1ed9t c\u00e1ch \u0111\u1ed9c \u0111\u00e1o th\u00e0nh b\u00e1nh Tiramisu S\u00f4-c\u00f4-la T-break. S\u1ea3n ph\u1ea9m n\u00e0y kh\u00f4ng ch\u1ec9 l\u00e0 m\u1ed9t m\u00f3n b\u00e1nh ng\u1ecdt th\u00f4ng th\u01b0\u1eddng, m\u00e0 c\u00f2n l\u00e0 s\u1ef1 k\u1ebft tinh c\u1ee7a ngh\u1ec7 thu\u1eadt l\u00e0m b\u00e1nh v\u00e0 ni\u1ec1m \u0111am m\u00ea \u1ea9m th\u1ef1c.<\/p>\n<p style=\"text-align: justify;\"><a href=\"https:\/\/maison-chance.org\/shop\/san-pham\/banh-tiramisu-so-co-la-t-break\">B\u00e1nh Tiramisu S\u00f4-c\u00f4-la (T-break)<\/a> \u0111\u01b0\u1ee3c ch\u1ebf bi\u1ebfn t\u1ec9 m\u1ec9 v\u1edbi nhi\u1ec1u l\u1edbp h\u01b0\u01a1ng v\u1ecb \u0111\u1eb7c tr\u01b0ng. L\u1edbp tr\u00ean c\u00f9ng l\u00e0 b\u1ed9t ca cao nguy\u00ean ch\u1ea5t cao c\u1ea5p, t\u1ea1o n\u00ean v\u1ecb \u0111\u1eafng thanh tao \u0111\u1eb7c tr\u01b0ng c\u1ee7a chocolate. B\u00ean d\u01b0\u1edbi l\u00e0 l\u1edbp kem mascarpone tr\u1eafng ng\u00e0, m\u1ec1m m\u1ecbn nh\u01b0 nhung, \u0111\u01b0\u1ee3c \u0111\u00e1nh b\u00f4ng k\u1ef9 l\u01b0\u1ee1ng \u0111\u1ec3 \u0111\u1ea1t \u0111\u1ed9 b\u00e9o v\u1eeba ph\u1ea3i, kh\u00f4ng ng\u1ea5y.<\/p>\n<p style=\"text-align: justify;\">\u0110i\u1ec3m nh\u1ea5n \u0111\u1eb7c bi\u1ec7t c\u1ee7a b\u00e1nh n\u1eb1m \u1edf nh\u1eefng l\u1edbp b\u00e1nh gato th\u1ea5m \u0111\u1eabm c\u00e0 ph\u00ea espresso th\u01a1m n\u1ed3ng. C\u00e1c l\u1edbp b\u00e1nh \u0111\u01b0\u1ee3c x\u1ebfp xen k\u1ebd v\u1edbi kem mascarpone m\u1ed9t c\u00e1ch c\u00e2n \u0111\u1ed1i, t\u1ea1o n\u00ean t\u1ed5ng th\u1ec3 h\u00e0i h\u00f2a v\u1ec1 c\u1ea3 h\u00ecnh th\u1ee9c l\u1eabn h\u01b0\u01a1ng v\u1ecb. M\u1ed7i mi\u1ebfng b\u00e1nh \u0111\u1ec1u mang \u0111\u1ebfn tr\u1ea3i nghi\u1ec7m v\u1ecb gi\u00e1c \u0111a t\u1ea7ng: t\u1eeb v\u1ecb \u0111\u1eafng nh\u1eb9 c\u1ee7a ca cao, \u0111\u1ebfn \u0111\u1ed9 b\u00e9o m\u1ecbn c\u1ee7a kem, v\u00e0 k\u1ebft th\u00fac b\u1eb1ng h\u01b0\u01a1ng th\u01a1m \u0111\u1eb7c tr\u01b0ng c\u1ee7a c\u00e0 ph\u00ea.<\/p>\n<p style=\"text-align: justify;\">M\u1ed7i chi\u1ebfc <a href=\"https:\/\/maison-chance.org\/shop\/banh-ngot\">b\u00e1nh Tiramisu S\u00f4-c\u00f4-la<\/a> T-break \u0111\u1ec1u \u0111\u01b0\u1ee3c l\u00e0m t\u1eeb nh\u1eefng nguy\u00ean li\u1ec7u \u0111\u01b0\u1ee3c ch\u1ecdn l\u1ecdc k\u1ef9 c\u00e0ng. Kem mascarpone \u0111\u01b0\u1ee3c nh\u1eadp kh\u1ea9u tr\u1ef1c ti\u1ebfp t\u1eeb \u00dd, c\u00e0 ph\u00ea espresso \u0111\u01b0\u1ee3c pha t\u1eeb nh\u1eefng h\u1ea1t c\u00e0 ph\u00ea rang xay t\u01b0\u01a1i m\u1edbi, v\u00e0 b\u1ed9t ca cao nguy\u00ean ch\u1ea5t \u0111\u01b0\u1ee3c tuy\u1ec3n ch\u1ecdn t\u1eeb nh\u1eefng v\u00f9ng tr\u1ed3ng ca cao n\u1ed5i ti\u1ebfng.<\/p>\n<p style=\"text-align: justify;\">Quy tr\u00ecnh s\u1ea3n xu\u1ea5t \u0111\u01b0\u1ee3c gi\u00e1m s\u00e1t ch\u1eb7t ch\u1ebd theo ti\u00eau chu\u1ea9n v\u1ec7 sinh an to\u00e0n th\u1ef1c ph\u1ea9m nghi\u00eam ng\u1eb7t. M\u1ed7i c\u00f4ng \u0111o\u1ea1n t\u1eeb tr\u1ed9n b\u1ed9t, n\u01b0\u1edbng b\u00e1nh \u0111\u1ebfn \u0111\u00e1nh kem v\u00e0 trang tr\u00ed \u0111\u1ec1u \u0111\u01b0\u1ee3c th\u1ef1c hi\u1ec7n t\u1ec9 m\u1ec9, chu \u0111\u00e1o \u0111\u1ec3 \u0111\u1ea3m b\u1ea3o ch\u1ea5t l\u01b0\u1ee3ng t\u1ed1t nh\u1ea5t cho ng\u01b0\u1eddi ti\u00eau d\u00f9ng.<\/p>\n<p style=\"text-align: justify;\">H\u00e3y \u0111\u1ec3 <a href=\"https:\/\/maison-chance.org\/shop\/phong-banh\">b\u00e1nh Tiramisu<\/a> S\u00f4-c\u00f4-la T-break t\u1eeb <a href=\"https:\/\/maison-chance.org\/shop\">Nh\u00e0 May M\u1eafn<\/a> l\u00e0m ng\u1ecdt ng\u00e0o th\u00eam nh\u1eefng bu\u1ed5i h\u1ecdp m\u1eb7t gia \u0111\u00ecnh, nh\u1eefng bu\u1ed5i ti\u1ec7c tr\u00e0 chi\u1ec1u sang tr\u1ecdng hay \u0111\u01a1n gi\u1ea3n l\u00e0 m\u00f3n tr\u00e1ng mi\u1ec7ng ho\u00e0n h\u1ea3o cho b\u1eefa \u0103n c\u1ee7a b\u1ea1n. V\u1edbi gi\u00e1 th\u00e0nh h\u1ee3p l\u00fd c\u00f9ng ch\u1ea5t l\u01b0\u1ee3ng \u0111\u1ea3m b\u1ea3o, s\u1ea3n ph\u1ea9m c\u1ee7a ch\u00fang t\u00f4i kh\u00f4ng ch\u1ec9 mang \u0111\u1ebfn ni\u1ec1m vui \u1ea9m th\u1ef1c m\u00e0 c\u00f2n g\u00f3p ph\u1ea7n t\u1ea1o n\u00ean nh\u1eefng gi\u00e1 tr\u1ecb t\u00edch c\u1ef1c cho c\u1ed9ng \u0111\u1ed3ng.<\/p>\n","protected":false},"excerpt":{"rendered":"<p style=\"text-align: justify;\">S\u1ea3n ph\u1ea9m b\u00e1nh ng\u1ecdt \u0111\u01b0\u1ee3c l\u00e0m t\u1eeb c\u00e1c b\u1ea1n tr\u1ebb m\u1ed3 c\u00f4i hi\u1ec7n \u0111ang \u0111\u01b0\u1ee3c Nh\u00e0 May M\u1eafn &#8211; Maison Chance nu\u00f4i d\u01b0\u1ee1ng. K\u00ednh mong nh\u1eadn \u0111\u01b0\u1ee3c s\u1ef1 \u1ee7ng h\u1ed9 c\u1ee7a Qu\u00fd kh\u00e1ch!<\/p>\n<p>Hotline : <span style=\"font-size: 20px;\"><strong><span style=\"color: #ff0000;\">0909 06 25 28<\/span><\/strong><\/span><\/p>\n","protected":false},"featured_media":41398,"template":"","meta":[],"product_brand":[],"product_cat":[153,150],"product_tag":[],"class_list":{"0":"post-41397","1":"product","2":"type-product","3":"status-publish","4":"has-post-thumbnail","6":"product_cat-banh-ngot","7":"product_cat-phong-banh","9":"first","10":"instock","11":"shipping-taxable","12":"purchasable","13":"product-type-simple"},"yoast_head":"<!-- This site is optimized with the Yoast SEO Premium plugin v22.7 (Yoast SEO v25.3.1) - https:\/\/yoast.com\/wordpress\/plugins\/seo\/ -->\n<title>B\u00e1nh Tiramisu s\u00f4-c\u00f4-la (T-break) - Nh\u00e0 May M\u1eafn - Maison Chance<\/title>\n<meta name=\"description\" content=\"H\u00e3y \u0111\u1ec3 b\u00e1nh Tiramisu S\u00f4-c\u00f4-la T-break t\u1eeb Nh\u00e0 May M\u1eafn l\u00e0m ng\u1ecdt ng\u00e0o th\u00eam nh\u1eefng bu\u1ed5i h\u1ecdp m\u1eb7t gia \u0111\u00ecnh, nh\u1eefng bu\u1ed5i ti\u1ec7c tr\u00e0 chi\u1ec1u sang tr\u1ecdng hay \u0111\u01a1n gi\u1ea3n l\u00e0 m\u00f3n tr\u00e1ng mi\u1ec7ng ho\u00e0n h\u1ea3o cho b\u1eefa \u0103n c\u1ee7a b\u1ea1n\" \/>\n<meta name=\"robots\" content=\"index, follow, max-snippet:-1, max-image-preview:large, max-video-preview:-1\" \/>\n<link rel=\"canonical\" href=\"https:\/\/maison-chance.org\/shop\/san-pham\/banh-tiramisu-so-co-la-t-break\" \/>\n<meta property=\"og:locale\" content=\"vi_VN\" \/>\n<meta property=\"og:type\" content=\"article\" \/>\n<meta property=\"og:title\" content=\"B\u00e1nh Tiramisu s\u00f4-c\u00f4-la (T-break)\" \/>\n<meta property=\"og:description\" content=\"H\u00e3y \u0111\u1ec3 b\u00e1nh Tiramisu S\u00f4-c\u00f4-la T-break t\u1eeb Nh\u00e0 May M\u1eafn l\u00e0m ng\u1ecdt ng\u00e0o th\u00eam nh\u1eefng bu\u1ed5i h\u1ecdp m\u1eb7t gia \u0111\u00ecnh, nh\u1eefng bu\u1ed5i ti\u1ec7c tr\u00e0 chi\u1ec1u sang tr\u1ecdng hay \u0111\u01a1n gi\u1ea3n l\u00e0 m\u00f3n tr\u00e1ng mi\u1ec7ng ho\u00e0n h\u1ea3o cho b\u1eefa \u0103n c\u1ee7a b\u1ea1n\" \/>\n<meta property=\"og:url\" content=\"https:\/\/maison-chance.org\/shop\/san-pham\/banh-tiramisu-so-co-la-t-break\" \/>\n<meta property=\"og:site_name\" content=\"Nh\u00e0 May M\u1eafn - Maison Chance\" \/>\n<meta property=\"article:publisher\" content=\"https:\/\/www.facebook.com\/dnxh.nhamayman\/\" \/>\n<meta property=\"article:modified_time\" content=\"2024-12-11T04:08:32+00:00\" \/>\n<meta property=\"og:image\" content=\"https:\/\/maison-chance.org\/shop\/wp-content\/uploads\/2024\/12\/banh-tiramisu-so-co-la-t-break.png\" \/>\n\t<meta property=\"og:image:width\" content=\"600\" \/>\n\t<meta property=\"og:image:height\" content=\"600\" \/>\n\t<meta property=\"og:image:type\" content=\"image\/png\" \/>\n<meta name=\"twitter:card\" content=\"summary_large_image\" \/>\n<meta name=\"twitter:label1\" content=\"Gi\u00e1\" \/>\n\t<meta name=\"twitter:data1\" content=\"0.50&nbsp;&#036;\" \/>\n\t<meta name=\"twitter:label2\" content=\"Availability\" \/>\n\t<meta name=\"twitter:data2\" content=\"In stock\" \/>\n<script type=\"application\/ld+json\" class=\"yoast-schema-graph\">{\"@context\":\"https:\/\/schema.org\",\"@graph\":[{\"@type\":\"WebPage\",\"@id\":\"https:\/\/maison-chance.org\/shop\/san-pham\/banh-tiramisu-so-co-la-t-break\",\"url\":\"https:\/\/maison-chance.org\/shop\/san-pham\/banh-tiramisu-so-co-la-t-break\",\"name\":\"B\u00e1nh Tiramisu s\u00f4-c\u00f4-la (T-break) - Nh\u00e0 May M\u1eafn - Maison Chance\",\"isPartOf\":{\"@id\":\"https:\/\/maison-chance.org\/shop\/#website\"},\"primaryImageOfPage\":{\"@id\":\"https:\/\/maison-chance.org\/shop\/san-pham\/banh-tiramisu-so-co-la-t-break#primaryimage\"},\"image\":{\"@id\":\"https:\/\/maison-chance.org\/shop\/san-pham\/banh-tiramisu-so-co-la-t-break#primaryimage\"},\"thumbnailUrl\":\"https:\/\/maison-chance.org\/shop\/wp-content\/uploads\/2024\/12\/banh-tiramisu-so-co-la-t-break.png\",\"datePublished\":\"2024-12-11T04:03:27+00:00\",\"dateModified\":\"2024-12-11T04:08:32+00:00\",\"description\":\"H\u00e3y \u0111\u1ec3 b\u00e1nh Tiramisu S\u00f4-c\u00f4-la T-break t\u1eeb Nh\u00e0 May M\u1eafn l\u00e0m ng\u1ecdt ng\u00e0o th\u00eam nh\u1eefng bu\u1ed5i h\u1ecdp m\u1eb7t gia \u0111\u00ecnh, nh\u1eefng bu\u1ed5i ti\u1ec7c tr\u00e0 chi\u1ec1u sang tr\u1ecdng hay \u0111\u01a1n gi\u1ea3n l\u00e0 m\u00f3n tr\u00e1ng mi\u1ec7ng ho\u00e0n h\u1ea3o cho b\u1eefa \u0103n c\u1ee7a b\u1ea1n\",\"breadcrumb\":{\"@id\":\"https:\/\/maison-chance.org\/shop\/san-pham\/banh-tiramisu-so-co-la-t-break#breadcrumb\"},\"inLanguage\":\"vi-VN\",\"potentialAction\":[{\"@type\":\"ReadAction\",\"target\":[\"https:\/\/maison-chance.org\/shop\/san-pham\/banh-tiramisu-so-co-la-t-break\"]}]},{\"@type\":\"ImageObject\",\"inLanguage\":\"vi-VN\",\"@id\":\"https:\/\/maison-chance.org\/shop\/san-pham\/banh-tiramisu-so-co-la-t-break#primaryimage\",\"url\":\"https:\/\/maison-chance.org\/shop\/wp-content\/uploads\/2024\/12\/banh-tiramisu-so-co-la-t-break.png\",\"contentUrl\":\"https:\/\/maison-chance.org\/shop\/wp-content\/uploads\/2024\/12\/banh-tiramisu-so-co-la-t-break.png\",\"width\":600,\"height\":600,\"caption\":\"B\u00e1nh Tiramisu s\u00f4-c\u00f4-la (T-break)\"},{\"@type\":\"BreadcrumbList\",\"@id\":\"https:\/\/maison-chance.org\/shop\/san-pham\/banh-tiramisu-so-co-la-t-break#breadcrumb\",\"itemListElement\":[{\"@type\":\"ListItem\",\"position\":1,\"name\":\"Trang ch\u1ee7\",\"item\":\"https:\/\/maison-chance.org\/shop\/\"},{\"@type\":\"ListItem\",\"position\":2,\"name\":\"Shop\",\"item\":\"https:\/\/maison-chance.org\/shop\/shop\"},{\"@type\":\"ListItem\",\"position\":3,\"name\":\"B\u00e1nh Tiramisu s\u00f4-c\u00f4-la (T-break)\"}]},{\"@type\":\"WebSite\",\"@id\":\"https:\/\/maison-chance.org\/shop\/#website\",\"url\":\"https:\/\/maison-chance.org\/shop\/\",\"name\":\"Nh\u00e0 May M\u1eafn - Maison Chance\",\"description\":\"M\u1ecdi l\u1ee3i nhu\u1eadn thu v\u1ec1 t\u1eeb vi\u1ec7c b\u00e1n h\u00e0ng s\u1ebd tr\u00edch m\u1ed9t ph\u1ea7n \u0111\u1ec3 ch\u0103m lo cho \u0111\u1eddi s\u1ed1ng c\u00e1c b\u1ea1n khuy\u1ebft t\u1eadt v\u00e0 tr\u1ebb m\u1ed3 c\u00f4i \u1edf \u0111\u00e2y\",\"publisher\":{\"@id\":\"https:\/\/maison-chance.org\/shop\/#organization\"},\"potentialAction\":[{\"@type\":\"SearchAction\",\"target\":{\"@type\":\"EntryPoint\",\"urlTemplate\":\"https:\/\/maison-chance.org\/shop\/?s={search_term_string}\"},\"query-input\":{\"@type\":\"PropertyValueSpecification\",\"valueRequired\":true,\"valueName\":\"search_term_string\"}}],\"inLanguage\":\"vi-VN\"},{\"@type\":\"Organization\",\"@id\":\"https:\/\/maison-chance.org\/shop\/#organization\",\"name\":\"Nh\u00e0 May M\u1eafn - Maison Chance\",\"url\":\"https:\/\/maison-chance.org\/shop\/\",\"logo\":{\"@type\":\"ImageObject\",\"inLanguage\":\"vi-VN\",\"@id\":\"https:\/\/maison-chance.org\/shop\/#\/schema\/logo\/image\/\",\"url\":\"https:\/\/maison-chance.org\/shop\/wp-content\/uploads\/2024\/03\/cropped-Logo_DNXH.png\",\"contentUrl\":\"https:\/\/maison-chance.org\/shop\/wp-content\/uploads\/2024\/03\/cropped-Logo_DNXH.png\",\"width\":512,\"height\":512,\"caption\":\"Nh\u00e0 May M\u1eafn - Maison Chance\"},\"image\":{\"@id\":\"https:\/\/maison-chance.org\/shop\/#\/schema\/logo\/image\/\"},\"sameAs\":[\"https:\/\/www.facebook.com\/dnxh.nhamayman\/\"]}]}<\/script>\n<meta property=\"product:price:amount\" content=\"0.50\" \/>\n<meta property=\"product:price:currency\" content=\"USD\" \/>\n<meta property=\"og:availability\" content=\"instock\" \/>\n<meta property=\"product:availability\" content=\"instock\" \/>\n<meta property=\"product:condition\" content=\"new\" \/>\n<!-- \/ Yoast SEO Premium plugin. -->","yoast_head_json":{"title":"B\u00e1nh Tiramisu s\u00f4-c\u00f4-la (T-break) - Nh\u00e0 May M\u1eafn - Maison Chance","description":"H\u00e3y \u0111\u1ec3 b\u00e1nh Tiramisu S\u00f4-c\u00f4-la T-break t\u1eeb Nh\u00e0 May M\u1eafn l\u00e0m ng\u1ecdt ng\u00e0o th\u00eam nh\u1eefng bu\u1ed5i h\u1ecdp m\u1eb7t gia \u0111\u00ecnh, nh\u1eefng bu\u1ed5i ti\u1ec7c tr\u00e0 chi\u1ec1u sang tr\u1ecdng hay \u0111\u01a1n gi\u1ea3n l\u00e0 m\u00f3n tr\u00e1ng mi\u1ec7ng ho\u00e0n h\u1ea3o cho b\u1eefa \u0103n c\u1ee7a b\u1ea1n","robots":{"index":"index","follow":"follow","max-snippet":"max-snippet:-1","max-image-preview":"max-image-preview:large","max-video-preview":"max-video-preview:-1"},"canonical":"https:\/\/maison-chance.org\/shop\/san-pham\/banh-tiramisu-so-co-la-t-break","og_locale":"vi_VN","og_type":"article","og_title":"B\u00e1nh Tiramisu s\u00f4-c\u00f4-la (T-break)","og_description":"H\u00e3y \u0111\u1ec3 b\u00e1nh Tiramisu S\u00f4-c\u00f4-la T-break t\u1eeb Nh\u00e0 May M\u1eafn l\u00e0m ng\u1ecdt ng\u00e0o th\u00eam nh\u1eefng bu\u1ed5i h\u1ecdp m\u1eb7t gia \u0111\u00ecnh, nh\u1eefng bu\u1ed5i ti\u1ec7c tr\u00e0 chi\u1ec1u sang tr\u1ecdng hay \u0111\u01a1n gi\u1ea3n l\u00e0 m\u00f3n tr\u00e1ng mi\u1ec7ng ho\u00e0n h\u1ea3o cho b\u1eefa \u0103n c\u1ee7a b\u1ea1n","og_url":"https:\/\/maison-chance.org\/shop\/san-pham\/banh-tiramisu-so-co-la-t-break","og_site_name":"Nh\u00e0 May M\u1eafn - Maison Chance","article_publisher":"https:\/\/www.facebook.com\/dnxh.nhamayman\/","article_modified_time":"2024-12-11T04:08:32+00:00","og_image":[{"width":600,"height":600,"url":"https:\/\/maison-chance.org\/shop\/wp-content\/uploads\/2024\/12\/banh-tiramisu-so-co-la-t-break.png","type":"image\/png"}],"twitter_card":"summary_large_image","twitter_misc":{"Gi\u00e1":"0.50&nbsp;&#36;","Availability":"In stock"},"schema":{"@context":"https:\/\/schema.org","@graph":[{"@type":"WebPage","@id":"https:\/\/maison-chance.org\/shop\/san-pham\/banh-tiramisu-so-co-la-t-break","url":"https:\/\/maison-chance.org\/shop\/san-pham\/banh-tiramisu-so-co-la-t-break","name":"B\u00e1nh Tiramisu s\u00f4-c\u00f4-la (T-break) - Nh\u00e0 May M\u1eafn - Maison Chance","isPartOf":{"@id":"https:\/\/maison-chance.org\/shop\/#website"},"primaryImageOfPage":{"@id":"https:\/\/maison-chance.org\/shop\/san-pham\/banh-tiramisu-so-co-la-t-break#primaryimage"},"image":{"@id":"https:\/\/maison-chance.org\/shop\/san-pham\/banh-tiramisu-so-co-la-t-break#primaryimage"},"thumbnailUrl":"https:\/\/maison-chance.org\/shop\/wp-content\/uploads\/2024\/12\/banh-tiramisu-so-co-la-t-break.png","datePublished":"2024-12-11T04:03:27+00:00","dateModified":"2024-12-11T04:08:32+00:00","description":"H\u00e3y \u0111\u1ec3 b\u00e1nh Tiramisu S\u00f4-c\u00f4-la T-break t\u1eeb Nh\u00e0 May M\u1eafn l\u00e0m ng\u1ecdt ng\u00e0o th\u00eam nh\u1eefng bu\u1ed5i h\u1ecdp m\u1eb7t gia \u0111\u00ecnh, nh\u1eefng bu\u1ed5i ti\u1ec7c tr\u00e0 chi\u1ec1u sang tr\u1ecdng hay \u0111\u01a1n gi\u1ea3n l\u00e0 m\u00f3n tr\u00e1ng mi\u1ec7ng ho\u00e0n h\u1ea3o cho b\u1eefa \u0103n c\u1ee7a b\u1ea1n","breadcrumb":{"@id":"https:\/\/maison-chance.org\/shop\/san-pham\/banh-tiramisu-so-co-la-t-break#breadcrumb"},"inLanguage":"vi-VN","potentialAction":[{"@type":"ReadAction","target":["https:\/\/maison-chance.org\/shop\/san-pham\/banh-tiramisu-so-co-la-t-break"]}]},{"@type":"ImageObject","inLanguage":"vi-VN","@id":"https:\/\/maison-chance.org\/shop\/san-pham\/banh-tiramisu-so-co-la-t-break#primaryimage","url":"https:\/\/maison-chance.org\/shop\/wp-content\/uploads\/2024\/12\/banh-tiramisu-so-co-la-t-break.png","contentUrl":"https:\/\/maison-chance.org\/shop\/wp-content\/uploads\/2024\/12\/banh-tiramisu-so-co-la-t-break.png","width":600,"height":600,"caption":"B\u00e1nh Tiramisu s\u00f4-c\u00f4-la (T-break)"},{"@type":"BreadcrumbList","@id":"https:\/\/maison-chance.org\/shop\/san-pham\/banh-tiramisu-so-co-la-t-break#breadcrumb","itemListElement":[{"@type":"ListItem","position":1,"name":"Trang ch\u1ee7","item":"https:\/\/maison-chance.org\/shop\/"},{"@type":"ListItem","position":2,"name":"Shop","item":"https:\/\/maison-chance.org\/shop\/shop"},{"@type":"ListItem","position":3,"name":"B\u00e1nh Tiramisu s\u00f4-c\u00f4-la (T-break)"}]},{"@type":"WebSite","@id":"https:\/\/maison-chance.org\/shop\/#website","url":"https:\/\/maison-chance.org\/shop\/","name":"Nh\u00e0 May M\u1eafn - Maison Chance","description":"M\u1ecdi l\u1ee3i nhu\u1eadn thu v\u1ec1 t\u1eeb vi\u1ec7c b\u00e1n h\u00e0ng s\u1ebd tr\u00edch m\u1ed9t ph\u1ea7n \u0111\u1ec3 ch\u0103m lo cho \u0111\u1eddi s\u1ed1ng c\u00e1c b\u1ea1n khuy\u1ebft t\u1eadt v\u00e0 tr\u1ebb m\u1ed3 c\u00f4i \u1edf \u0111\u00e2y","publisher":{"@id":"https:\/\/maison-chance.org\/shop\/#organization"},"potentialAction":[{"@type":"SearchAction","target":{"@type":"EntryPoint","urlTemplate":"https:\/\/maison-chance.org\/shop\/?s={search_term_string}"},"query-input":{"@type":"PropertyValueSpecification","valueRequired":true,"valueName":"search_term_string"}}],"inLanguage":"vi-VN"},{"@type":"Organization","@id":"https:\/\/maison-chance.org\/shop\/#organization","name":"Nh\u00e0 May M\u1eafn - Maison Chance","url":"https:\/\/maison-chance.org\/shop\/","logo":{"@type":"ImageObject","inLanguage":"vi-VN","@id":"https:\/\/maison-chance.org\/shop\/#\/schema\/logo\/image\/","url":"https:\/\/maison-chance.org\/shop\/wp-content\/uploads\/2024\/03\/cropped-Logo_DNXH.png","contentUrl":"https:\/\/maison-chance.org\/shop\/wp-content\/uploads\/2024\/03\/cropped-Logo_DNXH.png","width":512,"height":512,"caption":"Nh\u00e0 May M\u1eafn - Maison Chance"},"image":{"@id":"https:\/\/maison-chance.org\/shop\/#\/schema\/logo\/image\/"},"sameAs":["https:\/\/www.facebook.com\/dnxh.nhamayman\/"]}]},"product_price_amount":"0.50","product_price_currency":"USD","og_availability":"instock","product_availability":"instock","product_condition":"new"},"_links":{"self":[{"href":"https:\/\/maison-chance.org\/shop\/wp-json\/wp\/v2\/product\/41397","targetHints":{"allow":["GET"]}}],"collection":[{"href":"https:\/\/maison-chance.org\/shop\/wp-json\/wp\/v2\/product"}],"about":[{"href":"https:\/\/maison-chance.org\/shop\/wp-json\/wp\/v2\/types\/product"}],"wp:featuredmedia":[{"embeddable":true,"href":"https:\/\/maison-chance.org\/shop\/wp-json\/wp\/v2\/media\/41398"}],"wp:attachment":[{"href":"https:\/\/maison-chance.org\/shop\/wp-json\/wp\/v2\/media?parent=41397"}],"wp:term":[{"taxonomy":"product_brand","embeddable":true,"href":"https:\/\/maison-chance.org\/shop\/wp-json\/wp\/v2\/product_brand?post=41397"},{"taxonomy":"product_cat","embeddable":true,"href":"https:\/\/maison-chance.org\/shop\/wp-json\/wp\/v2\/product_cat?post=41397"},{"taxonomy":"product_tag","embeddable":true,"href":"https:\/\/maison-chance.org\/shop\/wp-json\/wp\/v2\/product_tag?post=41397"}],"curies":[{"name":"wp","href":"https:\/\/api.w.org\/{rel}","templated":true}]}}