{"id":41406,"date":"2024-12-11T14:00:08","date_gmt":"2024-12-11T07:00:08","guid":{"rendered":"https:\/\/maison-chance.org\/shop?post_type=product&#038;p=41406"},"modified":"2024-12-11T14:02:55","modified_gmt":"2024-12-11T07:02:55","slug":"banh-chanh-day-t-break","status":"publish","type":"product","link":"https:\/\/maison-chance.org\/shop\/san-pham\/banh-chanh-day-t-break","title":{"rendered":"B\u00e1nh chanh d\u00e2y (T-break)"},"content":{"rendered":"<p style=\"text-align: justify;\"><a href=\"https:\/\/maison-chance.org\/shop\/san-pham\/banh-chanh-day-t-break\">B\u00e1nh chanh d\u00e2y (T-break)<\/a> \u0111\u01b0\u1ee3c ch\u1ebf bi\u1ebfn t\u1eeb nh\u1eefng nguy\u00ean li\u1ec7u t\u01b0\u01a1i ngon nh\u1ea5t, v\u1edbi l\u1edbp b\u00e1nh gato v\u00e0ng \u01b0\u01a1m x\u1ed1p m\u1ec1m l\u00e0m n\u1ec1n t\u1ea3ng. \u0110i\u1ec3m nh\u1ea5n \u0111\u1eb7c bi\u1ec7t n\u1eb1m \u1edf l\u1edbp kem chanh d\u00e2y \u0111\u1ed9c \u0111\u00e1o v\u1edbi m\u00e0u v\u00e0ng t\u1ef1 nhi\u00ean quy\u1ebfn r\u0169, mang \u0111\u1ebfn h\u01b0\u01a1ng v\u1ecb chua ng\u1ecdt h\u00e0i h\u00f2a, kh\u00f4ng qu\u00e1 g\u1eaft m\u00e0 v\u1eabn gi\u1eef \u0111\u01b0\u1ee3c \u0111\u1ed9 thanh m\u00e1t \u0111\u1eb7c tr\u01b0ng c\u1ee7a tr\u00e1i chanh d\u00e2y.<\/p>\n<p style=\"text-align: justify;\">C\u1ea5u tr\u00fac b\u00e1nh \u0111\u01b0\u1ee3c thi\u1ebft k\u1ebf v\u1edbi hai l\u1edbp b\u00e1nh gato m\u1ec1m m\u1ecbn, xen gi\u1eefa l\u00e0 l\u1edbp kem chanh d\u00e2y b\u00e9o ng\u1eady. Ph\u1ea7n kem ph\u1ee7 b\u00ean tr\u00ean c\u00f3 \u0111\u1ed9 b\u00f3ng \u0111\u1eb9p m\u1eaft, \u0111\u01b0\u1ee3c trang tr\u00ed tinh t\u1ebf v\u1edbi vi\u1ec7t qu\u1ea5t t\u01b0\u01a1i v\u00e0 nh\u1eefng \u0111i\u1ec3m nh\u1ea5n kem tr\u1eafng thanh nh\u00e3, t\u1ea1o n\u00ean m\u1ed9t t\u1ed5ng th\u1ec3 h\u00e0i h\u00f2a v\u1ec1 m\u00e0u s\u1eafc v\u00e0 h\u01b0\u01a1ng v\u1ecb.<\/p>\n<p style=\"text-align: justify;\">M\u1ed7i chi\u1ebfc b\u00e1nh \u0111\u01b0\u1ee3c l\u00e0m ra t\u1eeb quy tr\u00ecnh s\u1ea3n xu\u1ea5t nghi\u00eam ng\u1eb7t, tu\u00e2n th\u1ee7 c\u00e1c ti\u00eau chu\u1ea9n v\u1ec7 sinh an to\u00e0n th\u1ef1c ph\u1ea9m. Nh\u00e0 May M\u1eafn t\u1ef1 h\u00e0o \u00e1p d\u1ee5ng c\u00f4ng ngh\u1ec7 hi\u1ec7n \u0111\u1ea1i trong vi\u1ec7c ch\u1ebf bi\u1ebfn, \u0111\u1ea3m b\u1ea3o m\u1ed7i chi\u1ebfc <a href=\"https:\/\/maison-chance.org\/shop\/phong-banh\">b\u00e1nh ng\u1ecdt<\/a> \u0111\u1ec1u \u0111\u1ea1t chu\u1ea9n v\u1ec1 ch\u1ea5t l\u01b0\u1ee3ng v\u00e0 h\u01b0\u01a1ng v\u1ecb.<\/p>\n<p style=\"text-align: justify;\">H\u01b0\u01a1ng v\u1ecb t\u1ef1 nhi\u00ean t\u1eeb chanh d\u00e2y t\u01b0\u01a1i<\/p>\n<p style=\"text-align: justify;\">\u0110\u1ed9 ng\u1ecdt v\u1eeba ph\u1ea3i, ph\u00f9 h\u1ee3p v\u1edbi kh\u1ea9u v\u1ecb ng\u01b0\u1eddi Vi\u1ec7t<\/p>\n<p style=\"text-align: justify;\">K\u1ebft c\u1ea5u m\u1ec1m m\u1ecbn, d\u1ec5 d\u00e0ng th\u01b0\u1edfng th\u1ee9c<\/p>\n<p style=\"text-align: justify;\">Trang tr\u00ed tinh t\u1ebf, b\u1eaft m\u1eaft<\/p>\n<p style=\"text-align: justify;\">\u0110\u00f3ng g\u00f3i c\u1ea9n th\u1eadn, gi\u1eef nguy\u00ean h\u01b0\u01a1ng v\u1ecb<\/p>\n<p style=\"text-align: justify;\"><a href=\"https:\/\/maison-chance.org\/shop\/banh-ngot\">B\u00e1nh chanh d\u00e2y Nh\u00e0 May M\u1eafn<\/a> kh\u00f4ng ch\u1ec9 l\u00e0 m\u1ed9t m\u00f3n tr\u00e1ng mi\u1ec7ng th\u01a1m ngon m\u00e0 c\u00f2n l\u00e0 s\u1ef1 l\u1ef1a ch\u1ecdn ho\u00e0n h\u1ea3o cho nh\u1eefng d\u1ecbp \u0111\u1eb7c bi\u1ec7t. M\u1ed7i chi\u1ebfc b\u00e1nh \u0111\u01b0\u1ee3c t\u1ea1o ra v\u1edbi t\u1ea5t c\u1ea3 t\u00e2m huy\u1ebft v\u00e0 k\u1ef9 thu\u1eadt chuy\u00ean nghi\u1ec7p, mang \u0111\u1ebfn cho kh\u00e1ch h\u00e0ng nh\u1eefng tr\u1ea3i nghi\u1ec7m \u1ea9m th\u1ef1c tuy\u1ec7t v\u1eddi nh\u1ea5t.<\/p>\n<p style=\"text-align: justify;\">H\u00e3y \u0111\u1ebfn v\u1edbi <a href=\"https:\/\/maison-chance.org\/shop\">Nh\u00e0 May M\u1eafn<\/a> \u0111\u1ec3 th\u01b0\u1edfng th\u1ee9c nh\u1eefng chi\u1ebfc b\u00e1nh chanh d\u00e2y tuy\u1ec7t h\u1ea3o n\u00e0y. M\u1ed7i \u0111\u01a1n \u0111\u1eb7t h\u00e0ng c\u1ee7a b\u1ea1n kh\u00f4ng ch\u1ec9 l\u00e0 s\u1ef1 l\u1ef1a ch\u1ecdn m\u1ed9t m\u00f3n b\u00e1nh ngon m\u00e0 c\u00f2n l\u00e0 s\u1ef1 \u1ee7ng h\u1ed9 qu\u00fd b\u00e1u v\u1edbi Nh\u00e0 May M\u1eafn, g\u00f3p ph\u1ea7n t\u1ea1o n\u00ean nh\u1eefng gi\u00e1 tr\u1ecb t\u00edch c\u1ef1c cho c\u1ed9ng \u0111\u1ed3ng.<\/p>\n","protected":false},"excerpt":{"rendered":"<p style=\"text-align: justify;\">S\u1ea3n ph\u1ea9m b\u00e1nh ng\u1ecdt \u0111\u01b0\u1ee3c l\u00e0m t\u1eeb c\u00e1c b\u1ea1n tr\u1ebb m\u1ed3 c\u00f4i hi\u1ec7n \u0111ang \u0111\u01b0\u1ee3c Nh\u00e0 May M\u1eafn &#8211; Maison Chance nu\u00f4i d\u01b0\u1ee1ng. K\u00ednh mong nh\u1eadn \u0111\u01b0\u1ee3c s\u1ef1 \u1ee7ng h\u1ed9 c\u1ee7a Qu\u00fd kh\u00e1ch!<\/p>\n<p>Hotline : <span style=\"font-size: 20px;\"><strong><span style=\"color: #ff0000;\">0909 06 25 28<\/span><\/strong><\/span><\/p>\n","protected":false},"featured_media":41407,"template":"","meta":[],"product_brand":[],"product_cat":[153,150],"product_tag":[],"class_list":{"0":"post-41406","1":"product","2":"type-product","3":"status-publish","4":"has-post-thumbnail","6":"product_cat-banh-ngot","7":"product_cat-phong-banh","9":"first","10":"instock","11":"shipping-taxable","12":"purchasable","13":"product-type-simple"},"yoast_head":"<!-- This site is optimized with the Yoast SEO Premium plugin v22.7 (Yoast SEO v25.3.1) - https:\/\/yoast.com\/wordpress\/plugins\/seo\/ -->\n<title>B\u00e1nh chanh d\u00e2y (T-break) - Nh\u00e0 May M\u1eafn - Maison Chance<\/title>\n<meta name=\"description\" content=\"B\u00e1nh chanh d\u00e2y Nh\u00e0 May M\u1eafn kh\u00f4ng ch\u1ec9 l\u00e0 m\u1ed9t m\u00f3n tr\u00e1ng mi\u1ec7ng th\u01a1m ngon m\u00e0 c\u00f2n l\u00e0 s\u1ef1 l\u1ef1a ch\u1ecdn ho\u00e0n h\u1ea3o cho nh\u1eefng d\u1ecbp \u0111\u1eb7c bi\u1ec7t. M\u1ed7i chi\u1ebfc b\u00e1nh \u0111\u01b0\u1ee3c t\u1ea1o ra v\u1edbi t\u1ea5t c\u1ea3 t\u00e2m huy\u1ebft v\u00e0 k\u1ef9 thu\u1eadt chuy\u00ean nghi\u1ec7p, mang \u0111\u1ebfn cho kh\u00e1ch h\u00e0ng nh\u1eefng tr\u1ea3i nghi\u1ec7m \u1ea9m th\u1ef1c tuy\u1ec7t v\u1eddi nh\u1ea5t.\" \/>\n<meta name=\"robots\" content=\"index, follow, max-snippet:-1, max-image-preview:large, max-video-preview:-1\" \/>\n<link rel=\"canonical\" href=\"https:\/\/maison-chance.org\/shop\/san-pham\/banh-chanh-day-t-break\" \/>\n<meta property=\"og:locale\" content=\"vi_VN\" \/>\n<meta property=\"og:type\" content=\"article\" \/>\n<meta property=\"og:title\" content=\"B\u00e1nh chanh d\u00e2y (T-break)\" \/>\n<meta property=\"og:description\" content=\"B\u00e1nh chanh d\u00e2y Nh\u00e0 May M\u1eafn kh\u00f4ng ch\u1ec9 l\u00e0 m\u1ed9t m\u00f3n tr\u00e1ng mi\u1ec7ng th\u01a1m ngon m\u00e0 c\u00f2n l\u00e0 s\u1ef1 l\u1ef1a ch\u1ecdn ho\u00e0n h\u1ea3o cho nh\u1eefng d\u1ecbp \u0111\u1eb7c bi\u1ec7t. M\u1ed7i chi\u1ebfc b\u00e1nh \u0111\u01b0\u1ee3c t\u1ea1o ra v\u1edbi t\u1ea5t c\u1ea3 t\u00e2m huy\u1ebft v\u00e0 k\u1ef9 thu\u1eadt chuy\u00ean nghi\u1ec7p, mang \u0111\u1ebfn cho kh\u00e1ch h\u00e0ng nh\u1eefng tr\u1ea3i nghi\u1ec7m \u1ea9m th\u1ef1c tuy\u1ec7t v\u1eddi nh\u1ea5t.\" \/>\n<meta property=\"og:url\" content=\"https:\/\/maison-chance.org\/shop\/san-pham\/banh-chanh-day-t-break\" \/>\n<meta property=\"og:site_name\" content=\"Nh\u00e0 May M\u1eafn - Maison Chance\" \/>\n<meta property=\"article:publisher\" content=\"https:\/\/www.facebook.com\/dnxh.nhamayman\/\" \/>\n<meta property=\"article:modified_time\" content=\"2024-12-11T07:02:55+00:00\" \/>\n<meta property=\"og:image\" content=\"https:\/\/maison-chance.org\/shop\/wp-content\/uploads\/2024\/12\/banh-chanh-day-t-break.png\" \/>\n\t<meta property=\"og:image:width\" content=\"600\" \/>\n\t<meta property=\"og:image:height\" content=\"600\" \/>\n\t<meta property=\"og:image:type\" content=\"image\/png\" \/>\n<meta name=\"twitter:card\" content=\"summary_large_image\" \/>\n<meta name=\"twitter:label1\" content=\"Gi\u00e1\" \/>\n\t<meta name=\"twitter:data1\" content=\"0.50&nbsp;&#036;\" \/>\n\t<meta name=\"twitter:label2\" content=\"Availability\" \/>\n\t<meta name=\"twitter:data2\" content=\"In stock\" \/>\n<script type=\"application\/ld+json\" class=\"yoast-schema-graph\">{\"@context\":\"https:\/\/schema.org\",\"@graph\":[{\"@type\":\"WebPage\",\"@id\":\"https:\/\/maison-chance.org\/shop\/san-pham\/banh-chanh-day-t-break\",\"url\":\"https:\/\/maison-chance.org\/shop\/san-pham\/banh-chanh-day-t-break\",\"name\":\"B\u00e1nh chanh d\u00e2y (T-break) - Nh\u00e0 May M\u1eafn - Maison Chance\",\"isPartOf\":{\"@id\":\"https:\/\/maison-chance.org\/shop\/#website\"},\"primaryImageOfPage\":{\"@id\":\"https:\/\/maison-chance.org\/shop\/san-pham\/banh-chanh-day-t-break#primaryimage\"},\"image\":{\"@id\":\"https:\/\/maison-chance.org\/shop\/san-pham\/banh-chanh-day-t-break#primaryimage\"},\"thumbnailUrl\":\"https:\/\/maison-chance.org\/shop\/wp-content\/uploads\/2024\/12\/banh-chanh-day-t-break.png\",\"datePublished\":\"2024-12-11T07:00:08+00:00\",\"dateModified\":\"2024-12-11T07:02:55+00:00\",\"description\":\"B\u00e1nh chanh d\u00e2y Nh\u00e0 May M\u1eafn kh\u00f4ng ch\u1ec9 l\u00e0 m\u1ed9t m\u00f3n tr\u00e1ng mi\u1ec7ng th\u01a1m ngon m\u00e0 c\u00f2n l\u00e0 s\u1ef1 l\u1ef1a ch\u1ecdn ho\u00e0n h\u1ea3o cho nh\u1eefng d\u1ecbp \u0111\u1eb7c bi\u1ec7t. M\u1ed7i chi\u1ebfc b\u00e1nh \u0111\u01b0\u1ee3c t\u1ea1o ra v\u1edbi t\u1ea5t c\u1ea3 t\u00e2m huy\u1ebft v\u00e0 k\u1ef9 thu\u1eadt chuy\u00ean nghi\u1ec7p, mang \u0111\u1ebfn cho kh\u00e1ch h\u00e0ng nh\u1eefng tr\u1ea3i nghi\u1ec7m \u1ea9m th\u1ef1c tuy\u1ec7t v\u1eddi nh\u1ea5t.\",\"breadcrumb\":{\"@id\":\"https:\/\/maison-chance.org\/shop\/san-pham\/banh-chanh-day-t-break#breadcrumb\"},\"inLanguage\":\"vi-VN\",\"potentialAction\":[{\"@type\":\"ReadAction\",\"target\":[\"https:\/\/maison-chance.org\/shop\/san-pham\/banh-chanh-day-t-break\"]}]},{\"@type\":\"ImageObject\",\"inLanguage\":\"vi-VN\",\"@id\":\"https:\/\/maison-chance.org\/shop\/san-pham\/banh-chanh-day-t-break#primaryimage\",\"url\":\"https:\/\/maison-chance.org\/shop\/wp-content\/uploads\/2024\/12\/banh-chanh-day-t-break.png\",\"contentUrl\":\"https:\/\/maison-chance.org\/shop\/wp-content\/uploads\/2024\/12\/banh-chanh-day-t-break.png\",\"width\":600,\"height\":600,\"caption\":\"B\u00e1nh chanh d\u00e2y (T-break)\"},{\"@type\":\"BreadcrumbList\",\"@id\":\"https:\/\/maison-chance.org\/shop\/san-pham\/banh-chanh-day-t-break#breadcrumb\",\"itemListElement\":[{\"@type\":\"ListItem\",\"position\":1,\"name\":\"Trang ch\u1ee7\",\"item\":\"https:\/\/maison-chance.org\/shop\/\"},{\"@type\":\"ListItem\",\"position\":2,\"name\":\"Shop\",\"item\":\"https:\/\/maison-chance.org\/shop\/shop\"},{\"@type\":\"ListItem\",\"position\":3,\"name\":\"B\u00e1nh chanh d\u00e2y (T-break)\"}]},{\"@type\":\"WebSite\",\"@id\":\"https:\/\/maison-chance.org\/shop\/#website\",\"url\":\"https:\/\/maison-chance.org\/shop\/\",\"name\":\"Nh\u00e0 May M\u1eafn - Maison Chance\",\"description\":\"M\u1ecdi l\u1ee3i nhu\u1eadn thu v\u1ec1 t\u1eeb vi\u1ec7c b\u00e1n h\u00e0ng s\u1ebd tr\u00edch m\u1ed9t ph\u1ea7n \u0111\u1ec3 ch\u0103m lo cho \u0111\u1eddi s\u1ed1ng c\u00e1c b\u1ea1n khuy\u1ebft t\u1eadt v\u00e0 tr\u1ebb m\u1ed3 c\u00f4i \u1edf \u0111\u00e2y\",\"publisher\":{\"@id\":\"https:\/\/maison-chance.org\/shop\/#organization\"},\"potentialAction\":[{\"@type\":\"SearchAction\",\"target\":{\"@type\":\"EntryPoint\",\"urlTemplate\":\"https:\/\/maison-chance.org\/shop\/?s={search_term_string}\"},\"query-input\":{\"@type\":\"PropertyValueSpecification\",\"valueRequired\":true,\"valueName\":\"search_term_string\"}}],\"inLanguage\":\"vi-VN\"},{\"@type\":\"Organization\",\"@id\":\"https:\/\/maison-chance.org\/shop\/#organization\",\"name\":\"Nh\u00e0 May M\u1eafn - Maison Chance\",\"url\":\"https:\/\/maison-chance.org\/shop\/\",\"logo\":{\"@type\":\"ImageObject\",\"inLanguage\":\"vi-VN\",\"@id\":\"https:\/\/maison-chance.org\/shop\/#\/schema\/logo\/image\/\",\"url\":\"https:\/\/maison-chance.org\/shop\/wp-content\/uploads\/2024\/03\/cropped-Logo_DNXH.png\",\"contentUrl\":\"https:\/\/maison-chance.org\/shop\/wp-content\/uploads\/2024\/03\/cropped-Logo_DNXH.png\",\"width\":512,\"height\":512,\"caption\":\"Nh\u00e0 May M\u1eafn - Maison Chance\"},\"image\":{\"@id\":\"https:\/\/maison-chance.org\/shop\/#\/schema\/logo\/image\/\"},\"sameAs\":[\"https:\/\/www.facebook.com\/dnxh.nhamayman\/\"]}]}<\/script>\n<meta property=\"product:price:amount\" content=\"0.50\" \/>\n<meta property=\"product:price:currency\" content=\"USD\" \/>\n<meta property=\"og:availability\" content=\"instock\" \/>\n<meta property=\"product:availability\" content=\"instock\" \/>\n<meta property=\"product:condition\" content=\"new\" \/>\n<!-- \/ Yoast SEO Premium plugin. -->","yoast_head_json":{"title":"B\u00e1nh chanh d\u00e2y (T-break) - Nh\u00e0 May M\u1eafn - Maison Chance","description":"B\u00e1nh chanh d\u00e2y Nh\u00e0 May M\u1eafn kh\u00f4ng ch\u1ec9 l\u00e0 m\u1ed9t m\u00f3n tr\u00e1ng mi\u1ec7ng th\u01a1m ngon m\u00e0 c\u00f2n l\u00e0 s\u1ef1 l\u1ef1a ch\u1ecdn ho\u00e0n h\u1ea3o cho nh\u1eefng d\u1ecbp \u0111\u1eb7c bi\u1ec7t. M\u1ed7i chi\u1ebfc b\u00e1nh \u0111\u01b0\u1ee3c t\u1ea1o ra v\u1edbi t\u1ea5t c\u1ea3 t\u00e2m huy\u1ebft v\u00e0 k\u1ef9 thu\u1eadt chuy\u00ean nghi\u1ec7p, mang \u0111\u1ebfn cho kh\u00e1ch h\u00e0ng nh\u1eefng tr\u1ea3i nghi\u1ec7m \u1ea9m th\u1ef1c tuy\u1ec7t v\u1eddi nh\u1ea5t.","robots":{"index":"index","follow":"follow","max-snippet":"max-snippet:-1","max-image-preview":"max-image-preview:large","max-video-preview":"max-video-preview:-1"},"canonical":"https:\/\/maison-chance.org\/shop\/san-pham\/banh-chanh-day-t-break","og_locale":"vi_VN","og_type":"article","og_title":"B\u00e1nh chanh d\u00e2y (T-break)","og_description":"B\u00e1nh chanh d\u00e2y Nh\u00e0 May M\u1eafn kh\u00f4ng ch\u1ec9 l\u00e0 m\u1ed9t m\u00f3n tr\u00e1ng mi\u1ec7ng th\u01a1m ngon m\u00e0 c\u00f2n l\u00e0 s\u1ef1 l\u1ef1a ch\u1ecdn ho\u00e0n h\u1ea3o cho nh\u1eefng d\u1ecbp \u0111\u1eb7c bi\u1ec7t. M\u1ed7i chi\u1ebfc b\u00e1nh \u0111\u01b0\u1ee3c t\u1ea1o ra v\u1edbi t\u1ea5t c\u1ea3 t\u00e2m huy\u1ebft v\u00e0 k\u1ef9 thu\u1eadt chuy\u00ean nghi\u1ec7p, mang \u0111\u1ebfn cho kh\u00e1ch h\u00e0ng nh\u1eefng tr\u1ea3i nghi\u1ec7m \u1ea9m th\u1ef1c tuy\u1ec7t v\u1eddi nh\u1ea5t.","og_url":"https:\/\/maison-chance.org\/shop\/san-pham\/banh-chanh-day-t-break","og_site_name":"Nh\u00e0 May M\u1eafn - Maison Chance","article_publisher":"https:\/\/www.facebook.com\/dnxh.nhamayman\/","article_modified_time":"2024-12-11T07:02:55+00:00","og_image":[{"width":600,"height":600,"url":"https:\/\/maison-chance.org\/shop\/wp-content\/uploads\/2024\/12\/banh-chanh-day-t-break.png","type":"image\/png"}],"twitter_card":"summary_large_image","twitter_misc":{"Gi\u00e1":"0.50&nbsp;&#36;","Availability":"In stock"},"schema":{"@context":"https:\/\/schema.org","@graph":[{"@type":"WebPage","@id":"https:\/\/maison-chance.org\/shop\/san-pham\/banh-chanh-day-t-break","url":"https:\/\/maison-chance.org\/shop\/san-pham\/banh-chanh-day-t-break","name":"B\u00e1nh chanh d\u00e2y (T-break) - Nh\u00e0 May M\u1eafn - Maison Chance","isPartOf":{"@id":"https:\/\/maison-chance.org\/shop\/#website"},"primaryImageOfPage":{"@id":"https:\/\/maison-chance.org\/shop\/san-pham\/banh-chanh-day-t-break#primaryimage"},"image":{"@id":"https:\/\/maison-chance.org\/shop\/san-pham\/banh-chanh-day-t-break#primaryimage"},"thumbnailUrl":"https:\/\/maison-chance.org\/shop\/wp-content\/uploads\/2024\/12\/banh-chanh-day-t-break.png","datePublished":"2024-12-11T07:00:08+00:00","dateModified":"2024-12-11T07:02:55+00:00","description":"B\u00e1nh chanh d\u00e2y Nh\u00e0 May M\u1eafn kh\u00f4ng ch\u1ec9 l\u00e0 m\u1ed9t m\u00f3n tr\u00e1ng mi\u1ec7ng th\u01a1m ngon m\u00e0 c\u00f2n l\u00e0 s\u1ef1 l\u1ef1a ch\u1ecdn ho\u00e0n h\u1ea3o cho nh\u1eefng d\u1ecbp \u0111\u1eb7c bi\u1ec7t. M\u1ed7i chi\u1ebfc b\u00e1nh \u0111\u01b0\u1ee3c t\u1ea1o ra v\u1edbi t\u1ea5t c\u1ea3 t\u00e2m huy\u1ebft v\u00e0 k\u1ef9 thu\u1eadt chuy\u00ean nghi\u1ec7p, mang \u0111\u1ebfn cho kh\u00e1ch h\u00e0ng nh\u1eefng tr\u1ea3i nghi\u1ec7m \u1ea9m th\u1ef1c tuy\u1ec7t v\u1eddi nh\u1ea5t.","breadcrumb":{"@id":"https:\/\/maison-chance.org\/shop\/san-pham\/banh-chanh-day-t-break#breadcrumb"},"inLanguage":"vi-VN","potentialAction":[{"@type":"ReadAction","target":["https:\/\/maison-chance.org\/shop\/san-pham\/banh-chanh-day-t-break"]}]},{"@type":"ImageObject","inLanguage":"vi-VN","@id":"https:\/\/maison-chance.org\/shop\/san-pham\/banh-chanh-day-t-break#primaryimage","url":"https:\/\/maison-chance.org\/shop\/wp-content\/uploads\/2024\/12\/banh-chanh-day-t-break.png","contentUrl":"https:\/\/maison-chance.org\/shop\/wp-content\/uploads\/2024\/12\/banh-chanh-day-t-break.png","width":600,"height":600,"caption":"B\u00e1nh chanh d\u00e2y (T-break)"},{"@type":"BreadcrumbList","@id":"https:\/\/maison-chance.org\/shop\/san-pham\/banh-chanh-day-t-break#breadcrumb","itemListElement":[{"@type":"ListItem","position":1,"name":"Trang ch\u1ee7","item":"https:\/\/maison-chance.org\/shop\/"},{"@type":"ListItem","position":2,"name":"Shop","item":"https:\/\/maison-chance.org\/shop\/shop"},{"@type":"ListItem","position":3,"name":"B\u00e1nh chanh d\u00e2y (T-break)"}]},{"@type":"WebSite","@id":"https:\/\/maison-chance.org\/shop\/#website","url":"https:\/\/maison-chance.org\/shop\/","name":"Nh\u00e0 May M\u1eafn - Maison Chance","description":"M\u1ecdi l\u1ee3i nhu\u1eadn thu v\u1ec1 t\u1eeb vi\u1ec7c b\u00e1n h\u00e0ng s\u1ebd tr\u00edch m\u1ed9t ph\u1ea7n \u0111\u1ec3 ch\u0103m lo cho \u0111\u1eddi s\u1ed1ng c\u00e1c b\u1ea1n khuy\u1ebft t\u1eadt v\u00e0 tr\u1ebb m\u1ed3 c\u00f4i \u1edf \u0111\u00e2y","publisher":{"@id":"https:\/\/maison-chance.org\/shop\/#organization"},"potentialAction":[{"@type":"SearchAction","target":{"@type":"EntryPoint","urlTemplate":"https:\/\/maison-chance.org\/shop\/?s={search_term_string}"},"query-input":{"@type":"PropertyValueSpecification","valueRequired":true,"valueName":"search_term_string"}}],"inLanguage":"vi-VN"},{"@type":"Organization","@id":"https:\/\/maison-chance.org\/shop\/#organization","name":"Nh\u00e0 May M\u1eafn - Maison Chance","url":"https:\/\/maison-chance.org\/shop\/","logo":{"@type":"ImageObject","inLanguage":"vi-VN","@id":"https:\/\/maison-chance.org\/shop\/#\/schema\/logo\/image\/","url":"https:\/\/maison-chance.org\/shop\/wp-content\/uploads\/2024\/03\/cropped-Logo_DNXH.png","contentUrl":"https:\/\/maison-chance.org\/shop\/wp-content\/uploads\/2024\/03\/cropped-Logo_DNXH.png","width":512,"height":512,"caption":"Nh\u00e0 May M\u1eafn - Maison Chance"},"image":{"@id":"https:\/\/maison-chance.org\/shop\/#\/schema\/logo\/image\/"},"sameAs":["https:\/\/www.facebook.com\/dnxh.nhamayman\/"]}]},"product_price_amount":"0.50","product_price_currency":"USD","og_availability":"instock","product_availability":"instock","product_condition":"new"},"_links":{"self":[{"href":"https:\/\/maison-chance.org\/shop\/wp-json\/wp\/v2\/product\/41406","targetHints":{"allow":["GET"]}}],"collection":[{"href":"https:\/\/maison-chance.org\/shop\/wp-json\/wp\/v2\/product"}],"about":[{"href":"https:\/\/maison-chance.org\/shop\/wp-json\/wp\/v2\/types\/product"}],"wp:featuredmedia":[{"embeddable":true,"href":"https:\/\/maison-chance.org\/shop\/wp-json\/wp\/v2\/media\/41407"}],"wp:attachment":[{"href":"https:\/\/maison-chance.org\/shop\/wp-json\/wp\/v2\/media?parent=41406"}],"wp:term":[{"taxonomy":"product_brand","embeddable":true,"href":"https:\/\/maison-chance.org\/shop\/wp-json\/wp\/v2\/product_brand?post=41406"},{"taxonomy":"product_cat","embeddable":true,"href":"https:\/\/maison-chance.org\/shop\/wp-json\/wp\/v2\/product_cat?post=41406"},{"taxonomy":"product_tag","embeddable":true,"href":"https:\/\/maison-chance.org\/shop\/wp-json\/wp\/v2\/product_tag?post=41406"}],"curies":[{"name":"wp","href":"https:\/\/api.w.org\/{rel}","templated":true}]}}