{"id":41782,"date":"2025-08-20T15:25:34","date_gmt":"2025-08-20T08:25:34","guid":{"rendered":"https:\/\/maison-chance.org\/shop?post_type=product&#038;p=41782"},"modified":"2025-08-21T09:36:08","modified_gmt":"2025-08-21T02:36:08","slug":"tuong-da-quy-hinh-con-chuot","status":"publish","type":"product","link":"https:\/\/maison-chance.org\/shop\/san-pham\/tuong-da-quy-hinh-con-chuot","title":{"rendered":"T\u01b0\u1ee3ng \u0111\u00e1 qu\u00fd h\u00ecnh con chu\u1ed9t"},"content":{"rendered":"<p data-start=\"115\" data-end=\"281\">\ud83d\udc2d<a href=\"https:\/\/maison-chance.org\/shop\/san-pham\/tuong-da-ban-quy-hinh-con-chuot\"> <strong data-start=\"118\" data-end=\"162\">T\u01b0\u1ee3ng \u0111\u00e1 qu\u00fd h\u00ecnh con chu\u1ed9t<\/strong><\/a>\u00a0\u0111\u01b0\u1ee3c ch\u1ebf t\u00e1c th\u1ee7 c\u00f4ng b\u1edfi ngh\u1ec7 nh\u00e2n Nh\u00e0 May M\u1eafn, gi\u1eef tr\u1ecdn v\u1ebb \u0111\u1eb9p t\u1ef1 nhi\u00ean c\u1ee7a \u0111\u00e1 qu\u00fd v\u00e0 tinh hoa ch\u1ea1m kh\u1eafc tinh x\u1ea3o.<\/p>\n<p><strong data-start=\"285\" data-end=\"308\">&#8211; \u00dd ngh\u0129a phong th\u1ee7y:<\/strong><\/p>\n<ul>\n<li data-start=\"311\" data-end=\"382\">\n<p data-start=\"313\" data-end=\"382\">Chu\u1ed9t t\u01b0\u1ee3ng tr\u01b0ng cho tr\u00ed tu\u1ec7, s\u1ef1 nhanh nh\u1eb9n v\u00e0 kh\u1edfi \u0111\u1ea7u thu\u1eadn l\u1ee3i.<\/p>\n<\/li>\n<li data-start=\"383\" data-end=\"502\">\n<p data-start=\"385\" data-end=\"502\">Aventurine l\u00e0 vi\u00ean \u0111\u00e1 c\u1ee7a th\u1ecbnh v\u01b0\u1ee3ng \u2013 may m\u1eafn \u2013 c\u01a1 h\u1ed9i, gi\u00fap gia ch\u1ee7 hanh th\u00f4ng trong c\u00f4ng vi\u1ec7c v\u00e0 t\u00e0i ch\u00ednh.<\/p>\n<\/li>\n<\/ul>\n<p><strong style=\"font-size: 14.4px;\" data-start=\"507\" data-end=\"525\">&#8211; Th\u00edch h\u1ee3p cho:<\/strong><\/p>\n<ul>\n<li data-start=\"528\" data-end=\"586\">\n<p data-start=\"530\" data-end=\"586\">Trang tr\u00ed b\u00e0n l\u00e0m vi\u1ec7c, ph\u00f2ng kh\u00e1ch, kh\u00f4ng gian thi\u1ec1n.<\/p>\n<\/li>\n<li data-start=\"587\" data-end=\"644\">\n<p data-start=\"589\" data-end=\"644\">Qu\u00e0 t\u1eb7ng \u00fd ngh\u0129a d\u1ecbp khai tr\u01b0\u01a1ng, t\u00e2n gia, sinh nh\u1eadt.<\/p>\n<\/li>\n<\/ul>\n<p><strong data-start=\"649\" data-end=\"661\">&#8211; Cam k\u1ebft:<\/strong><\/p>\n<ul>\n<li data-start=\"664\" data-end=\"720\">\n<p data-start=\"666\" data-end=\"720\">Th\u1ee7 c\u00f4ng \u0111\u1ed9c b\u1ea3n \u2013 kh\u00f4ng s\u1ea3n ph\u1ea9m th\u1ee9 hai gi\u1ed1ng h\u1ec7t.<\/p>\n<\/li>\n<li data-start=\"721\" data-end=\"766\">\n<p data-start=\"723\" data-end=\"766\">\u0110\u00e1 qu\u00fd th\u1eadt, ki\u1ec3m \u0111\u1ecbnh k\u1ef9 tr\u01b0\u1edbc khi giao.<\/p>\n<\/li>\n<li data-start=\"767\" data-end=\"814\">\n<p data-start=\"769\" data-end=\"814\">\u0110\u00f3ng g\u00f3i sang tr\u1ecdng, s\u1eb5n s\u00e0ng l\u00e0m qu\u00e0 t\u1eb7ng.<\/p>\n<\/li>\n<\/ul>\n<p data-start=\"816\" data-end=\"971\">\ud83c\udf1f<a href=\"https:\/\/maison-chance.org\/shop\/san-pham\/tuong-da-ban-quy-hinh-con-chuot\"><strong data-start=\"108\" data-end=\"150\">T\u01b0\u1ee3ng \u0111\u00e1 qu\u00fd h\u00ecnh con chu\u1ed9t <\/strong><\/a>kh\u00f4ng ch\u1ec9 l\u00e0 v\u1eadt ph\u1ea9m phong th\u1ee7y \u00fd ngh\u0129a, m\u00e0 c\u00f2n l\u00e0 l\u1eddi nh\u1eafn g\u1eedi d\u1ecbu d\u00e0ng t\u1eeb Nh\u00e0 May M\u1eafn, mang theo s\u1ef1 b\u00ecnh an, may m\u1eafn v\u00e0 y\u00eau th\u01b0\u01a1ng \u0111\u1ebfn v\u1edbi ng\u01b0\u1eddi s\u1edf h\u1eefu.<\/p>\n","protected":false},"excerpt":{"rendered":"<ul>\n<li>Ch\u1ea5t li\u1ec7u: Aventurine<\/li>\n<li>Tr\u1ecdng l\u01b0\u1ee3ng: 96 gr<\/li>\n<li>K\u00edch th\u01b0\u1edbc: 3.5*6 cm<\/li>\n<li>Code: <strong>TU01<\/strong><\/li>\n<\/ul>\n<p><em><strong>Li\u00ean h\u1ec7 mua h\u00e0ng t\u1ea1i Vi\u1ec7t Nam: 090 906 2528<\/strong><\/em><\/p>\n","protected":false},"featured_media":39757,"template":"","meta":[],"product_brand":[],"product_cat":[157,158],"product_tag":[],"class_list":{"0":"post-41782","1":"product","2":"type-product","3":"status-publish","4":"has-post-thumbnail","6":"product_cat-phong-da-my-nghe","7":"product_cat-tuong-da-my-nghe","9":"first","10":"instock","11":"shipping-taxable","12":"purchasable","13":"product-type-simple"},"yoast_head":"<!-- This site is optimized with the Yoast SEO Premium plugin v22.7 (Yoast SEO v25.3.1) - https:\/\/yoast.com\/wordpress\/plugins\/seo\/ -->\n<title>T\u01b0\u1ee3ng \u0111\u00e1 qu\u00fd h\u00ecnh con chu\u1ed9t - Nh\u00e0 May M\u1eafn - Maison Chance<\/title>\n<meta name=\"description\" content=\"T\u01b0\u1ee3ng \u0111\u00e1 qu\u00fd h\u00ecnh con chu\u1ed9t \u0111\u01b0\u1ee3c ch\u1ebf t\u00e1c tinh x\u1ea3o, mang \u00fd ngh\u0129a may m\u1eafn v\u00e0 th\u1ecbnh v\u01b0\u1ee3ng. S\u1ea3n ph\u1ea9m th\u00edch h\u1ee3p \u0111\u1ec3 tr\u01b0ng b\u00e0y, l\u00e0m qu\u00e0 t\u1eb7ng l\u01b0u ni\u1ec7m ho\u1eb7c phong th\u1ee7y.\" \/>\n<meta name=\"robots\" content=\"index, follow, max-snippet:-1, max-image-preview:large, max-video-preview:-1\" \/>\n<link rel=\"canonical\" href=\"https:\/\/maison-chance.org\/shop\/san-pham\/tuong-da-quy-hinh-con-chuot\" \/>\n<meta property=\"og:locale\" content=\"vi_VN\" \/>\n<meta property=\"og:type\" content=\"article\" \/>\n<meta property=\"og:title\" content=\"T\u01b0\u1ee3ng \u0111\u00e1 qu\u00fd h\u00ecnh con chu\u1ed9t\" \/>\n<meta property=\"og:description\" content=\"T\u01b0\u1ee3ng \u0111\u00e1 qu\u00fd h\u00ecnh con chu\u1ed9t \u0111\u01b0\u1ee3c ch\u1ebf t\u00e1c tinh x\u1ea3o, mang \u00fd ngh\u0129a may m\u1eafn v\u00e0 th\u1ecbnh v\u01b0\u1ee3ng. S\u1ea3n ph\u1ea9m th\u00edch h\u1ee3p \u0111\u1ec3 tr\u01b0ng b\u00e0y, l\u00e0m qu\u00e0 t\u1eb7ng l\u01b0u ni\u1ec7m ho\u1eb7c phong th\u1ee7y.\" \/>\n<meta property=\"og:url\" content=\"https:\/\/maison-chance.org\/shop\/san-pham\/tuong-da-quy-hinh-con-chuot\" \/>\n<meta property=\"og:site_name\" content=\"Nh\u00e0 May M\u1eafn - Maison Chance\" \/>\n<meta property=\"article:publisher\" content=\"https:\/\/www.facebook.com\/dnxh.nhamayman\/\" \/>\n<meta property=\"article:modified_time\" content=\"2025-08-21T02:36:08+00:00\" \/>\n<meta property=\"og:image\" content=\"https:\/\/maison-chance.org\/shop\/wp-content\/uploads\/2024\/06\/tuong-da-ban-quy-hinh-con-chuot-2.jpg\" \/>\n\t<meta property=\"og:image:width\" content=\"600\" \/>\n\t<meta property=\"og:image:height\" content=\"600\" \/>\n\t<meta property=\"og:image:type\" content=\"image\/jpeg\" \/>\n<meta name=\"twitter:card\" content=\"summary_large_image\" \/>\n<meta name=\"twitter:label1\" content=\"Gi\u00e1\" \/>\n\t<meta name=\"twitter:data1\" content=\"30.10&nbsp;&#036;\" \/>\n\t<meta name=\"twitter:label2\" content=\"Availability\" \/>\n\t<meta name=\"twitter:data2\" content=\"In stock\" \/>\n<script type=\"application\/ld+json\" class=\"yoast-schema-graph\">{\"@context\":\"https:\/\/schema.org\",\"@graph\":[{\"@type\":\"WebPage\",\"@id\":\"https:\/\/maison-chance.org\/shop\/san-pham\/tuong-da-quy-hinh-con-chuot\",\"url\":\"https:\/\/maison-chance.org\/shop\/san-pham\/tuong-da-quy-hinh-con-chuot\",\"name\":\"T\u01b0\u1ee3ng \u0111\u00e1 qu\u00fd h\u00ecnh con chu\u1ed9t - Nh\u00e0 May M\u1eafn - Maison Chance\",\"isPartOf\":{\"@id\":\"https:\/\/maison-chance.org\/shop\/#website\"},\"primaryImageOfPage\":{\"@id\":\"https:\/\/maison-chance.org\/shop\/san-pham\/tuong-da-quy-hinh-con-chuot#primaryimage\"},\"image\":{\"@id\":\"https:\/\/maison-chance.org\/shop\/san-pham\/tuong-da-quy-hinh-con-chuot#primaryimage\"},\"thumbnailUrl\":\"https:\/\/maison-chance.org\/shop\/wp-content\/uploads\/2024\/06\/tuong-da-ban-quy-hinh-con-chuot-2.jpg\",\"datePublished\":\"2025-08-20T08:25:34+00:00\",\"dateModified\":\"2025-08-21T02:36:08+00:00\",\"description\":\"T\u01b0\u1ee3ng \u0111\u00e1 qu\u00fd h\u00ecnh con chu\u1ed9t \u0111\u01b0\u1ee3c ch\u1ebf t\u00e1c tinh x\u1ea3o, mang \u00fd ngh\u0129a may m\u1eafn v\u00e0 th\u1ecbnh v\u01b0\u1ee3ng. S\u1ea3n ph\u1ea9m th\u00edch h\u1ee3p \u0111\u1ec3 tr\u01b0ng b\u00e0y, l\u00e0m qu\u00e0 t\u1eb7ng l\u01b0u ni\u1ec7m ho\u1eb7c phong th\u1ee7y.\",\"breadcrumb\":{\"@id\":\"https:\/\/maison-chance.org\/shop\/san-pham\/tuong-da-quy-hinh-con-chuot#breadcrumb\"},\"inLanguage\":\"vi-VN\",\"potentialAction\":[{\"@type\":\"ReadAction\",\"target\":[\"https:\/\/maison-chance.org\/shop\/san-pham\/tuong-da-quy-hinh-con-chuot\"]}]},{\"@type\":\"ImageObject\",\"inLanguage\":\"vi-VN\",\"@id\":\"https:\/\/maison-chance.org\/shop\/san-pham\/tuong-da-quy-hinh-con-chuot#primaryimage\",\"url\":\"https:\/\/maison-chance.org\/shop\/wp-content\/uploads\/2024\/06\/tuong-da-ban-quy-hinh-con-chuot-2.jpg\",\"contentUrl\":\"https:\/\/maison-chance.org\/shop\/wp-content\/uploads\/2024\/06\/tuong-da-ban-quy-hinh-con-chuot-2.jpg\",\"width\":600,\"height\":600,\"caption\":\"T\u01b0\u1ee3ng \u0111\u00e1 b\u00e1n qu\u00fd h\u00ecnh con chu\u1ed9t\"},{\"@type\":\"BreadcrumbList\",\"@id\":\"https:\/\/maison-chance.org\/shop\/san-pham\/tuong-da-quy-hinh-con-chuot#breadcrumb\",\"itemListElement\":[{\"@type\":\"ListItem\",\"position\":1,\"name\":\"Trang ch\u1ee7\",\"item\":\"https:\/\/maison-chance.org\/shop\/\"},{\"@type\":\"ListItem\",\"position\":2,\"name\":\"Shop\",\"item\":\"https:\/\/maison-chance.org\/shop\/shop\"},{\"@type\":\"ListItem\",\"position\":3,\"name\":\"T\u01b0\u1ee3ng \u0111\u00e1 qu\u00fd h\u00ecnh con chu\u1ed9t\"}]},{\"@type\":\"WebSite\",\"@id\":\"https:\/\/maison-chance.org\/shop\/#website\",\"url\":\"https:\/\/maison-chance.org\/shop\/\",\"name\":\"Nh\u00e0 May M\u1eafn - Maison Chance\",\"description\":\"M\u1ecdi l\u1ee3i nhu\u1eadn thu v\u1ec1 t\u1eeb vi\u1ec7c b\u00e1n h\u00e0ng s\u1ebd tr\u00edch m\u1ed9t ph\u1ea7n \u0111\u1ec3 ch\u0103m lo cho \u0111\u1eddi s\u1ed1ng c\u00e1c b\u1ea1n khuy\u1ebft t\u1eadt v\u00e0 tr\u1ebb m\u1ed3 c\u00f4i \u1edf \u0111\u00e2y\",\"publisher\":{\"@id\":\"https:\/\/maison-chance.org\/shop\/#organization\"},\"potentialAction\":[{\"@type\":\"SearchAction\",\"target\":{\"@type\":\"EntryPoint\",\"urlTemplate\":\"https:\/\/maison-chance.org\/shop\/?s={search_term_string}\"},\"query-input\":{\"@type\":\"PropertyValueSpecification\",\"valueRequired\":true,\"valueName\":\"search_term_string\"}}],\"inLanguage\":\"vi-VN\"},{\"@type\":\"Organization\",\"@id\":\"https:\/\/maison-chance.org\/shop\/#organization\",\"name\":\"Nh\u00e0 May M\u1eafn - Maison Chance\",\"url\":\"https:\/\/maison-chance.org\/shop\/\",\"logo\":{\"@type\":\"ImageObject\",\"inLanguage\":\"vi-VN\",\"@id\":\"https:\/\/maison-chance.org\/shop\/#\/schema\/logo\/image\/\",\"url\":\"https:\/\/maison-chance.org\/shop\/wp-content\/uploads\/2024\/03\/cropped-Logo_DNXH.png\",\"contentUrl\":\"https:\/\/maison-chance.org\/shop\/wp-content\/uploads\/2024\/03\/cropped-Logo_DNXH.png\",\"width\":512,\"height\":512,\"caption\":\"Nh\u00e0 May M\u1eafn - Maison Chance\"},\"image\":{\"@id\":\"https:\/\/maison-chance.org\/shop\/#\/schema\/logo\/image\/\"},\"sameAs\":[\"https:\/\/www.facebook.com\/dnxh.nhamayman\/\"]}]}<\/script>\n<meta property=\"product:price:amount\" content=\"30.10\" \/>\n<meta property=\"product:price:currency\" content=\"USD\" \/>\n<meta property=\"og:availability\" content=\"instock\" \/>\n<meta property=\"product:availability\" content=\"instock\" \/>\n<meta property=\"product:condition\" content=\"new\" \/>\n<!-- \/ Yoast SEO Premium plugin. -->","yoast_head_json":{"title":"T\u01b0\u1ee3ng \u0111\u00e1 qu\u00fd h\u00ecnh con chu\u1ed9t - Nh\u00e0 May M\u1eafn - Maison Chance","description":"T\u01b0\u1ee3ng \u0111\u00e1 qu\u00fd h\u00ecnh con chu\u1ed9t \u0111\u01b0\u1ee3c ch\u1ebf t\u00e1c tinh x\u1ea3o, mang \u00fd ngh\u0129a may m\u1eafn v\u00e0 th\u1ecbnh v\u01b0\u1ee3ng. S\u1ea3n ph\u1ea9m th\u00edch h\u1ee3p \u0111\u1ec3 tr\u01b0ng b\u00e0y, l\u00e0m qu\u00e0 t\u1eb7ng l\u01b0u ni\u1ec7m ho\u1eb7c phong th\u1ee7y.","robots":{"index":"index","follow":"follow","max-snippet":"max-snippet:-1","max-image-preview":"max-image-preview:large","max-video-preview":"max-video-preview:-1"},"canonical":"https:\/\/maison-chance.org\/shop\/san-pham\/tuong-da-quy-hinh-con-chuot","og_locale":"vi_VN","og_type":"article","og_title":"T\u01b0\u1ee3ng \u0111\u00e1 qu\u00fd h\u00ecnh con chu\u1ed9t","og_description":"T\u01b0\u1ee3ng \u0111\u00e1 qu\u00fd h\u00ecnh con chu\u1ed9t \u0111\u01b0\u1ee3c ch\u1ebf t\u00e1c tinh x\u1ea3o, mang \u00fd ngh\u0129a may m\u1eafn v\u00e0 th\u1ecbnh v\u01b0\u1ee3ng. S\u1ea3n ph\u1ea9m th\u00edch h\u1ee3p \u0111\u1ec3 tr\u01b0ng b\u00e0y, l\u00e0m qu\u00e0 t\u1eb7ng l\u01b0u ni\u1ec7m ho\u1eb7c phong th\u1ee7y.","og_url":"https:\/\/maison-chance.org\/shop\/san-pham\/tuong-da-quy-hinh-con-chuot","og_site_name":"Nh\u00e0 May M\u1eafn - Maison Chance","article_publisher":"https:\/\/www.facebook.com\/dnxh.nhamayman\/","article_modified_time":"2025-08-21T02:36:08+00:00","og_image":[{"width":600,"height":600,"url":"https:\/\/maison-chance.org\/shop\/wp-content\/uploads\/2024\/06\/tuong-da-ban-quy-hinh-con-chuot-2.jpg","type":"image\/jpeg"}],"twitter_card":"summary_large_image","twitter_misc":{"Gi\u00e1":"30.10&nbsp;&#36;","Availability":"In stock"},"schema":{"@context":"https:\/\/schema.org","@graph":[{"@type":"WebPage","@id":"https:\/\/maison-chance.org\/shop\/san-pham\/tuong-da-quy-hinh-con-chuot","url":"https:\/\/maison-chance.org\/shop\/san-pham\/tuong-da-quy-hinh-con-chuot","name":"T\u01b0\u1ee3ng \u0111\u00e1 qu\u00fd h\u00ecnh con chu\u1ed9t - Nh\u00e0 May M\u1eafn - Maison Chance","isPartOf":{"@id":"https:\/\/maison-chance.org\/shop\/#website"},"primaryImageOfPage":{"@id":"https:\/\/maison-chance.org\/shop\/san-pham\/tuong-da-quy-hinh-con-chuot#primaryimage"},"image":{"@id":"https:\/\/maison-chance.org\/shop\/san-pham\/tuong-da-quy-hinh-con-chuot#primaryimage"},"thumbnailUrl":"https:\/\/maison-chance.org\/shop\/wp-content\/uploads\/2024\/06\/tuong-da-ban-quy-hinh-con-chuot-2.jpg","datePublished":"2025-08-20T08:25:34+00:00","dateModified":"2025-08-21T02:36:08+00:00","description":"T\u01b0\u1ee3ng \u0111\u00e1 qu\u00fd h\u00ecnh con chu\u1ed9t \u0111\u01b0\u1ee3c ch\u1ebf t\u00e1c tinh x\u1ea3o, mang \u00fd ngh\u0129a may m\u1eafn v\u00e0 th\u1ecbnh v\u01b0\u1ee3ng. S\u1ea3n ph\u1ea9m th\u00edch h\u1ee3p \u0111\u1ec3 tr\u01b0ng b\u00e0y, l\u00e0m qu\u00e0 t\u1eb7ng l\u01b0u ni\u1ec7m ho\u1eb7c phong th\u1ee7y.","breadcrumb":{"@id":"https:\/\/maison-chance.org\/shop\/san-pham\/tuong-da-quy-hinh-con-chuot#breadcrumb"},"inLanguage":"vi-VN","potentialAction":[{"@type":"ReadAction","target":["https:\/\/maison-chance.org\/shop\/san-pham\/tuong-da-quy-hinh-con-chuot"]}]},{"@type":"ImageObject","inLanguage":"vi-VN","@id":"https:\/\/maison-chance.org\/shop\/san-pham\/tuong-da-quy-hinh-con-chuot#primaryimage","url":"https:\/\/maison-chance.org\/shop\/wp-content\/uploads\/2024\/06\/tuong-da-ban-quy-hinh-con-chuot-2.jpg","contentUrl":"https:\/\/maison-chance.org\/shop\/wp-content\/uploads\/2024\/06\/tuong-da-ban-quy-hinh-con-chuot-2.jpg","width":600,"height":600,"caption":"T\u01b0\u1ee3ng \u0111\u00e1 b\u00e1n qu\u00fd h\u00ecnh con chu\u1ed9t"},{"@type":"BreadcrumbList","@id":"https:\/\/maison-chance.org\/shop\/san-pham\/tuong-da-quy-hinh-con-chuot#breadcrumb","itemListElement":[{"@type":"ListItem","position":1,"name":"Trang ch\u1ee7","item":"https:\/\/maison-chance.org\/shop\/"},{"@type":"ListItem","position":2,"name":"Shop","item":"https:\/\/maison-chance.org\/shop\/shop"},{"@type":"ListItem","position":3,"name":"T\u01b0\u1ee3ng \u0111\u00e1 qu\u00fd h\u00ecnh con chu\u1ed9t"}]},{"@type":"WebSite","@id":"https:\/\/maison-chance.org\/shop\/#website","url":"https:\/\/maison-chance.org\/shop\/","name":"Nh\u00e0 May M\u1eafn - Maison Chance","description":"M\u1ecdi l\u1ee3i nhu\u1eadn thu v\u1ec1 t\u1eeb vi\u1ec7c b\u00e1n h\u00e0ng s\u1ebd tr\u00edch m\u1ed9t ph\u1ea7n \u0111\u1ec3 ch\u0103m lo cho \u0111\u1eddi s\u1ed1ng c\u00e1c b\u1ea1n khuy\u1ebft t\u1eadt v\u00e0 tr\u1ebb m\u1ed3 c\u00f4i \u1edf \u0111\u00e2y","publisher":{"@id":"https:\/\/maison-chance.org\/shop\/#organization"},"potentialAction":[{"@type":"SearchAction","target":{"@type":"EntryPoint","urlTemplate":"https:\/\/maison-chance.org\/shop\/?s={search_term_string}"},"query-input":{"@type":"PropertyValueSpecification","valueRequired":true,"valueName":"search_term_string"}}],"inLanguage":"vi-VN"},{"@type":"Organization","@id":"https:\/\/maison-chance.org\/shop\/#organization","name":"Nh\u00e0 May M\u1eafn - Maison Chance","url":"https:\/\/maison-chance.org\/shop\/","logo":{"@type":"ImageObject","inLanguage":"vi-VN","@id":"https:\/\/maison-chance.org\/shop\/#\/schema\/logo\/image\/","url":"https:\/\/maison-chance.org\/shop\/wp-content\/uploads\/2024\/03\/cropped-Logo_DNXH.png","contentUrl":"https:\/\/maison-chance.org\/shop\/wp-content\/uploads\/2024\/03\/cropped-Logo_DNXH.png","width":512,"height":512,"caption":"Nh\u00e0 May M\u1eafn - Maison Chance"},"image":{"@id":"https:\/\/maison-chance.org\/shop\/#\/schema\/logo\/image\/"},"sameAs":["https:\/\/www.facebook.com\/dnxh.nhamayman\/"]}]},"product_price_amount":"30.10","product_price_currency":"USD","og_availability":"instock","product_availability":"instock","product_condition":"new"},"_links":{"self":[{"href":"https:\/\/maison-chance.org\/shop\/wp-json\/wp\/v2\/product\/41782","targetHints":{"allow":["GET"]}}],"collection":[{"href":"https:\/\/maison-chance.org\/shop\/wp-json\/wp\/v2\/product"}],"about":[{"href":"https:\/\/maison-chance.org\/shop\/wp-json\/wp\/v2\/types\/product"}],"wp:featuredmedia":[{"embeddable":true,"href":"https:\/\/maison-chance.org\/shop\/wp-json\/wp\/v2\/media\/39757"}],"wp:attachment":[{"href":"https:\/\/maison-chance.org\/shop\/wp-json\/wp\/v2\/media?parent=41782"}],"wp:term":[{"taxonomy":"product_brand","embeddable":true,"href":"https:\/\/maison-chance.org\/shop\/wp-json\/wp\/v2\/product_brand?post=41782"},{"taxonomy":"product_cat","embeddable":true,"href":"https:\/\/maison-chance.org\/shop\/wp-json\/wp\/v2\/product_cat?post=41782"},{"taxonomy":"product_tag","embeddable":true,"href":"https:\/\/maison-chance.org\/shop\/wp-json\/wp\/v2\/product_tag?post=41782"}],"curies":[{"name":"wp","href":"https:\/\/api.w.org\/{rel}","templated":true}]}}