{"id":41783,"date":"2025-08-20T15:48:18","date_gmt":"2025-08-20T08:48:18","guid":{"rendered":"https:\/\/maison-chance.org\/shop?post_type=product&#038;p=41783"},"modified":"2025-08-20T22:49:34","modified_gmt":"2025-08-20T15:49:34","slug":"tuong-da-quy-hinh-con-trau","status":"publish","type":"product","link":"https:\/\/maison-chance.org\/shop\/san-pham\/tuong-da-quy-hinh-con-trau","title":{"rendered":"T\u01b0\u1ee3ng \u0111\u00e1 qu\u00fd h\u00ecnh con tr\u00e2u"},"content":{"rendered":"<p data-start=\"107\" data-end=\"348\">\ud83d\udc02 <a href=\"https:\/\/maison-chance.org\/shop\/san-pham\/tuong-da-quy-hinh-con-trau\"><strong data-start=\"110\" data-end=\"152\">T\u01b0\u1ee3ng \u0111\u00e1 qu\u00fd h\u00ecnh con tr\u00e2u <\/strong><\/a>\u00a0l\u00e0 t\u00e1c ph\u1ea9m phong th\u1ee7y \u0111\u01b0\u1ee3c ch\u1ebf t\u00e1c th\u1ee7 c\u00f4ng tinh x\u1ea3o b\u1edfi c\u00e1c ngh\u1ec7 nh\u00e2n Nh\u00e0 May M\u1eafn \u0111\u01b0\u1ee3c l\u00e0m t\u1eeb ch\u1ea5t li\u1ec7u \u0111\u00e1 m\u1eaft h\u1ed5. V\u1edbi m\u00e0u s\u1eafc \u00f3ng \u00e1nh \u0111\u1eb7c tr\u01b0ng, t\u01b0\u1ee3ng v\u1eeba gi\u1eef \u0111\u01b0\u1ee3c v\u1ebb \u0111\u1eb9p m\u1ea1nh m\u1ebd, v\u1eeba mang \u00fd ngh\u0129a s\u00e2u s\u1eafc trong phong th\u1ee7y.<\/p>\n<p><strong data-start=\"352\" data-end=\"374\">&#8211; \u00dd ngh\u0129a phong th\u1ee7y<\/strong><\/p>\n<ul>\n<li data-start=\"377\" data-end=\"432\">\n<p data-start=\"379\" data-end=\"432\">Tr\u00e2u t\u01b0\u1ee3ng tr\u01b0ng cho s\u1ef1 b\u1ec1n b\u1ec9, ki\u00ean nh\u1eabn v\u00e0 no \u0111\u1ee7.<\/p>\n<\/li>\n<li data-start=\"433\" data-end=\"540\">\n<p data-start=\"435\" data-end=\"540\">\u0110\u1eb7t t\u01b0\u1ee3ng tr\u00e2u trong nh\u00e0 hay n\u01a1i l\u00e0m vi\u1ec7c gi\u00fap thu h\u00fat t\u00e0i l\u1ed9c, mang l\u1ea1i s\u1ef1 \u1ed5n \u0111\u1ecbnh v\u00e0 may m\u1eafn l\u00e2u d\u00e0i.<\/p>\n<\/li>\n<li data-start=\"541\" data-end=\"639\">\n<p data-start=\"543\" data-end=\"639\">\u0110\u00e1 M\u1eaft H\u1ed5 \u0111\u01b0\u1ee3c xem l\u00e0 \u201cvi\u00ean \u0111\u00e1 b\u1ea3o h\u1ed9\u201d, gi\u00fap t\u0103ng s\u1ef1 t\u1ef1 tin, t\u1eadp trung v\u00e0 thu h\u00fat th\u1ecbnh v\u01b0\u1ee3ng.<\/p>\n<\/li>\n<\/ul>\n<p data-start=\"641\" data-end=\"663\">&#8211; <strong data-start=\"644\" data-end=\"661\">Th\u00edch h\u1ee3p cho<\/strong><\/p>\n<ul data-start=\"664\" data-end=\"867\">\n<li data-start=\"664\" data-end=\"726\">\n<p data-start=\"666\" data-end=\"726\">Trang tr\u00ed b\u00e0n l\u00e0m vi\u1ec7c, ph\u00f2ng kh\u00e1ch ho\u1eb7c kh\u00f4ng gian thi\u1ec1n.<\/p>\n<\/li>\n<li data-start=\"727\" data-end=\"797\">\n<p data-start=\"729\" data-end=\"797\">L\u00e0m qu\u00e0 t\u1eb7ng khai tr\u01b0\u01a1ng, t\u00e2n gia, sinh nh\u1eadt hay c\u00e1c d\u1ecbp \u0111\u1eb7c bi\u1ec7t.<\/p>\n<\/li>\n<li data-start=\"798\" data-end=\"867\">\n<p data-start=\"800\" data-end=\"867\">M\u1ed9t m\u00f3n qu\u00e0 g\u1eedi g\u1eafm l\u1eddi ch\u00fac an khang \u2013 th\u1ecbnh v\u01b0\u1ee3ng \u2013 th\u00e0nh c\u00f4ng.<\/p>\n<\/li>\n<\/ul>\n<p data-start=\"869\" data-end=\"900\">&#8211; <strong data-start=\"872\" data-end=\"898\">Cam k\u1ebft t\u1eeb Nh\u00e0 May M\u1eafn<\/strong><\/p>\n<ul data-start=\"901\" data-end=\"1064\">\n<li data-start=\"901\" data-end=\"949\">\n<p data-start=\"903\" data-end=\"949\">Ho\u00e0n to\u00e0n th\u1ee7 c\u00f4ng, m\u1ed7i s\u1ea3n ph\u1ea9m l\u00e0 \u0111\u1ed9c b\u1ea3n.<\/p>\n<\/li>\n<li data-start=\"950\" data-end=\"1015\">\n<p data-start=\"952\" data-end=\"1015\">Ch\u1ea5t li\u1ec7u \u0111\u00e1 qu\u00fd th\u1eadt, \u0111\u01b0\u1ee3c ki\u1ec3m tra k\u1ef9 l\u01b0\u1ee1ng tr\u01b0\u1edbc khi giao.<\/p>\n<\/li>\n<li data-start=\"1016\" data-end=\"1064\">\n<p data-start=\"1018\" data-end=\"1064\">\u0110\u00f3ng g\u00f3i sang tr\u1ecdng, th\u00edch h\u1ee3p l\u00e0m qu\u00e0 t\u1eb7ng.<\/p>\n<\/li>\n<\/ul>\n<p>\ud83d\udc49 <a href=\"http:\/\/\ud83d\udc49 T\u01b0\u1ee3ng \u0111\u00e1 qu\u00fd h\u00ecnh con tr\u00e2u \u2013 \u0110\u00e1 M\u1eaft H\u1ed5 kh\u00f4ng ch\u1ec9 l\u00e0 v\u1eadt ph\u1ea9m trang tr\u00ed tinh x\u1ea3o, m\u00e0 c\u00f2n l\u00e0 bi\u1ec3u t\u01b0\u1ee3ng phong th\u1ee7y mang l\u1ea1i n\u0103ng l\u01b0\u1ee3ng t\u00edch c\u1ef1c v\u00e0 s\u1ef1 th\u1ecbnh v\u01b0\u1ee3ng cho ng\u01b0\u1eddi s\u1edf h\u1eefu.\">T\u01b0\u1ee3ng \u0111\u00e1 qu\u00fd h\u00ecnh con tr\u00e2u<\/a> kh\u00f4ng ch\u1ec9 l\u00e0 v\u1eadt ph\u1ea9m trang tr\u00ed tinh x\u1ea3o, m\u00e0 c\u00f2n l\u00e0 bi\u1ec3u t\u01b0\u1ee3ng phong th\u1ee7y mang l\u1ea1i n\u0103ng l\u01b0\u1ee3ng t\u00edch c\u1ef1c v\u00e0 s\u1ef1 th\u1ecbnh v\u01b0\u1ee3ng cho ng\u01b0\u1eddi s\u1edf h\u1eefu.<\/p>\n","protected":false},"excerpt":{"rendered":"<ul>\n<li data-start=\"1097\" data-end=\"1137\">\n<p data-start=\"1099\" data-end=\"1137\"><strong data-start=\"1099\" data-end=\"1113\">Ch\u1ea5t li\u1ec7u:<\/strong> \u0110\u00e1 M\u1eaft H\u1ed5<\/p>\n<\/li>\n<li data-start=\"1138\" data-end=\"1165\">\n<p data-start=\"1140\" data-end=\"1165\"><strong data-start=\"1140\" data-end=\"1156\">Tr\u1ecdng l\u01b0\u1ee3ng:<\/strong> 130 gr<\/p>\n<\/li>\n<li data-start=\"1166\" data-end=\"1198\">\n<p data-start=\"1168\" data-end=\"1198\"><strong data-start=\"1168\" data-end=\"1183\">K\u00edch th\u01b0\u1edbc:<\/strong> 2.6*5.6 cm<\/p>\n<\/li>\n<li data-start=\"1199\" data-end=\"1217\">\n<p data-start=\"1201\" data-end=\"1217\"><strong data-start=\"1201\" data-end=\"1210\">Code:<\/strong> TU02<\/p>\n<\/li>\n<\/ul>\n<p data-start=\"1201\" data-end=\"1217\"><em><strong>Li\u00ean h\u1ec7 mua h\u00e0ng t\u1ea1i Vi\u1ec7t Nam: 090 906 2528<\/strong><\/em><\/p>\n","protected":false},"featured_media":39732,"template":"","meta":[],"product_brand":[],"product_cat":[158],"product_tag":[],"class_list":{"0":"post-41783","1":"product","2":"type-product","3":"status-publish","4":"has-post-thumbnail","6":"product_cat-tuong-da-my-nghe","8":"first","9":"instock","10":"shipping-taxable","11":"purchasable","12":"product-type-simple"},"yoast_head":"<!-- This site is optimized with the Yoast SEO Premium plugin v22.7 (Yoast SEO v25.3.1) - https:\/\/yoast.com\/wordpress\/plugins\/seo\/ -->\n<title>T\u01b0\u1ee3ng \u0111\u00e1 qu\u00fd h\u00ecnh con tr\u00e2u - Nh\u00e0 May M\u1eafn - Maison Chance<\/title>\n<meta name=\"description\" content=\"T\u01b0\u1ee3ng \u0111\u00e1 qu\u00fd h\u00ecnh con tr\u00e2u \u0111\u01b0\u1ee3c ch\u1ebf t\u00e1c th\u1ee7 c\u00f4ng t\u1eeb \u0111\u00e1 M\u1eaft H\u1ed5, mang \u00fd ngh\u0129a v\u1ec1 s\u1ee9c m\u1ea1nh, s\u1ef1 b\u1ec1n b\u1ec9 v\u00e0 th\u1ecbnh v\u01b0\u1ee3ng. S\u1ea3n ph\u1ea9m tinh x\u1ea3o, th\u00edch h\u1ee3p tr\u01b0ng b\u00e0y ho\u1eb7c l\u00e0m qu\u00e0 t\u1eb7ng phong th\u1ee7y \u00fd ngh\u0129a.\" \/>\n<meta name=\"robots\" content=\"index, follow, max-snippet:-1, max-image-preview:large, max-video-preview:-1\" \/>\n<link rel=\"canonical\" href=\"https:\/\/maison-chance.org\/shop\/san-pham\/tuong-da-quy-hinh-con-trau\" \/>\n<meta property=\"og:locale\" content=\"vi_VN\" \/>\n<meta property=\"og:type\" content=\"article\" \/>\n<meta property=\"og:title\" content=\"T\u01b0\u1ee3ng \u0111\u00e1 qu\u00fd h\u00ecnh con tr\u00e2u\" \/>\n<meta property=\"og:description\" content=\"T\u01b0\u1ee3ng \u0111\u00e1 qu\u00fd h\u00ecnh con tr\u00e2u \u0111\u01b0\u1ee3c ch\u1ebf t\u00e1c th\u1ee7 c\u00f4ng t\u1eeb \u0111\u00e1 M\u1eaft H\u1ed5, mang \u00fd ngh\u0129a v\u1ec1 s\u1ee9c m\u1ea1nh, s\u1ef1 b\u1ec1n b\u1ec9 v\u00e0 th\u1ecbnh v\u01b0\u1ee3ng. S\u1ea3n ph\u1ea9m tinh x\u1ea3o, th\u00edch h\u1ee3p tr\u01b0ng b\u00e0y ho\u1eb7c l\u00e0m qu\u00e0 t\u1eb7ng phong th\u1ee7y \u00fd ngh\u0129a.\" \/>\n<meta property=\"og:url\" content=\"https:\/\/maison-chance.org\/shop\/san-pham\/tuong-da-quy-hinh-con-trau\" \/>\n<meta property=\"og:site_name\" content=\"Nh\u00e0 May M\u1eafn - Maison Chance\" \/>\n<meta property=\"article:publisher\" content=\"https:\/\/www.facebook.com\/dnxh.nhamayman\/\" \/>\n<meta property=\"article:modified_time\" content=\"2025-08-20T15:49:34+00:00\" \/>\n<meta property=\"og:image\" content=\"https:\/\/maison-chance.org\/shop\/wp-content\/uploads\/2024\/06\/tuong-da-ban-quy-hinh-con-trau-1.jpg\" \/>\n\t<meta property=\"og:image:width\" content=\"600\" \/>\n\t<meta property=\"og:image:height\" content=\"600\" \/>\n\t<meta property=\"og:image:type\" content=\"image\/jpeg\" \/>\n<meta name=\"twitter:card\" content=\"summary_large_image\" \/>\n<meta name=\"twitter:label1\" content=\"Gi\u00e1\" \/>\n\t<meta name=\"twitter:data1\" content=\"60.40&nbsp;&#036;\" \/>\n\t<meta name=\"twitter:label2\" content=\"Availability\" \/>\n\t<meta name=\"twitter:data2\" content=\"In stock\" \/>\n<script type=\"application\/ld+json\" class=\"yoast-schema-graph\">{\"@context\":\"https:\/\/schema.org\",\"@graph\":[{\"@type\":\"WebPage\",\"@id\":\"https:\/\/maison-chance.org\/shop\/san-pham\/tuong-da-quy-hinh-con-trau\",\"url\":\"https:\/\/maison-chance.org\/shop\/san-pham\/tuong-da-quy-hinh-con-trau\",\"name\":\"T\u01b0\u1ee3ng \u0111\u00e1 qu\u00fd h\u00ecnh con tr\u00e2u - Nh\u00e0 May M\u1eafn - Maison Chance\",\"isPartOf\":{\"@id\":\"https:\/\/maison-chance.org\/shop\/#website\"},\"primaryImageOfPage\":{\"@id\":\"https:\/\/maison-chance.org\/shop\/san-pham\/tuong-da-quy-hinh-con-trau#primaryimage\"},\"image\":{\"@id\":\"https:\/\/maison-chance.org\/shop\/san-pham\/tuong-da-quy-hinh-con-trau#primaryimage\"},\"thumbnailUrl\":\"https:\/\/maison-chance.org\/shop\/wp-content\/uploads\/2024\/06\/tuong-da-ban-quy-hinh-con-trau-1.jpg\",\"datePublished\":\"2025-08-20T08:48:18+00:00\",\"dateModified\":\"2025-08-20T15:49:34+00:00\",\"description\":\"T\u01b0\u1ee3ng \u0111\u00e1 qu\u00fd h\u00ecnh con tr\u00e2u \u0111\u01b0\u1ee3c ch\u1ebf t\u00e1c th\u1ee7 c\u00f4ng t\u1eeb \u0111\u00e1 M\u1eaft H\u1ed5, mang \u00fd ngh\u0129a v\u1ec1 s\u1ee9c m\u1ea1nh, s\u1ef1 b\u1ec1n b\u1ec9 v\u00e0 th\u1ecbnh v\u01b0\u1ee3ng. S\u1ea3n ph\u1ea9m tinh x\u1ea3o, th\u00edch h\u1ee3p tr\u01b0ng b\u00e0y ho\u1eb7c l\u00e0m qu\u00e0 t\u1eb7ng phong th\u1ee7y \u00fd ngh\u0129a.\",\"breadcrumb\":{\"@id\":\"https:\/\/maison-chance.org\/shop\/san-pham\/tuong-da-quy-hinh-con-trau#breadcrumb\"},\"inLanguage\":\"vi-VN\",\"potentialAction\":[{\"@type\":\"ReadAction\",\"target\":[\"https:\/\/maison-chance.org\/shop\/san-pham\/tuong-da-quy-hinh-con-trau\"]}]},{\"@type\":\"ImageObject\",\"inLanguage\":\"vi-VN\",\"@id\":\"https:\/\/maison-chance.org\/shop\/san-pham\/tuong-da-quy-hinh-con-trau#primaryimage\",\"url\":\"https:\/\/maison-chance.org\/shop\/wp-content\/uploads\/2024\/06\/tuong-da-ban-quy-hinh-con-trau-1.jpg\",\"contentUrl\":\"https:\/\/maison-chance.org\/shop\/wp-content\/uploads\/2024\/06\/tuong-da-ban-quy-hinh-con-trau-1.jpg\",\"width\":600,\"height\":600,\"caption\":\"T\u01b0\u1ee3ng \u0111\u00e1 b\u00e1n qu\u00fd h\u00ecnh con tr\u00e2u\"},{\"@type\":\"BreadcrumbList\",\"@id\":\"https:\/\/maison-chance.org\/shop\/san-pham\/tuong-da-quy-hinh-con-trau#breadcrumb\",\"itemListElement\":[{\"@type\":\"ListItem\",\"position\":1,\"name\":\"Trang ch\u1ee7\",\"item\":\"https:\/\/maison-chance.org\/shop\/\"},{\"@type\":\"ListItem\",\"position\":2,\"name\":\"Shop\",\"item\":\"https:\/\/maison-chance.org\/shop\/shop\"},{\"@type\":\"ListItem\",\"position\":3,\"name\":\"T\u01b0\u1ee3ng \u0111\u00e1 qu\u00fd h\u00ecnh con tr\u00e2u\"}]},{\"@type\":\"WebSite\",\"@id\":\"https:\/\/maison-chance.org\/shop\/#website\",\"url\":\"https:\/\/maison-chance.org\/shop\/\",\"name\":\"Nh\u00e0 May M\u1eafn - Maison Chance\",\"description\":\"M\u1ecdi l\u1ee3i nhu\u1eadn thu v\u1ec1 t\u1eeb vi\u1ec7c b\u00e1n h\u00e0ng s\u1ebd tr\u00edch m\u1ed9t ph\u1ea7n \u0111\u1ec3 ch\u0103m lo cho \u0111\u1eddi s\u1ed1ng c\u00e1c b\u1ea1n khuy\u1ebft t\u1eadt v\u00e0 tr\u1ebb m\u1ed3 c\u00f4i \u1edf \u0111\u00e2y\",\"publisher\":{\"@id\":\"https:\/\/maison-chance.org\/shop\/#organization\"},\"potentialAction\":[{\"@type\":\"SearchAction\",\"target\":{\"@type\":\"EntryPoint\",\"urlTemplate\":\"https:\/\/maison-chance.org\/shop\/?s={search_term_string}\"},\"query-input\":{\"@type\":\"PropertyValueSpecification\",\"valueRequired\":true,\"valueName\":\"search_term_string\"}}],\"inLanguage\":\"vi-VN\"},{\"@type\":\"Organization\",\"@id\":\"https:\/\/maison-chance.org\/shop\/#organization\",\"name\":\"Nh\u00e0 May M\u1eafn - Maison Chance\",\"url\":\"https:\/\/maison-chance.org\/shop\/\",\"logo\":{\"@type\":\"ImageObject\",\"inLanguage\":\"vi-VN\",\"@id\":\"https:\/\/maison-chance.org\/shop\/#\/schema\/logo\/image\/\",\"url\":\"https:\/\/maison-chance.org\/shop\/wp-content\/uploads\/2024\/03\/cropped-Logo_DNXH.png\",\"contentUrl\":\"https:\/\/maison-chance.org\/shop\/wp-content\/uploads\/2024\/03\/cropped-Logo_DNXH.png\",\"width\":512,\"height\":512,\"caption\":\"Nh\u00e0 May M\u1eafn - Maison Chance\"},\"image\":{\"@id\":\"https:\/\/maison-chance.org\/shop\/#\/schema\/logo\/image\/\"},\"sameAs\":[\"https:\/\/www.facebook.com\/dnxh.nhamayman\/\"]}]}<\/script>\n<meta property=\"product:price:amount\" content=\"60.40\" \/>\n<meta property=\"product:price:currency\" content=\"USD\" \/>\n<meta property=\"og:availability\" content=\"instock\" \/>\n<meta property=\"product:availability\" content=\"instock\" \/>\n<meta property=\"product:condition\" content=\"new\" \/>\n<!-- \/ Yoast SEO Premium plugin. -->","yoast_head_json":{"title":"T\u01b0\u1ee3ng \u0111\u00e1 qu\u00fd h\u00ecnh con tr\u00e2u - Nh\u00e0 May M\u1eafn - Maison Chance","description":"T\u01b0\u1ee3ng \u0111\u00e1 qu\u00fd h\u00ecnh con tr\u00e2u \u0111\u01b0\u1ee3c ch\u1ebf t\u00e1c th\u1ee7 c\u00f4ng t\u1eeb \u0111\u00e1 M\u1eaft H\u1ed5, mang \u00fd ngh\u0129a v\u1ec1 s\u1ee9c m\u1ea1nh, s\u1ef1 b\u1ec1n b\u1ec9 v\u00e0 th\u1ecbnh v\u01b0\u1ee3ng. S\u1ea3n ph\u1ea9m tinh x\u1ea3o, th\u00edch h\u1ee3p tr\u01b0ng b\u00e0y ho\u1eb7c l\u00e0m qu\u00e0 t\u1eb7ng phong th\u1ee7y \u00fd ngh\u0129a.","robots":{"index":"index","follow":"follow","max-snippet":"max-snippet:-1","max-image-preview":"max-image-preview:large","max-video-preview":"max-video-preview:-1"},"canonical":"https:\/\/maison-chance.org\/shop\/san-pham\/tuong-da-quy-hinh-con-trau","og_locale":"vi_VN","og_type":"article","og_title":"T\u01b0\u1ee3ng \u0111\u00e1 qu\u00fd h\u00ecnh con tr\u00e2u","og_description":"T\u01b0\u1ee3ng \u0111\u00e1 qu\u00fd h\u00ecnh con tr\u00e2u \u0111\u01b0\u1ee3c ch\u1ebf t\u00e1c th\u1ee7 c\u00f4ng t\u1eeb \u0111\u00e1 M\u1eaft H\u1ed5, mang \u00fd ngh\u0129a v\u1ec1 s\u1ee9c m\u1ea1nh, s\u1ef1 b\u1ec1n b\u1ec9 v\u00e0 th\u1ecbnh v\u01b0\u1ee3ng. S\u1ea3n ph\u1ea9m tinh x\u1ea3o, th\u00edch h\u1ee3p tr\u01b0ng b\u00e0y ho\u1eb7c l\u00e0m qu\u00e0 t\u1eb7ng phong th\u1ee7y \u00fd ngh\u0129a.","og_url":"https:\/\/maison-chance.org\/shop\/san-pham\/tuong-da-quy-hinh-con-trau","og_site_name":"Nh\u00e0 May M\u1eafn - Maison Chance","article_publisher":"https:\/\/www.facebook.com\/dnxh.nhamayman\/","article_modified_time":"2025-08-20T15:49:34+00:00","og_image":[{"width":600,"height":600,"url":"https:\/\/maison-chance.org\/shop\/wp-content\/uploads\/2024\/06\/tuong-da-ban-quy-hinh-con-trau-1.jpg","type":"image\/jpeg"}],"twitter_card":"summary_large_image","twitter_misc":{"Gi\u00e1":"60.40&nbsp;&#36;","Availability":"In stock"},"schema":{"@context":"https:\/\/schema.org","@graph":[{"@type":"WebPage","@id":"https:\/\/maison-chance.org\/shop\/san-pham\/tuong-da-quy-hinh-con-trau","url":"https:\/\/maison-chance.org\/shop\/san-pham\/tuong-da-quy-hinh-con-trau","name":"T\u01b0\u1ee3ng \u0111\u00e1 qu\u00fd h\u00ecnh con tr\u00e2u - Nh\u00e0 May M\u1eafn - Maison Chance","isPartOf":{"@id":"https:\/\/maison-chance.org\/shop\/#website"},"primaryImageOfPage":{"@id":"https:\/\/maison-chance.org\/shop\/san-pham\/tuong-da-quy-hinh-con-trau#primaryimage"},"image":{"@id":"https:\/\/maison-chance.org\/shop\/san-pham\/tuong-da-quy-hinh-con-trau#primaryimage"},"thumbnailUrl":"https:\/\/maison-chance.org\/shop\/wp-content\/uploads\/2024\/06\/tuong-da-ban-quy-hinh-con-trau-1.jpg","datePublished":"2025-08-20T08:48:18+00:00","dateModified":"2025-08-20T15:49:34+00:00","description":"T\u01b0\u1ee3ng \u0111\u00e1 qu\u00fd h\u00ecnh con tr\u00e2u \u0111\u01b0\u1ee3c ch\u1ebf t\u00e1c th\u1ee7 c\u00f4ng t\u1eeb \u0111\u00e1 M\u1eaft H\u1ed5, mang \u00fd ngh\u0129a v\u1ec1 s\u1ee9c m\u1ea1nh, s\u1ef1 b\u1ec1n b\u1ec9 v\u00e0 th\u1ecbnh v\u01b0\u1ee3ng. S\u1ea3n ph\u1ea9m tinh x\u1ea3o, th\u00edch h\u1ee3p tr\u01b0ng b\u00e0y ho\u1eb7c l\u00e0m qu\u00e0 t\u1eb7ng phong th\u1ee7y \u00fd ngh\u0129a.","breadcrumb":{"@id":"https:\/\/maison-chance.org\/shop\/san-pham\/tuong-da-quy-hinh-con-trau#breadcrumb"},"inLanguage":"vi-VN","potentialAction":[{"@type":"ReadAction","target":["https:\/\/maison-chance.org\/shop\/san-pham\/tuong-da-quy-hinh-con-trau"]}]},{"@type":"ImageObject","inLanguage":"vi-VN","@id":"https:\/\/maison-chance.org\/shop\/san-pham\/tuong-da-quy-hinh-con-trau#primaryimage","url":"https:\/\/maison-chance.org\/shop\/wp-content\/uploads\/2024\/06\/tuong-da-ban-quy-hinh-con-trau-1.jpg","contentUrl":"https:\/\/maison-chance.org\/shop\/wp-content\/uploads\/2024\/06\/tuong-da-ban-quy-hinh-con-trau-1.jpg","width":600,"height":600,"caption":"T\u01b0\u1ee3ng \u0111\u00e1 b\u00e1n qu\u00fd h\u00ecnh con tr\u00e2u"},{"@type":"BreadcrumbList","@id":"https:\/\/maison-chance.org\/shop\/san-pham\/tuong-da-quy-hinh-con-trau#breadcrumb","itemListElement":[{"@type":"ListItem","position":1,"name":"Trang ch\u1ee7","item":"https:\/\/maison-chance.org\/shop\/"},{"@type":"ListItem","position":2,"name":"Shop","item":"https:\/\/maison-chance.org\/shop\/shop"},{"@type":"ListItem","position":3,"name":"T\u01b0\u1ee3ng \u0111\u00e1 qu\u00fd h\u00ecnh con tr\u00e2u"}]},{"@type":"WebSite","@id":"https:\/\/maison-chance.org\/shop\/#website","url":"https:\/\/maison-chance.org\/shop\/","name":"Nh\u00e0 May M\u1eafn - Maison Chance","description":"M\u1ecdi l\u1ee3i nhu\u1eadn thu v\u1ec1 t\u1eeb vi\u1ec7c b\u00e1n h\u00e0ng s\u1ebd tr\u00edch m\u1ed9t ph\u1ea7n \u0111\u1ec3 ch\u0103m lo cho \u0111\u1eddi s\u1ed1ng c\u00e1c b\u1ea1n khuy\u1ebft t\u1eadt v\u00e0 tr\u1ebb m\u1ed3 c\u00f4i \u1edf \u0111\u00e2y","publisher":{"@id":"https:\/\/maison-chance.org\/shop\/#organization"},"potentialAction":[{"@type":"SearchAction","target":{"@type":"EntryPoint","urlTemplate":"https:\/\/maison-chance.org\/shop\/?s={search_term_string}"},"query-input":{"@type":"PropertyValueSpecification","valueRequired":true,"valueName":"search_term_string"}}],"inLanguage":"vi-VN"},{"@type":"Organization","@id":"https:\/\/maison-chance.org\/shop\/#organization","name":"Nh\u00e0 May M\u1eafn - Maison Chance","url":"https:\/\/maison-chance.org\/shop\/","logo":{"@type":"ImageObject","inLanguage":"vi-VN","@id":"https:\/\/maison-chance.org\/shop\/#\/schema\/logo\/image\/","url":"https:\/\/maison-chance.org\/shop\/wp-content\/uploads\/2024\/03\/cropped-Logo_DNXH.png","contentUrl":"https:\/\/maison-chance.org\/shop\/wp-content\/uploads\/2024\/03\/cropped-Logo_DNXH.png","width":512,"height":512,"caption":"Nh\u00e0 May M\u1eafn - Maison Chance"},"image":{"@id":"https:\/\/maison-chance.org\/shop\/#\/schema\/logo\/image\/"},"sameAs":["https:\/\/www.facebook.com\/dnxh.nhamayman\/"]}]},"product_price_amount":"60.40","product_price_currency":"USD","og_availability":"instock","product_availability":"instock","product_condition":"new"},"_links":{"self":[{"href":"https:\/\/maison-chance.org\/shop\/wp-json\/wp\/v2\/product\/41783","targetHints":{"allow":["GET"]}}],"collection":[{"href":"https:\/\/maison-chance.org\/shop\/wp-json\/wp\/v2\/product"}],"about":[{"href":"https:\/\/maison-chance.org\/shop\/wp-json\/wp\/v2\/types\/product"}],"wp:featuredmedia":[{"embeddable":true,"href":"https:\/\/maison-chance.org\/shop\/wp-json\/wp\/v2\/media\/39732"}],"wp:attachment":[{"href":"https:\/\/maison-chance.org\/shop\/wp-json\/wp\/v2\/media?parent=41783"}],"wp:term":[{"taxonomy":"product_brand","embeddable":true,"href":"https:\/\/maison-chance.org\/shop\/wp-json\/wp\/v2\/product_brand?post=41783"},{"taxonomy":"product_cat","embeddable":true,"href":"https:\/\/maison-chance.org\/shop\/wp-json\/wp\/v2\/product_cat?post=41783"},{"taxonomy":"product_tag","embeddable":true,"href":"https:\/\/maison-chance.org\/shop\/wp-json\/wp\/v2\/product_tag?post=41783"}],"curies":[{"name":"wp","href":"https:\/\/api.w.org\/{rel}","templated":true}]}}