{"id":41792,"date":"2025-08-20T22:16:47","date_gmt":"2025-08-20T15:16:47","guid":{"rendered":"https:\/\/maison-chance.org\/shop?post_type=product&#038;p=41792"},"modified":"2025-08-20T22:53:09","modified_gmt":"2025-08-20T15:53:09","slug":"tuong-da-quy-hinh-con-de","status":"publish","type":"product","link":"https:\/\/maison-chance.org\/shop\/san-pham\/tuong-da-quy-hinh-con-de","title":{"rendered":"T\u01b0\u1ee3ng \u0111\u00e1 qu\u00fd h\u00ecnh con d\u00ea"},"content":{"rendered":"<p data-start=\"189\" data-end=\"445\">\ud83d\udc10 <a href=\"https:\/\/maison-chance.org\/shop\/san-pham\/tuong-da-quy-hinh-con-de \u200e\"><strong data-start=\"192\" data-end=\"220\">T\u01b0\u1ee3ng \u0111\u00e1 qu\u00fd h\u00ecnh con d\u00ea<\/strong><\/a>, \u0111\u01b0\u1ee3c l\u00e0m t\u1eeb \u0111\u00e1 Aventurine, l\u00e0 t\u00e1c ph\u1ea9m phong th\u1ee7y \u0111\u01b0\u1ee3c ch\u1ebf t\u00e1c ho\u00e0n to\u00e0n th\u1ee7 c\u00f4ng b\u1edfi c\u00e1c ngh\u1ec7 nh\u00e2n Nh\u00e0 May M\u1eafn. V\u1edbi m\u00e0u xanh \u00f3ng \u00e1nh \u0111\u1eb7c tr\u01b0ng, t\u01b0\u1ee3ng d\u00ea n\u1ed5i b\u1eadt v\u1ec1 m\u1eb7t th\u1ea9m m\u1ef9 v\u00e0 \u1ea9n ch\u1ee9a nhi\u1ec1u gi\u00e1 tr\u1ecb phong th\u1ee7y s\u00e2u s\u1eafc.<\/p>\n<p data-start=\"447\" data-end=\"473\">&#8211; <strong data-start=\"449\" data-end=\"471\">\u00dd ngh\u0129a phong th\u1ee7y<\/strong><\/p>\n<p data-start=\"475\" data-end=\"683\">D\u00ea l\u00e0 linh v\u1eadt bi\u1ec3u t\u01b0\u1ee3ng cho s\u1ef1 an y\u00ean, may m\u1eafn v\u00e0 th\u1ecbnh v\u01b0\u1ee3ng. T\u01b0\u1ee3ng d\u00ea gi\u00fap gia ch\u1ee7 thu h\u00fat t\u00e0i l\u1ed9c, \u1ed5n \u0111\u1ecbnh c\u00f4ng vi\u1ec7c v\u00e0 cu\u1ed9c s\u1ed1ng, \u0111\u1ed3ng th\u1eddi mang l\u1ea1i n\u0103ng l\u01b0\u1ee3ng t\u00edch c\u1ef1c v\u00e0 b\u00ecnh an cho kh\u00f4ng gian s\u1ed1ng.<\/p>\n<p data-start=\"685\" data-end=\"707\"><strong data-start=\"688\" data-end=\"705\">&#8211; Th\u00edch h\u1ee3p cho<\/strong><\/p>\n<ul data-start=\"709\" data-end=\"935\">\n<li data-start=\"709\" data-end=\"776\">\n<p data-start=\"711\" data-end=\"776\">Trang tr\u00ed ph\u00f2ng kh\u00e1ch, b\u00e0n l\u00e0m vi\u1ec7c ho\u1eb7c kh\u00f4ng gian phong th\u1ee7y.<\/p>\n<\/li>\n<li data-start=\"777\" data-end=\"869\">\n<p data-start=\"779\" data-end=\"869\">L\u00e0 qu\u00e0 t\u1eb7ng \u00fd ngh\u0129a trong d\u1ecbp khai tr\u01b0\u01a1ng, t\u00e2n gia, sinh nh\u1eadt ho\u1eb7c c\u00e1c s\u1ef1 ki\u1ec7n \u0111\u1eb7c bi\u1ec7t.<\/p>\n<\/li>\n<li data-start=\"870\" data-end=\"935\">\n<p data-start=\"872\" data-end=\"935\">M\u1ed9t m\u00f3n qu\u00e0 g\u1eedi g\u1eafm l\u1eddi ch\u00fac may m\u1eafn \u2013 b\u00ecnh an \u2013 th\u1ecbnh v\u01b0\u1ee3ng.<\/p>\n<\/li>\n<\/ul>\n<p data-start=\"937\" data-end=\"968\"><strong data-start=\"940\" data-end=\"966\">&#8211; Cam k\u1ebft t\u1eeb Nh\u00e0 May M\u1eafn<\/strong><\/p>\n<ul data-start=\"970\" data-end=\"1150\">\n<li data-start=\"970\" data-end=\"1031\">\n<p data-start=\"972\" data-end=\"1031\">Ho\u00e0n to\u00e0n th\u1ee7 c\u00f4ng, m\u1ed7i s\u1ea3n ph\u1ea9m l\u00e0 m\u1ed9t t\u00e1c ph\u1ea9m \u0111\u1ed9c b\u1ea3n.<\/p>\n<\/li>\n<li data-start=\"1032\" data-end=\"1093\">\n<p data-start=\"1034\" data-end=\"1093\">\u0110\u00e1 Aventurine th\u1eadt, \u0111\u01b0\u1ee3c ki\u1ec3m tra k\u1ef9 tr\u01b0\u1edbc khi giao h\u00e0ng.<\/p>\n<\/li>\n<li data-start=\"1094\" data-end=\"1150\">\n<p data-start=\"1096\" data-end=\"1150\">\u0110\u00f3ng g\u00f3i c\u1ea9n th\u1eadn, sang tr\u1ecdng, ph\u00f9 h\u1ee3p l\u00e0m qu\u00e0 t\u1eb7ng.<\/p>\n<\/li>\n<\/ul>\n<p data-start=\"1152\" data-end=\"1333\">\ud83d\udc49 <a href=\"https:\/\/maison-chance.org\/shop\/san-pham\/tuong-da-quy-hinh-con-de \u200e\"><strong data-start=\"1155\" data-end=\"1183\">T\u01b0\u1ee3ng \u0111\u00e1 qu\u00fd h\u00ecnh con d\u00ea<\/strong><\/a> kh\u00f4ng ch\u1ec9 l\u00e0 v\u1eadt ph\u1ea9m trang tr\u00ed tinh x\u1ea3o, m\u00e0 c\u00f2n l\u00e0 bi\u1ec3u t\u01b0\u1ee3ng phong th\u1ee7y mang \u0111\u1ebfn may m\u1eafn, n\u0103ng l\u01b0\u1ee3ng t\u00edch c\u1ef1c v\u00e0 s\u1ef1 th\u1ecbnh v\u01b0\u1ee3ng cho ng\u01b0\u1eddi s\u1edf h\u1eefu.<\/p>\n","protected":false},"excerpt":{"rendered":"<ul>\n<li data-start=\"143\" data-end=\"320\"><strong data-start=\"178\" data-end=\"192\">Ch\u1ea5t li\u1ec7u:<\/strong> \u0110\u00e1 Aventurine<\/li>\n<li data-start=\"143\" data-end=\"320\"><strong data-start=\"206\" data-end=\"222\" data-is-only-node=\"\">Tr\u1ecdng l\u01b0\u1ee3ng:<\/strong> 80 gr<\/li>\n<li data-start=\"143\" data-end=\"320\"><strong data-start=\"232\" data-end=\"247\">K\u00edch th\u01b0\u1edbc:<\/strong> 5*4*6 cm<\/li>\n<li><strong data-start=\"261\" data-end=\"270\">Code:<\/strong> TU08<\/li>\n<\/ul>\n<p><strong data-start=\"278\" data-end=\"299\">Li\u00ean h\u1ec7 mua h\u00e0ng t\u1ea1i Vi\u1ec7t Nam: 090 906 2528<\/strong><\/p>\n","protected":false},"featured_media":39627,"template":"","meta":[],"product_brand":[],"product_cat":[158],"product_tag":[],"class_list":{"0":"post-41792","1":"product","2":"type-product","3":"status-publish","4":"has-post-thumbnail","6":"product_cat-tuong-da-my-nghe","8":"first","9":"instock","10":"shipping-taxable","11":"purchasable","12":"product-type-simple"},"yoast_head":"<!-- This site is optimized with the Yoast SEO Premium plugin v22.7 (Yoast SEO v25.3.1) - https:\/\/yoast.com\/wordpress\/plugins\/seo\/ -->\n<title>T\u01b0\u1ee3ng \u0111\u00e1 qu\u00fd h\u00ecnh con d\u00ea - Nh\u00e0 May M\u1eafn - Maison Chance<\/title>\n<meta name=\"description\" content=\"T\u01b0\u1ee3ng \u0111\u00e1 qu\u00fd h\u00ecnh con d\u00ea, \u0111\u01b0\u1ee3c l\u00e0m t\u1eeb \u0111\u00e1 Aventurine \u2013 bi\u1ec3u t\u01b0\u1ee3ng may m\u1eafn, b\u00ecnh an v\u00e0 th\u1ecbnh v\u01b0\u1ee3ng. Trang tr\u00ed ph\u00f2ng kh\u00e1ch, b\u00e0n l\u00e0m vi\u1ec7c ho\u1eb7c l\u00e0m qu\u00e0 t\u1eb7ng \u00fd ngh\u0129a.\" \/>\n<meta name=\"robots\" content=\"index, follow, max-snippet:-1, max-image-preview:large, max-video-preview:-1\" \/>\n<link rel=\"canonical\" href=\"https:\/\/maison-chance.org\/shop\/san-pham\/tuong-da-quy-hinh-con-de\" \/>\n<meta property=\"og:locale\" content=\"vi_VN\" \/>\n<meta property=\"og:type\" content=\"article\" \/>\n<meta property=\"og:title\" content=\"T\u01b0\u1ee3ng \u0111\u00e1 qu\u00fd h\u00ecnh con d\u00ea\" \/>\n<meta property=\"og:description\" content=\"T\u01b0\u1ee3ng \u0111\u00e1 qu\u00fd h\u00ecnh con d\u00ea, \u0111\u01b0\u1ee3c l\u00e0m t\u1eeb \u0111\u00e1 Aventurine \u2013 bi\u1ec3u t\u01b0\u1ee3ng may m\u1eafn, b\u00ecnh an v\u00e0 th\u1ecbnh v\u01b0\u1ee3ng. Trang tr\u00ed ph\u00f2ng kh\u00e1ch, b\u00e0n l\u00e0m vi\u1ec7c ho\u1eb7c l\u00e0m qu\u00e0 t\u1eb7ng \u00fd ngh\u0129a.\" \/>\n<meta property=\"og:url\" content=\"https:\/\/maison-chance.org\/shop\/san-pham\/tuong-da-quy-hinh-con-de\" \/>\n<meta property=\"og:site_name\" content=\"Nh\u00e0 May M\u1eafn - Maison Chance\" \/>\n<meta property=\"article:publisher\" content=\"https:\/\/www.facebook.com\/dnxh.nhamayman\/\" \/>\n<meta property=\"article:modified_time\" content=\"2025-08-20T15:53:09+00:00\" \/>\n<meta property=\"og:image\" content=\"https:\/\/maison-chance.org\/shop\/wp-content\/uploads\/2024\/06\/tuong-da-ban-quy-hinh-con-de-2.jpg\" \/>\n\t<meta property=\"og:image:width\" content=\"600\" \/>\n\t<meta property=\"og:image:height\" content=\"600\" \/>\n\t<meta property=\"og:image:type\" content=\"image\/jpeg\" \/>\n<meta name=\"twitter:card\" content=\"summary_large_image\" \/>\n<meta name=\"twitter:label1\" content=\"Gi\u00e1\" \/>\n\t<meta name=\"twitter:data1\" content=\"42.60&nbsp;&#036;\" \/>\n\t<meta name=\"twitter:label2\" content=\"Availability\" \/>\n\t<meta name=\"twitter:data2\" content=\"In stock\" \/>\n<script type=\"application\/ld+json\" class=\"yoast-schema-graph\">{\"@context\":\"https:\/\/schema.org\",\"@graph\":[{\"@type\":\"WebPage\",\"@id\":\"https:\/\/maison-chance.org\/shop\/san-pham\/tuong-da-quy-hinh-con-de\",\"url\":\"https:\/\/maison-chance.org\/shop\/san-pham\/tuong-da-quy-hinh-con-de\",\"name\":\"T\u01b0\u1ee3ng \u0111\u00e1 qu\u00fd h\u00ecnh con d\u00ea - Nh\u00e0 May M\u1eafn - Maison Chance\",\"isPartOf\":{\"@id\":\"https:\/\/maison-chance.org\/shop\/#website\"},\"primaryImageOfPage\":{\"@id\":\"https:\/\/maison-chance.org\/shop\/san-pham\/tuong-da-quy-hinh-con-de#primaryimage\"},\"image\":{\"@id\":\"https:\/\/maison-chance.org\/shop\/san-pham\/tuong-da-quy-hinh-con-de#primaryimage\"},\"thumbnailUrl\":\"https:\/\/maison-chance.org\/shop\/wp-content\/uploads\/2024\/06\/tuong-da-ban-quy-hinh-con-de-2.jpg\",\"datePublished\":\"2025-08-20T15:16:47+00:00\",\"dateModified\":\"2025-08-20T15:53:09+00:00\",\"description\":\"T\u01b0\u1ee3ng \u0111\u00e1 qu\u00fd h\u00ecnh con d\u00ea, \u0111\u01b0\u1ee3c l\u00e0m t\u1eeb \u0111\u00e1 Aventurine \u2013 bi\u1ec3u t\u01b0\u1ee3ng may m\u1eafn, b\u00ecnh an v\u00e0 th\u1ecbnh v\u01b0\u1ee3ng. Trang tr\u00ed ph\u00f2ng kh\u00e1ch, b\u00e0n l\u00e0m vi\u1ec7c ho\u1eb7c l\u00e0m qu\u00e0 t\u1eb7ng \u00fd ngh\u0129a.\",\"breadcrumb\":{\"@id\":\"https:\/\/maison-chance.org\/shop\/san-pham\/tuong-da-quy-hinh-con-de#breadcrumb\"},\"inLanguage\":\"vi-VN\",\"potentialAction\":[{\"@type\":\"ReadAction\",\"target\":[\"https:\/\/maison-chance.org\/shop\/san-pham\/tuong-da-quy-hinh-con-de\"]}]},{\"@type\":\"ImageObject\",\"inLanguage\":\"vi-VN\",\"@id\":\"https:\/\/maison-chance.org\/shop\/san-pham\/tuong-da-quy-hinh-con-de#primaryimage\",\"url\":\"https:\/\/maison-chance.org\/shop\/wp-content\/uploads\/2024\/06\/tuong-da-ban-quy-hinh-con-de-2.jpg\",\"contentUrl\":\"https:\/\/maison-chance.org\/shop\/wp-content\/uploads\/2024\/06\/tuong-da-ban-quy-hinh-con-de-2.jpg\",\"width\":600,\"height\":600,\"caption\":\"T\u01b0\u1ee3ng \u0111\u00e1 b\u00e1n qu\u00fd h\u00ecnh con d\u00ea\"},{\"@type\":\"BreadcrumbList\",\"@id\":\"https:\/\/maison-chance.org\/shop\/san-pham\/tuong-da-quy-hinh-con-de#breadcrumb\",\"itemListElement\":[{\"@type\":\"ListItem\",\"position\":1,\"name\":\"Trang ch\u1ee7\",\"item\":\"https:\/\/maison-chance.org\/shop\/\"},{\"@type\":\"ListItem\",\"position\":2,\"name\":\"Shop\",\"item\":\"https:\/\/maison-chance.org\/shop\/shop\"},{\"@type\":\"ListItem\",\"position\":3,\"name\":\"T\u01b0\u1ee3ng \u0111\u00e1 qu\u00fd h\u00ecnh con d\u00ea\"}]},{\"@type\":\"WebSite\",\"@id\":\"https:\/\/maison-chance.org\/shop\/#website\",\"url\":\"https:\/\/maison-chance.org\/shop\/\",\"name\":\"Nh\u00e0 May M\u1eafn - Maison Chance\",\"description\":\"M\u1ecdi l\u1ee3i nhu\u1eadn thu v\u1ec1 t\u1eeb vi\u1ec7c b\u00e1n h\u00e0ng s\u1ebd tr\u00edch m\u1ed9t ph\u1ea7n \u0111\u1ec3 ch\u0103m lo cho \u0111\u1eddi s\u1ed1ng c\u00e1c b\u1ea1n khuy\u1ebft t\u1eadt v\u00e0 tr\u1ebb m\u1ed3 c\u00f4i \u1edf \u0111\u00e2y\",\"publisher\":{\"@id\":\"https:\/\/maison-chance.org\/shop\/#organization\"},\"potentialAction\":[{\"@type\":\"SearchAction\",\"target\":{\"@type\":\"EntryPoint\",\"urlTemplate\":\"https:\/\/maison-chance.org\/shop\/?s={search_term_string}\"},\"query-input\":{\"@type\":\"PropertyValueSpecification\",\"valueRequired\":true,\"valueName\":\"search_term_string\"}}],\"inLanguage\":\"vi-VN\"},{\"@type\":\"Organization\",\"@id\":\"https:\/\/maison-chance.org\/shop\/#organization\",\"name\":\"Nh\u00e0 May M\u1eafn - Maison Chance\",\"url\":\"https:\/\/maison-chance.org\/shop\/\",\"logo\":{\"@type\":\"ImageObject\",\"inLanguage\":\"vi-VN\",\"@id\":\"https:\/\/maison-chance.org\/shop\/#\/schema\/logo\/image\/\",\"url\":\"https:\/\/maison-chance.org\/shop\/wp-content\/uploads\/2024\/03\/cropped-Logo_DNXH.png\",\"contentUrl\":\"https:\/\/maison-chance.org\/shop\/wp-content\/uploads\/2024\/03\/cropped-Logo_DNXH.png\",\"width\":512,\"height\":512,\"caption\":\"Nh\u00e0 May M\u1eafn - Maison Chance\"},\"image\":{\"@id\":\"https:\/\/maison-chance.org\/shop\/#\/schema\/logo\/image\/\"},\"sameAs\":[\"https:\/\/www.facebook.com\/dnxh.nhamayman\/\"]}]}<\/script>\n<meta property=\"product:price:amount\" content=\"42.60\" \/>\n<meta property=\"product:price:currency\" content=\"USD\" \/>\n<meta property=\"og:availability\" content=\"instock\" \/>\n<meta property=\"product:availability\" content=\"instock\" \/>\n<meta property=\"product:condition\" content=\"new\" \/>\n<!-- \/ Yoast SEO Premium plugin. -->","yoast_head_json":{"title":"T\u01b0\u1ee3ng \u0111\u00e1 qu\u00fd h\u00ecnh con d\u00ea - Nh\u00e0 May M\u1eafn - Maison Chance","description":"T\u01b0\u1ee3ng \u0111\u00e1 qu\u00fd h\u00ecnh con d\u00ea, \u0111\u01b0\u1ee3c l\u00e0m t\u1eeb \u0111\u00e1 Aventurine \u2013 bi\u1ec3u t\u01b0\u1ee3ng may m\u1eafn, b\u00ecnh an v\u00e0 th\u1ecbnh v\u01b0\u1ee3ng. Trang tr\u00ed ph\u00f2ng kh\u00e1ch, b\u00e0n l\u00e0m vi\u1ec7c ho\u1eb7c l\u00e0m qu\u00e0 t\u1eb7ng \u00fd ngh\u0129a.","robots":{"index":"index","follow":"follow","max-snippet":"max-snippet:-1","max-image-preview":"max-image-preview:large","max-video-preview":"max-video-preview:-1"},"canonical":"https:\/\/maison-chance.org\/shop\/san-pham\/tuong-da-quy-hinh-con-de","og_locale":"vi_VN","og_type":"article","og_title":"T\u01b0\u1ee3ng \u0111\u00e1 qu\u00fd h\u00ecnh con d\u00ea","og_description":"T\u01b0\u1ee3ng \u0111\u00e1 qu\u00fd h\u00ecnh con d\u00ea, \u0111\u01b0\u1ee3c l\u00e0m t\u1eeb \u0111\u00e1 Aventurine \u2013 bi\u1ec3u t\u01b0\u1ee3ng may m\u1eafn, b\u00ecnh an v\u00e0 th\u1ecbnh v\u01b0\u1ee3ng. Trang tr\u00ed ph\u00f2ng kh\u00e1ch, b\u00e0n l\u00e0m vi\u1ec7c ho\u1eb7c l\u00e0m qu\u00e0 t\u1eb7ng \u00fd ngh\u0129a.","og_url":"https:\/\/maison-chance.org\/shop\/san-pham\/tuong-da-quy-hinh-con-de","og_site_name":"Nh\u00e0 May M\u1eafn - Maison Chance","article_publisher":"https:\/\/www.facebook.com\/dnxh.nhamayman\/","article_modified_time":"2025-08-20T15:53:09+00:00","og_image":[{"width":600,"height":600,"url":"https:\/\/maison-chance.org\/shop\/wp-content\/uploads\/2024\/06\/tuong-da-ban-quy-hinh-con-de-2.jpg","type":"image\/jpeg"}],"twitter_card":"summary_large_image","twitter_misc":{"Gi\u00e1":"42.60&nbsp;&#36;","Availability":"In stock"},"schema":{"@context":"https:\/\/schema.org","@graph":[{"@type":"WebPage","@id":"https:\/\/maison-chance.org\/shop\/san-pham\/tuong-da-quy-hinh-con-de","url":"https:\/\/maison-chance.org\/shop\/san-pham\/tuong-da-quy-hinh-con-de","name":"T\u01b0\u1ee3ng \u0111\u00e1 qu\u00fd h\u00ecnh con d\u00ea - Nh\u00e0 May M\u1eafn - Maison Chance","isPartOf":{"@id":"https:\/\/maison-chance.org\/shop\/#website"},"primaryImageOfPage":{"@id":"https:\/\/maison-chance.org\/shop\/san-pham\/tuong-da-quy-hinh-con-de#primaryimage"},"image":{"@id":"https:\/\/maison-chance.org\/shop\/san-pham\/tuong-da-quy-hinh-con-de#primaryimage"},"thumbnailUrl":"https:\/\/maison-chance.org\/shop\/wp-content\/uploads\/2024\/06\/tuong-da-ban-quy-hinh-con-de-2.jpg","datePublished":"2025-08-20T15:16:47+00:00","dateModified":"2025-08-20T15:53:09+00:00","description":"T\u01b0\u1ee3ng \u0111\u00e1 qu\u00fd h\u00ecnh con d\u00ea, \u0111\u01b0\u1ee3c l\u00e0m t\u1eeb \u0111\u00e1 Aventurine \u2013 bi\u1ec3u t\u01b0\u1ee3ng may m\u1eafn, b\u00ecnh an v\u00e0 th\u1ecbnh v\u01b0\u1ee3ng. Trang tr\u00ed ph\u00f2ng kh\u00e1ch, b\u00e0n l\u00e0m vi\u1ec7c ho\u1eb7c l\u00e0m qu\u00e0 t\u1eb7ng \u00fd ngh\u0129a.","breadcrumb":{"@id":"https:\/\/maison-chance.org\/shop\/san-pham\/tuong-da-quy-hinh-con-de#breadcrumb"},"inLanguage":"vi-VN","potentialAction":[{"@type":"ReadAction","target":["https:\/\/maison-chance.org\/shop\/san-pham\/tuong-da-quy-hinh-con-de"]}]},{"@type":"ImageObject","inLanguage":"vi-VN","@id":"https:\/\/maison-chance.org\/shop\/san-pham\/tuong-da-quy-hinh-con-de#primaryimage","url":"https:\/\/maison-chance.org\/shop\/wp-content\/uploads\/2024\/06\/tuong-da-ban-quy-hinh-con-de-2.jpg","contentUrl":"https:\/\/maison-chance.org\/shop\/wp-content\/uploads\/2024\/06\/tuong-da-ban-quy-hinh-con-de-2.jpg","width":600,"height":600,"caption":"T\u01b0\u1ee3ng \u0111\u00e1 b\u00e1n qu\u00fd h\u00ecnh con d\u00ea"},{"@type":"BreadcrumbList","@id":"https:\/\/maison-chance.org\/shop\/san-pham\/tuong-da-quy-hinh-con-de#breadcrumb","itemListElement":[{"@type":"ListItem","position":1,"name":"Trang ch\u1ee7","item":"https:\/\/maison-chance.org\/shop\/"},{"@type":"ListItem","position":2,"name":"Shop","item":"https:\/\/maison-chance.org\/shop\/shop"},{"@type":"ListItem","position":3,"name":"T\u01b0\u1ee3ng \u0111\u00e1 qu\u00fd h\u00ecnh con d\u00ea"}]},{"@type":"WebSite","@id":"https:\/\/maison-chance.org\/shop\/#website","url":"https:\/\/maison-chance.org\/shop\/","name":"Nh\u00e0 May M\u1eafn - Maison Chance","description":"M\u1ecdi l\u1ee3i nhu\u1eadn thu v\u1ec1 t\u1eeb vi\u1ec7c b\u00e1n h\u00e0ng s\u1ebd tr\u00edch m\u1ed9t ph\u1ea7n \u0111\u1ec3 ch\u0103m lo cho \u0111\u1eddi s\u1ed1ng c\u00e1c b\u1ea1n khuy\u1ebft t\u1eadt v\u00e0 tr\u1ebb m\u1ed3 c\u00f4i \u1edf \u0111\u00e2y","publisher":{"@id":"https:\/\/maison-chance.org\/shop\/#organization"},"potentialAction":[{"@type":"SearchAction","target":{"@type":"EntryPoint","urlTemplate":"https:\/\/maison-chance.org\/shop\/?s={search_term_string}"},"query-input":{"@type":"PropertyValueSpecification","valueRequired":true,"valueName":"search_term_string"}}],"inLanguage":"vi-VN"},{"@type":"Organization","@id":"https:\/\/maison-chance.org\/shop\/#organization","name":"Nh\u00e0 May M\u1eafn - Maison Chance","url":"https:\/\/maison-chance.org\/shop\/","logo":{"@type":"ImageObject","inLanguage":"vi-VN","@id":"https:\/\/maison-chance.org\/shop\/#\/schema\/logo\/image\/","url":"https:\/\/maison-chance.org\/shop\/wp-content\/uploads\/2024\/03\/cropped-Logo_DNXH.png","contentUrl":"https:\/\/maison-chance.org\/shop\/wp-content\/uploads\/2024\/03\/cropped-Logo_DNXH.png","width":512,"height":512,"caption":"Nh\u00e0 May M\u1eafn - Maison Chance"},"image":{"@id":"https:\/\/maison-chance.org\/shop\/#\/schema\/logo\/image\/"},"sameAs":["https:\/\/www.facebook.com\/dnxh.nhamayman\/"]}]},"product_price_amount":"42.60","product_price_currency":"USD","og_availability":"instock","product_availability":"instock","product_condition":"new"},"_links":{"self":[{"href":"https:\/\/maison-chance.org\/shop\/wp-json\/wp\/v2\/product\/41792","targetHints":{"allow":["GET"]}}],"collection":[{"href":"https:\/\/maison-chance.org\/shop\/wp-json\/wp\/v2\/product"}],"about":[{"href":"https:\/\/maison-chance.org\/shop\/wp-json\/wp\/v2\/types\/product"}],"wp:featuredmedia":[{"embeddable":true,"href":"https:\/\/maison-chance.org\/shop\/wp-json\/wp\/v2\/media\/39627"}],"wp:attachment":[{"href":"https:\/\/maison-chance.org\/shop\/wp-json\/wp\/v2\/media?parent=41792"}],"wp:term":[{"taxonomy":"product_brand","embeddable":true,"href":"https:\/\/maison-chance.org\/shop\/wp-json\/wp\/v2\/product_brand?post=41792"},{"taxonomy":"product_cat","embeddable":true,"href":"https:\/\/maison-chance.org\/shop\/wp-json\/wp\/v2\/product_cat?post=41792"},{"taxonomy":"product_tag","embeddable":true,"href":"https:\/\/maison-chance.org\/shop\/wp-json\/wp\/v2\/product_tag?post=41792"}],"curies":[{"name":"wp","href":"https:\/\/api.w.org\/{rel}","templated":true}]}}