{"id":41975,"date":"2025-08-26T10:44:10","date_gmt":"2025-08-26T03:44:10","guid":{"rendered":"https:\/\/maison-chance.org\/shop?post_type=product&#038;p=41975"},"modified":"2025-08-26T10:44:12","modified_gmt":"2025-08-26T03:44:12","slug":"mat-day-chuyen-da-hinh-trai-tim","status":"publish","type":"product","link":"https:\/\/maison-chance.org\/shop\/san-pham\/mat-day-chuyen-da-hinh-trai-tim","title":{"rendered":"M\u1eb7t d\u00e2y chuy\u1ec1n \u0111\u00e1 h\u00ecnh tr\u00e1i tim"},"content":{"rendered":"<p><span data-sheets-root=\"1\"><strong>M\u1eb7t d\u00e2y chuy\u1ec1n \u0111\u00e1 h\u00ecnh tr\u00e1i tim<\/strong> \u0111\u01b0\u1ee3c ch\u1ebf t\u00e1c th\u1ee7 c\u00f4ng tinh x\u1ea3o t\u1eeb \u0111\u00e1 t\u1ef1 nhi\u00ean. V\u1edbi gam m\u00e0u trong s\u00e1ng v\u00e0 l\u1ea5p l\u00e1nh, s\u1ea3n ph\u1ea9m v\u1eeba mang v\u1ebb \u0111\u1eb9p tinh t\u1ebf, v\u1eeba ch\u1ee9a \u0111\u1ef1ng nhi\u1ec1u gi\u00e1 tr\u1ecb phong th\u1ee7y.<\/p>\n<p>Trong phong th\u1ee7y, th\u1ea1ch anh \u0111\u01b0\u1ee3c xem l\u00e0 lo\u1ea1i \u0111\u00e1 mang l\u1ea1i n\u0103ng l\u01b0\u1ee3ng t\u00edch c\u1ef1c, gi\u00fap c\u00e2n b\u1eb1ng c\u1ea3m x\u00fac, xua tan c\u0103ng th\u1eb3ng v\u00e0 thu h\u00fat may m\u1eafn. H\u00ecnh tr\u00e1i tim t\u01b0\u1ee3ng tr\u01b0ng cho t\u00ecnh y\u00eau, s\u1ef1 g\u1eafn k\u1ebft v\u00e0 l\u00f2ng ch\u00e2n th\u00e0nh \u2013 ph\u00f9 h\u1ee3p cho nh\u1eefng ai mong mu\u1ed1n mang theo b\u00ean m\u00ecnh s\u1ef1 b\u00ecnh an v\u00e0 t\u00ecnh duy\u00ean thu\u1eadn l\u1ee3i.<\/p>\n<p>Kh\u00f4ng ch\u1ec9 l\u00e0 m\u00f3n trang s\u1ee9c \u0111\u1ed9c \u0111\u00e1o, m\u1eb7t d\u00e2y chuy\u1ec1n c\u00f2n l\u00e0 m\u00f3n qu\u00e0 \u00fd ngh\u0129a d\u00e0nh t\u1eb7ng cho ng\u01b0\u1eddi th\u00e2n, b\u1ea1n b\u00e8 hay n\u1eeda kia trong nh\u1eefng d\u1ecbp \u0111\u1eb7c bi\u1ec7t. S\u1ea3n ph\u1ea9m c\u00f3 k\u00edch th\u01b0\u1edbc nh\u1ecf g\u1ecdn, d\u1ec5 d\u00e0ng k\u1ebft h\u1ee3p v\u1edbi nhi\u1ec1u lo\u1ea1i d\u00e2y kh\u00e1c nhau, t\u1ea1o \u0111i\u1ec3m nh\u1ea5n tinh t\u1ebf cho phong c\u00e1ch h\u00e0ng ng\u00e0y.<\/p>\n<p><strong>\u2728 G\u1ee3i \u00fd s\u1eed d\u1ee5ng &amp; b\u1ea3o qu\u1ea3n<\/strong><\/p>\n<p>&#8211; \u0110eo h\u00e0ng ng\u00e0y \u0111\u1ec3 t\u0103ng th\u00eam n\u0103ng l\u01b0\u1ee3ng t\u00edch c\u1ef1c v\u00e0 s\u1ef1 t\u1ef1 tin.<br \/>\n&#8211; K\u1ebft h\u1ee3p c\u00f9ng d\u00e2y b\u1ea1c ho\u1eb7c d\u00e2y da \u0111\u1ec3 t\u1ea1o phong c\u00e1ch ri\u00eang.<br \/>\n&#8211; H\u1ea1n ch\u1ebf ti\u1ebfp x\u00fac tr\u1ef1c ti\u1ebfp v\u1edbi h\u00f3a ch\u1ea5t, n\u01b0\u1edbc hoa hay ch\u1ea5t t\u1ea9y r\u1eeda \u0111\u1ec3 gi\u1eef m\u00e0u s\u1eafc v\u00e0 \u0111\u1ed9 s\u00e1ng l\u00e2u b\u1ec1n.<br \/>\n&#8211; Khi kh\u00f4ng s\u1eed d\u1ee5ng, n\u00ean b\u1ea3o qu\u1ea3n trong h\u1ed9p ho\u1eb7c t\u00fai v\u1ea3i m\u1ec1m \u0111\u1ec3 tr\u00e1nh tr\u1ea7y x\u01b0\u1edbc.<\/span><\/p>\n","protected":false},"excerpt":{"rendered":"<ul>\n<li><span data-sheets-root=\"1\"><strong>Ch\u1ea5t li\u1ec7u<\/strong>: \u0110\u00e1 Th\u1ea1ch Anh<\/span><\/li>\n<li><span data-sheets-root=\"1\"><strong>H\u00ecnh d\u00e1ng<\/strong>: Tr\u00e1i tim<br \/>\n<\/span><\/li>\n<li><span data-sheets-root=\"1\"><strong>K\u00edch th\u01b0\u1edbc<\/strong>: 2,5*2,5 cm<br \/>\n<\/span><\/li>\n<li><span data-sheets-root=\"1\"><strong>Kh\u1ed1i l\u01b0\u1ee3ng<\/strong>: 15 gr<br \/>\n<\/span><\/li>\n<li><span data-sheets-root=\"1\"><strong>Code<\/strong>: MDCDQ02<br \/>\n<\/span><\/li>\n<li><span data-sheets-root=\"1\"><strong>Xu\u1ea5t x\u1ee9<\/strong>: Nh\u00e0 May M\u1eafn \u2013 ch\u1ebf t\u00e1c th\u1ee7 c\u00f4ng \u0111\u1ed9c b\u1ea3n<br \/>\n<\/span><\/li>\n<\/ul>\n<p><span data-sheets-root=\"1\"><em><strong>\ud83d\udcde Li\u00ean h\u1ec7 mua h\u00e0ng t\u1ea1i Vi\u1ec7t Nam: 090 906 2528<\/strong><\/em><\/span><\/p>\n","protected":false},"featured_media":35935,"template":"","meta":[],"product_brand":[],"product_cat":[160,157],"product_tag":[],"class_list":{"0":"post-41975","1":"product","2":"type-product","3":"status-publish","4":"has-post-thumbnail","6":"product_cat-mat-day-chuyen-da-my-nghe","7":"product_cat-phong-da-my-nghe","9":"first","10":"instock","11":"shipping-taxable","12":"purchasable","13":"product-type-simple"},"yoast_head":"<!-- This site is optimized with the Yoast SEO Premium plugin v22.7 (Yoast SEO v25.3.1) - https:\/\/yoast.com\/wordpress\/plugins\/seo\/ -->\n<title>M\u1eb7t d\u00e2y chuy\u1ec1n \u0111\u00e1 h\u00ecnh tr\u00e1i tim - Nh\u00e0 May M\u1eafn - Maison Chance<\/title>\n<meta name=\"description\" content=\"M\u1eb7t d\u00e2y chuy\u1ec1n \u0111\u00e1 h\u00ecnh tr\u00e1i tim \u2013 \u0111\u01b0\u1ee3c ch\u1ebf t\u00e1c th\u1ee7 c\u00f4ng t\u1eeb \u0111\u00e1 Th\u1ea1ch Anh t\u1ef1 nhi\u00ean. V\u1edbi gam m\u00e0u trong s\u00e1ng v\u00e0 l\u1ea5p l\u00e1nh, s\u1ea3n ph\u1ea9m kh\u00f4ng ch\u1ec9 mang v\u1ebb \u0111\u1eb9p tinh t\u1ebf m\u00e0 c\u00f2n ch\u1ee9a \u0111\u1ef1ng \u00fd ngh\u0129a phong th\u1ee7y s\u00e2u s\u1eafc.\" \/>\n<meta name=\"robots\" content=\"index, follow, max-snippet:-1, max-image-preview:large, max-video-preview:-1\" \/>\n<link rel=\"canonical\" href=\"https:\/\/maison-chance.org\/shop\/san-pham\/mat-day-chuyen-da-hinh-trai-tim\" \/>\n<meta property=\"og:locale\" content=\"vi_VN\" \/>\n<meta property=\"og:type\" content=\"article\" \/>\n<meta property=\"og:title\" content=\"M\u1eb7t d\u00e2y chuy\u1ec1n \u0111\u00e1 h\u00ecnh tr\u00e1i tim\" \/>\n<meta property=\"og:description\" content=\"M\u1eb7t d\u00e2y chuy\u1ec1n \u0111\u00e1 h\u00ecnh tr\u00e1i tim \u2013 \u0111\u01b0\u1ee3c ch\u1ebf t\u00e1c th\u1ee7 c\u00f4ng t\u1eeb \u0111\u00e1 Th\u1ea1ch Anh t\u1ef1 nhi\u00ean. V\u1edbi gam m\u00e0u trong s\u00e1ng v\u00e0 l\u1ea5p l\u00e1nh, s\u1ea3n ph\u1ea9m kh\u00f4ng ch\u1ec9 mang v\u1ebb \u0111\u1eb9p tinh t\u1ebf m\u00e0 c\u00f2n ch\u1ee9a \u0111\u1ef1ng \u00fd ngh\u0129a phong th\u1ee7y s\u00e2u s\u1eafc.\" \/>\n<meta property=\"og:url\" content=\"https:\/\/maison-chance.org\/shop\/san-pham\/mat-day-chuyen-da-hinh-trai-tim\" \/>\n<meta property=\"og:site_name\" content=\"Nh\u00e0 May M\u1eafn - Maison Chance\" \/>\n<meta property=\"article:publisher\" content=\"https:\/\/www.facebook.com\/dnxh.nhamayman\/\" \/>\n<meta property=\"article:modified_time\" content=\"2025-08-26T03:44:12+00:00\" \/>\n<meta property=\"og:image\" content=\"https:\/\/maison-chance.org\/shop\/wp-content\/uploads\/2024\/03\/trai-tim.jpg\" \/>\n\t<meta property=\"og:image:width\" content=\"600\" \/>\n\t<meta property=\"og:image:height\" content=\"600\" \/>\n\t<meta property=\"og:image:type\" content=\"image\/jpeg\" \/>\n<meta name=\"twitter:card\" content=\"summary_large_image\" \/>\n<meta name=\"twitter:label1\" content=\"Gi\u00e1\" \/>\n\t<meta name=\"twitter:data1\" content=\"13.70&nbsp;&#036;\" \/>\n\t<meta name=\"twitter:label2\" content=\"Availability\" \/>\n\t<meta name=\"twitter:data2\" content=\"In stock\" \/>\n<script type=\"application\/ld+json\" class=\"yoast-schema-graph\">{\"@context\":\"https:\/\/schema.org\",\"@graph\":[{\"@type\":\"WebPage\",\"@id\":\"https:\/\/maison-chance.org\/shop\/san-pham\/mat-day-chuyen-da-hinh-trai-tim\",\"url\":\"https:\/\/maison-chance.org\/shop\/san-pham\/mat-day-chuyen-da-hinh-trai-tim\",\"name\":\"M\u1eb7t d\u00e2y chuy\u1ec1n \u0111\u00e1 h\u00ecnh tr\u00e1i tim - Nh\u00e0 May M\u1eafn - Maison Chance\",\"isPartOf\":{\"@id\":\"https:\/\/maison-chance.org\/shop\/#website\"},\"primaryImageOfPage\":{\"@id\":\"https:\/\/maison-chance.org\/shop\/san-pham\/mat-day-chuyen-da-hinh-trai-tim#primaryimage\"},\"image\":{\"@id\":\"https:\/\/maison-chance.org\/shop\/san-pham\/mat-day-chuyen-da-hinh-trai-tim#primaryimage\"},\"thumbnailUrl\":\"https:\/\/maison-chance.org\/shop\/wp-content\/uploads\/2024\/03\/trai-tim.jpg\",\"datePublished\":\"2025-08-26T03:44:10+00:00\",\"dateModified\":\"2025-08-26T03:44:12+00:00\",\"description\":\"M\u1eb7t d\u00e2y chuy\u1ec1n \u0111\u00e1 h\u00ecnh tr\u00e1i tim \u2013 \u0111\u01b0\u1ee3c ch\u1ebf t\u00e1c th\u1ee7 c\u00f4ng t\u1eeb \u0111\u00e1 Th\u1ea1ch Anh t\u1ef1 nhi\u00ean. V\u1edbi gam m\u00e0u trong s\u00e1ng v\u00e0 l\u1ea5p l\u00e1nh, s\u1ea3n ph\u1ea9m kh\u00f4ng ch\u1ec9 mang v\u1ebb \u0111\u1eb9p tinh t\u1ebf m\u00e0 c\u00f2n ch\u1ee9a \u0111\u1ef1ng \u00fd ngh\u0129a phong th\u1ee7y s\u00e2u s\u1eafc.\",\"breadcrumb\":{\"@id\":\"https:\/\/maison-chance.org\/shop\/san-pham\/mat-day-chuyen-da-hinh-trai-tim#breadcrumb\"},\"inLanguage\":\"vi-VN\",\"potentialAction\":[{\"@type\":\"ReadAction\",\"target\":[\"https:\/\/maison-chance.org\/shop\/san-pham\/mat-day-chuyen-da-hinh-trai-tim\"]}]},{\"@type\":\"ImageObject\",\"inLanguage\":\"vi-VN\",\"@id\":\"https:\/\/maison-chance.org\/shop\/san-pham\/mat-day-chuyen-da-hinh-trai-tim#primaryimage\",\"url\":\"https:\/\/maison-chance.org\/shop\/wp-content\/uploads\/2024\/03\/trai-tim.jpg\",\"contentUrl\":\"https:\/\/maison-chance.org\/shop\/wp-content\/uploads\/2024\/03\/trai-tim.jpg\",\"width\":600,\"height\":600,\"caption\":\"Tr\u00e1i tim\"},{\"@type\":\"BreadcrumbList\",\"@id\":\"https:\/\/maison-chance.org\/shop\/san-pham\/mat-day-chuyen-da-hinh-trai-tim#breadcrumb\",\"itemListElement\":[{\"@type\":\"ListItem\",\"position\":1,\"name\":\"Trang ch\u1ee7\",\"item\":\"https:\/\/maison-chance.org\/shop\/\"},{\"@type\":\"ListItem\",\"position\":2,\"name\":\"Shop\",\"item\":\"https:\/\/maison-chance.org\/shop\/shop\"},{\"@type\":\"ListItem\",\"position\":3,\"name\":\"M\u1eb7t d\u00e2y chuy\u1ec1n \u0111\u00e1 h\u00ecnh tr\u00e1i tim\"}]},{\"@type\":\"WebSite\",\"@id\":\"https:\/\/maison-chance.org\/shop\/#website\",\"url\":\"https:\/\/maison-chance.org\/shop\/\",\"name\":\"Nh\u00e0 May M\u1eafn - Maison Chance\",\"description\":\"M\u1ecdi l\u1ee3i nhu\u1eadn thu v\u1ec1 t\u1eeb vi\u1ec7c b\u00e1n h\u00e0ng s\u1ebd tr\u00edch m\u1ed9t ph\u1ea7n \u0111\u1ec3 ch\u0103m lo cho \u0111\u1eddi s\u1ed1ng c\u00e1c b\u1ea1n khuy\u1ebft t\u1eadt v\u00e0 tr\u1ebb m\u1ed3 c\u00f4i \u1edf \u0111\u00e2y\",\"publisher\":{\"@id\":\"https:\/\/maison-chance.org\/shop\/#organization\"},\"potentialAction\":[{\"@type\":\"SearchAction\",\"target\":{\"@type\":\"EntryPoint\",\"urlTemplate\":\"https:\/\/maison-chance.org\/shop\/?s={search_term_string}\"},\"query-input\":{\"@type\":\"PropertyValueSpecification\",\"valueRequired\":true,\"valueName\":\"search_term_string\"}}],\"inLanguage\":\"vi-VN\"},{\"@type\":\"Organization\",\"@id\":\"https:\/\/maison-chance.org\/shop\/#organization\",\"name\":\"Nh\u00e0 May M\u1eafn - Maison Chance\",\"url\":\"https:\/\/maison-chance.org\/shop\/\",\"logo\":{\"@type\":\"ImageObject\",\"inLanguage\":\"vi-VN\",\"@id\":\"https:\/\/maison-chance.org\/shop\/#\/schema\/logo\/image\/\",\"url\":\"https:\/\/maison-chance.org\/shop\/wp-content\/uploads\/2024\/03\/cropped-Logo_DNXH.png\",\"contentUrl\":\"https:\/\/maison-chance.org\/shop\/wp-content\/uploads\/2024\/03\/cropped-Logo_DNXH.png\",\"width\":512,\"height\":512,\"caption\":\"Nh\u00e0 May M\u1eafn - Maison Chance\"},\"image\":{\"@id\":\"https:\/\/maison-chance.org\/shop\/#\/schema\/logo\/image\/\"},\"sameAs\":[\"https:\/\/www.facebook.com\/dnxh.nhamayman\/\"]}]}<\/script>\n<meta property=\"product:price:amount\" content=\"13.70\" \/>\n<meta property=\"product:price:currency\" content=\"USD\" \/>\n<meta property=\"og:availability\" content=\"instock\" \/>\n<meta property=\"product:availability\" content=\"instock\" \/>\n<meta property=\"product:condition\" content=\"new\" \/>\n<!-- \/ Yoast SEO Premium plugin. -->","yoast_head_json":{"title":"M\u1eb7t d\u00e2y chuy\u1ec1n \u0111\u00e1 h\u00ecnh tr\u00e1i tim - Nh\u00e0 May M\u1eafn - Maison Chance","description":"M\u1eb7t d\u00e2y chuy\u1ec1n \u0111\u00e1 h\u00ecnh tr\u00e1i tim \u2013 \u0111\u01b0\u1ee3c ch\u1ebf t\u00e1c th\u1ee7 c\u00f4ng t\u1eeb \u0111\u00e1 Th\u1ea1ch Anh t\u1ef1 nhi\u00ean. V\u1edbi gam m\u00e0u trong s\u00e1ng v\u00e0 l\u1ea5p l\u00e1nh, s\u1ea3n ph\u1ea9m kh\u00f4ng ch\u1ec9 mang v\u1ebb \u0111\u1eb9p tinh t\u1ebf m\u00e0 c\u00f2n ch\u1ee9a \u0111\u1ef1ng \u00fd ngh\u0129a phong th\u1ee7y s\u00e2u s\u1eafc.","robots":{"index":"index","follow":"follow","max-snippet":"max-snippet:-1","max-image-preview":"max-image-preview:large","max-video-preview":"max-video-preview:-1"},"canonical":"https:\/\/maison-chance.org\/shop\/san-pham\/mat-day-chuyen-da-hinh-trai-tim","og_locale":"vi_VN","og_type":"article","og_title":"M\u1eb7t d\u00e2y chuy\u1ec1n \u0111\u00e1 h\u00ecnh tr\u00e1i tim","og_description":"M\u1eb7t d\u00e2y chuy\u1ec1n \u0111\u00e1 h\u00ecnh tr\u00e1i tim \u2013 \u0111\u01b0\u1ee3c ch\u1ebf t\u00e1c th\u1ee7 c\u00f4ng t\u1eeb \u0111\u00e1 Th\u1ea1ch Anh t\u1ef1 nhi\u00ean. V\u1edbi gam m\u00e0u trong s\u00e1ng v\u00e0 l\u1ea5p l\u00e1nh, s\u1ea3n ph\u1ea9m kh\u00f4ng ch\u1ec9 mang v\u1ebb \u0111\u1eb9p tinh t\u1ebf m\u00e0 c\u00f2n ch\u1ee9a \u0111\u1ef1ng \u00fd ngh\u0129a phong th\u1ee7y s\u00e2u s\u1eafc.","og_url":"https:\/\/maison-chance.org\/shop\/san-pham\/mat-day-chuyen-da-hinh-trai-tim","og_site_name":"Nh\u00e0 May M\u1eafn - Maison Chance","article_publisher":"https:\/\/www.facebook.com\/dnxh.nhamayman\/","article_modified_time":"2025-08-26T03:44:12+00:00","og_image":[{"width":600,"height":600,"url":"https:\/\/maison-chance.org\/shop\/wp-content\/uploads\/2024\/03\/trai-tim.jpg","type":"image\/jpeg"}],"twitter_card":"summary_large_image","twitter_misc":{"Gi\u00e1":"13.70&nbsp;&#36;","Availability":"In stock"},"schema":{"@context":"https:\/\/schema.org","@graph":[{"@type":"WebPage","@id":"https:\/\/maison-chance.org\/shop\/san-pham\/mat-day-chuyen-da-hinh-trai-tim","url":"https:\/\/maison-chance.org\/shop\/san-pham\/mat-day-chuyen-da-hinh-trai-tim","name":"M\u1eb7t d\u00e2y chuy\u1ec1n \u0111\u00e1 h\u00ecnh tr\u00e1i tim - Nh\u00e0 May M\u1eafn - Maison Chance","isPartOf":{"@id":"https:\/\/maison-chance.org\/shop\/#website"},"primaryImageOfPage":{"@id":"https:\/\/maison-chance.org\/shop\/san-pham\/mat-day-chuyen-da-hinh-trai-tim#primaryimage"},"image":{"@id":"https:\/\/maison-chance.org\/shop\/san-pham\/mat-day-chuyen-da-hinh-trai-tim#primaryimage"},"thumbnailUrl":"https:\/\/maison-chance.org\/shop\/wp-content\/uploads\/2024\/03\/trai-tim.jpg","datePublished":"2025-08-26T03:44:10+00:00","dateModified":"2025-08-26T03:44:12+00:00","description":"M\u1eb7t d\u00e2y chuy\u1ec1n \u0111\u00e1 h\u00ecnh tr\u00e1i tim \u2013 \u0111\u01b0\u1ee3c ch\u1ebf t\u00e1c th\u1ee7 c\u00f4ng t\u1eeb \u0111\u00e1 Th\u1ea1ch Anh t\u1ef1 nhi\u00ean. V\u1edbi gam m\u00e0u trong s\u00e1ng v\u00e0 l\u1ea5p l\u00e1nh, s\u1ea3n ph\u1ea9m kh\u00f4ng ch\u1ec9 mang v\u1ebb \u0111\u1eb9p tinh t\u1ebf m\u00e0 c\u00f2n ch\u1ee9a \u0111\u1ef1ng \u00fd ngh\u0129a phong th\u1ee7y s\u00e2u s\u1eafc.","breadcrumb":{"@id":"https:\/\/maison-chance.org\/shop\/san-pham\/mat-day-chuyen-da-hinh-trai-tim#breadcrumb"},"inLanguage":"vi-VN","potentialAction":[{"@type":"ReadAction","target":["https:\/\/maison-chance.org\/shop\/san-pham\/mat-day-chuyen-da-hinh-trai-tim"]}]},{"@type":"ImageObject","inLanguage":"vi-VN","@id":"https:\/\/maison-chance.org\/shop\/san-pham\/mat-day-chuyen-da-hinh-trai-tim#primaryimage","url":"https:\/\/maison-chance.org\/shop\/wp-content\/uploads\/2024\/03\/trai-tim.jpg","contentUrl":"https:\/\/maison-chance.org\/shop\/wp-content\/uploads\/2024\/03\/trai-tim.jpg","width":600,"height":600,"caption":"Tr\u00e1i tim"},{"@type":"BreadcrumbList","@id":"https:\/\/maison-chance.org\/shop\/san-pham\/mat-day-chuyen-da-hinh-trai-tim#breadcrumb","itemListElement":[{"@type":"ListItem","position":1,"name":"Trang ch\u1ee7","item":"https:\/\/maison-chance.org\/shop\/"},{"@type":"ListItem","position":2,"name":"Shop","item":"https:\/\/maison-chance.org\/shop\/shop"},{"@type":"ListItem","position":3,"name":"M\u1eb7t d\u00e2y chuy\u1ec1n \u0111\u00e1 h\u00ecnh tr\u00e1i tim"}]},{"@type":"WebSite","@id":"https:\/\/maison-chance.org\/shop\/#website","url":"https:\/\/maison-chance.org\/shop\/","name":"Nh\u00e0 May M\u1eafn - Maison Chance","description":"M\u1ecdi l\u1ee3i nhu\u1eadn thu v\u1ec1 t\u1eeb vi\u1ec7c b\u00e1n h\u00e0ng s\u1ebd tr\u00edch m\u1ed9t ph\u1ea7n \u0111\u1ec3 ch\u0103m lo cho \u0111\u1eddi s\u1ed1ng c\u00e1c b\u1ea1n khuy\u1ebft t\u1eadt v\u00e0 tr\u1ebb m\u1ed3 c\u00f4i \u1edf \u0111\u00e2y","publisher":{"@id":"https:\/\/maison-chance.org\/shop\/#organization"},"potentialAction":[{"@type":"SearchAction","target":{"@type":"EntryPoint","urlTemplate":"https:\/\/maison-chance.org\/shop\/?s={search_term_string}"},"query-input":{"@type":"PropertyValueSpecification","valueRequired":true,"valueName":"search_term_string"}}],"inLanguage":"vi-VN"},{"@type":"Organization","@id":"https:\/\/maison-chance.org\/shop\/#organization","name":"Nh\u00e0 May M\u1eafn - Maison Chance","url":"https:\/\/maison-chance.org\/shop\/","logo":{"@type":"ImageObject","inLanguage":"vi-VN","@id":"https:\/\/maison-chance.org\/shop\/#\/schema\/logo\/image\/","url":"https:\/\/maison-chance.org\/shop\/wp-content\/uploads\/2024\/03\/cropped-Logo_DNXH.png","contentUrl":"https:\/\/maison-chance.org\/shop\/wp-content\/uploads\/2024\/03\/cropped-Logo_DNXH.png","width":512,"height":512,"caption":"Nh\u00e0 May M\u1eafn - Maison Chance"},"image":{"@id":"https:\/\/maison-chance.org\/shop\/#\/schema\/logo\/image\/"},"sameAs":["https:\/\/www.facebook.com\/dnxh.nhamayman\/"]}]},"product_price_amount":"13.70","product_price_currency":"USD","og_availability":"instock","product_availability":"instock","product_condition":"new"},"_links":{"self":[{"href":"https:\/\/maison-chance.org\/shop\/wp-json\/wp\/v2\/product\/41975","targetHints":{"allow":["GET"]}}],"collection":[{"href":"https:\/\/maison-chance.org\/shop\/wp-json\/wp\/v2\/product"}],"about":[{"href":"https:\/\/maison-chance.org\/shop\/wp-json\/wp\/v2\/types\/product"}],"wp:featuredmedia":[{"embeddable":true,"href":"https:\/\/maison-chance.org\/shop\/wp-json\/wp\/v2\/media\/35935"}],"wp:attachment":[{"href":"https:\/\/maison-chance.org\/shop\/wp-json\/wp\/v2\/media?parent=41975"}],"wp:term":[{"taxonomy":"product_brand","embeddable":true,"href":"https:\/\/maison-chance.org\/shop\/wp-json\/wp\/v2\/product_brand?post=41975"},{"taxonomy":"product_cat","embeddable":true,"href":"https:\/\/maison-chance.org\/shop\/wp-json\/wp\/v2\/product_cat?post=41975"},{"taxonomy":"product_tag","embeddable":true,"href":"https:\/\/maison-chance.org\/shop\/wp-json\/wp\/v2\/product_tag?post=41975"}],"curies":[{"name":"wp","href":"https:\/\/api.w.org\/{rel}","templated":true}]}}