{"id":41977,"date":"2025-08-26T11:06:22","date_gmt":"2025-08-26T04:06:22","guid":{"rendered":"https:\/\/maison-chance.org\/shop?post_type=product&#038;p=41977"},"modified":"2025-08-26T11:06:23","modified_gmt":"2025-08-26T04:06:23","slug":"mat-day-chuyen-da-hinh-hoa-hong","status":"publish","type":"product","link":"https:\/\/maison-chance.org\/shop\/san-pham\/mat-day-chuyen-da-hinh-hoa-hong","title":{"rendered":"M\u1eb7t d\u00e2y chuy\u1ec1n \u0111\u00e1 h\u00ecnh hoa h\u1ed3ng"},"content":{"rendered":"<p><span data-sheets-root=\"1\"><em><strong>M\u1eb7t d\u00e2y chuy\u1ec1n \u0111\u00e1 h\u00ecnh hoa h\u1ed3ng<\/strong><\/em> \u2013 \u0111\u01b0\u1ee3c ch\u1ebf t\u00e1c th\u1ee7 c\u00f4ng t\u1eeb \u0111\u00e1 Th\u1ea1ch Anh T\u00edm (Amethyst) t\u1ef1 nhi\u00ean. S\u1ea3n ph\u1ea9m n\u1ed5i b\u1eadt v\u1edbi gam m\u00e0u t\u00edm d\u1ecbu d\u00e0ng v\u00e0 trong su\u1ed1t, t\u01b0\u1ee3ng tr\u01b0ng cho s\u1ef1 b\u00ecnh y\u00ean, tr\u00ed tu\u1ec7 v\u00e0 may m\u1eafn. M\u1ed7i vi\u00ean \u0111\u00e1 \u0111\u01b0\u1ee3c l\u1ef1a ch\u1ecdn t\u1ec9 m\u1ec9 \u0111\u1ec3 t\u1ea1o n\u00ean h\u00ecnh hoa h\u1ed3ng m\u1ec1m m\u1ea1i, tinh t\u1ebf, v\u1eeba l\u00e0 m\u00f3n trang s\u1ee9c sang tr\u1ecdng v\u1eeba mang \u00fd ngh\u0129a phong th\u1ee7y s\u00e2u s\u1eafc, gi\u00fap thu h\u00fat n\u0103ng l\u01b0\u1ee3ng t\u00edch c\u1ef1c v\u00e0 c\u00e2n b\u1eb1ng c\u1ea3m x\u00fac cho ng\u01b0\u1eddi s\u1edf h\u1eefu.<\/p>\n<p><em><strong>\u2728 H\u01b0\u1edbng d\u1eabn s\u1eed d\u1ee5ng v\u00e0 b\u1ea3o qu\u1ea3n<\/strong><\/em><\/span><\/p>\n<ul>\n<li><span data-sheets-root=\"1\">Tr\u00e1nh va \u0111\u1eadp m\u1ea1nh ho\u1eb7c l\u00e0m r\u01a1i s\u1ea3n ph\u1ea9m.<\/span><\/li>\n<li><span data-sheets-root=\"1\">Khi kh\u00f4ng s\u1eed d\u1ee5ng, n\u00ean c\u1ea5t trong h\u1ed9p ri\u00eang ho\u1eb7c t\u00fai v\u1ea3i m\u1ec1m.<br \/>\n<\/span><\/li>\n<li><span data-sheets-root=\"1\">Tr\u00e1nh ti\u1ebfp x\u00fac v\u1edbi h\u00f3a ch\u1ea5t m\u1ea1nh, n\u01b0\u1edbc hoa ho\u1eb7c n\u01b0\u1edbc t\u1ea9y r\u1eeda.<br \/>\n<\/span><\/li>\n<li><span data-sheets-root=\"1\">Lau nh\u1eb9 b\u1eb1ng v\u1ea3i m\u1ec1m \u1ea9m \u0111\u1ec3 gi\u1eef m\u00e0u s\u1eafc v\u00e0 \u0111\u1ed9 s\u00e1ng t\u1ef1 nhi\u00ean c\u1ee7a \u0111\u00e1.<\/span><\/li>\n<\/ul>\n","protected":false},"excerpt":{"rendered":"<ul>\n<li><span data-sheets-root=\"1\"><strong>Ch\u1ea5t li\u1ec7u<\/strong>: Amethyst (Th\u1ea1ch Anh T\u00edm)<br \/>\n<\/span><\/li>\n<li><span data-sheets-root=\"1\"><strong>H\u00ecnh d\u00e1ng<\/strong>: Hoa h\u1ed3ng<br \/>\n<\/span><\/li>\n<li><span data-sheets-root=\"1\"><strong>K\u00edch th\u01b0\u1edbc<\/strong>: 2.5*2.5 cm<br \/>\n<\/span><\/li>\n<li><span data-sheets-root=\"1\"><strong>Kh\u1ed1i l\u01b0\u1ee3ng<\/strong>: 8 gr<br \/>\n<\/span><\/li>\n<li><span data-sheets-root=\"1\"><strong>Code<\/strong>: MDCDQ03<br \/>\n<\/span><\/li>\n<li><span data-sheets-root=\"1\"><strong>Xu\u1ea5t x\u1ee9<\/strong>: Nh\u00e0 May M\u1eafn \u2013 ch\u1ebf t\u00e1c th\u1ee7 c\u00f4ng \u0111\u1ed9c b\u1ea3n<br \/>\n<\/span><\/li>\n<\/ul>\n<p><em><strong>\ud83d\udcde Li\u00ean h\u1ec7 mua h\u00e0ng t\u1ea1i Vi\u1ec7t Nam: 090 906 2528<\/strong><\/em><\/p>\n","protected":false},"featured_media":35945,"template":"","meta":[],"product_brand":[],"product_cat":[160,157],"product_tag":[],"class_list":{"0":"post-41977","1":"product","2":"type-product","3":"status-publish","4":"has-post-thumbnail","6":"product_cat-mat-day-chuyen-da-my-nghe","7":"product_cat-phong-da-my-nghe","9":"first","10":"instock","11":"shipping-taxable","12":"purchasable","13":"product-type-simple"},"yoast_head":"<!-- This site is optimized with the Yoast SEO Premium plugin v22.7 (Yoast SEO v25.3.1) - https:\/\/yoast.com\/wordpress\/plugins\/seo\/ -->\n<title>M\u1eb7t d\u00e2y chuy\u1ec1n \u0111\u00e1 h\u00ecnh hoa h\u1ed3ng - Nh\u00e0 May M\u1eafn - Maison Chance<\/title>\n<meta name=\"description\" content=\"M\u1eb7t d\u00e2y chuy\u1ec1n \u0111\u00e1 h\u00ecnh hoa h\u1ed3ng - ch\u1ebf t\u00e1c th\u1ee7 c\u00f4ng t\u1eeb \u0111\u00e1 Th\u1ea1ch Anh T\u00edm t\u1ef1 nhi\u00ean, mang v\u1ebb \u0111\u1eb9p tinh t\u1ebf, sang tr\u1ecdng v\u00e0 \u00fd ngh\u0129a phong th\u1ee7y, thu h\u00fat n\u0103ng l\u01b0\u1ee3ng t\u00edch c\u1ef1c v\u00e0 may m\u1eafn.\" \/>\n<meta name=\"robots\" content=\"index, follow, max-snippet:-1, max-image-preview:large, max-video-preview:-1\" \/>\n<link rel=\"canonical\" href=\"https:\/\/maison-chance.org\/shop\/san-pham\/mat-day-chuyen-da-hinh-hoa-hong\" \/>\n<meta property=\"og:locale\" content=\"vi_VN\" \/>\n<meta property=\"og:type\" content=\"article\" \/>\n<meta property=\"og:title\" content=\"M\u1eb7t d\u00e2y chuy\u1ec1n \u0111\u00e1 h\u00ecnh hoa h\u1ed3ng\" \/>\n<meta property=\"og:description\" content=\"M\u1eb7t d\u00e2y chuy\u1ec1n \u0111\u00e1 h\u00ecnh hoa h\u1ed3ng - ch\u1ebf t\u00e1c th\u1ee7 c\u00f4ng t\u1eeb \u0111\u00e1 Th\u1ea1ch Anh T\u00edm t\u1ef1 nhi\u00ean, mang v\u1ebb \u0111\u1eb9p tinh t\u1ebf, sang tr\u1ecdng v\u00e0 \u00fd ngh\u0129a phong th\u1ee7y, thu h\u00fat n\u0103ng l\u01b0\u1ee3ng t\u00edch c\u1ef1c v\u00e0 may m\u1eafn.\" \/>\n<meta property=\"og:url\" content=\"https:\/\/maison-chance.org\/shop\/san-pham\/mat-day-chuyen-da-hinh-hoa-hong\" \/>\n<meta property=\"og:site_name\" content=\"Nh\u00e0 May M\u1eafn - Maison Chance\" \/>\n<meta property=\"article:publisher\" content=\"https:\/\/www.facebook.com\/dnxh.nhamayman\/\" \/>\n<meta property=\"article:modified_time\" content=\"2025-08-26T04:06:23+00:00\" \/>\n<meta property=\"og:image\" content=\"https:\/\/maison-chance.org\/shop\/wp-content\/uploads\/2024\/03\/hoa-hong.jpg\" \/>\n\t<meta property=\"og:image:width\" content=\"600\" \/>\n\t<meta property=\"og:image:height\" content=\"600\" \/>\n\t<meta property=\"og:image:type\" content=\"image\/jpeg\" \/>\n<meta name=\"twitter:card\" content=\"summary_large_image\" \/>\n<meta name=\"twitter:label1\" content=\"Gi\u00e1\" \/>\n\t<meta name=\"twitter:data1\" content=\"13.70&nbsp;&#036;\" \/>\n\t<meta name=\"twitter:label2\" content=\"Availability\" \/>\n\t<meta name=\"twitter:data2\" content=\"In stock\" \/>\n<script type=\"application\/ld+json\" class=\"yoast-schema-graph\">{\"@context\":\"https:\/\/schema.org\",\"@graph\":[{\"@type\":\"WebPage\",\"@id\":\"https:\/\/maison-chance.org\/shop\/san-pham\/mat-day-chuyen-da-hinh-hoa-hong\",\"url\":\"https:\/\/maison-chance.org\/shop\/san-pham\/mat-day-chuyen-da-hinh-hoa-hong\",\"name\":\"M\u1eb7t d\u00e2y chuy\u1ec1n \u0111\u00e1 h\u00ecnh hoa h\u1ed3ng - Nh\u00e0 May M\u1eafn - Maison Chance\",\"isPartOf\":{\"@id\":\"https:\/\/maison-chance.org\/shop\/#website\"},\"primaryImageOfPage\":{\"@id\":\"https:\/\/maison-chance.org\/shop\/san-pham\/mat-day-chuyen-da-hinh-hoa-hong#primaryimage\"},\"image\":{\"@id\":\"https:\/\/maison-chance.org\/shop\/san-pham\/mat-day-chuyen-da-hinh-hoa-hong#primaryimage\"},\"thumbnailUrl\":\"https:\/\/maison-chance.org\/shop\/wp-content\/uploads\/2024\/03\/hoa-hong.jpg\",\"datePublished\":\"2025-08-26T04:06:22+00:00\",\"dateModified\":\"2025-08-26T04:06:23+00:00\",\"description\":\"M\u1eb7t d\u00e2y chuy\u1ec1n \u0111\u00e1 h\u00ecnh hoa h\u1ed3ng - ch\u1ebf t\u00e1c th\u1ee7 c\u00f4ng t\u1eeb \u0111\u00e1 Th\u1ea1ch Anh T\u00edm t\u1ef1 nhi\u00ean, mang v\u1ebb \u0111\u1eb9p tinh t\u1ebf, sang tr\u1ecdng v\u00e0 \u00fd ngh\u0129a phong th\u1ee7y, thu h\u00fat n\u0103ng l\u01b0\u1ee3ng t\u00edch c\u1ef1c v\u00e0 may m\u1eafn.\",\"breadcrumb\":{\"@id\":\"https:\/\/maison-chance.org\/shop\/san-pham\/mat-day-chuyen-da-hinh-hoa-hong#breadcrumb\"},\"inLanguage\":\"vi-VN\",\"potentialAction\":[{\"@type\":\"ReadAction\",\"target\":[\"https:\/\/maison-chance.org\/shop\/san-pham\/mat-day-chuyen-da-hinh-hoa-hong\"]}]},{\"@type\":\"ImageObject\",\"inLanguage\":\"vi-VN\",\"@id\":\"https:\/\/maison-chance.org\/shop\/san-pham\/mat-day-chuyen-da-hinh-hoa-hong#primaryimage\",\"url\":\"https:\/\/maison-chance.org\/shop\/wp-content\/uploads\/2024\/03\/hoa-hong.jpg\",\"contentUrl\":\"https:\/\/maison-chance.org\/shop\/wp-content\/uploads\/2024\/03\/hoa-hong.jpg\",\"width\":600,\"height\":600,\"caption\":\"Hoa h\u1ed3ng\"},{\"@type\":\"BreadcrumbList\",\"@id\":\"https:\/\/maison-chance.org\/shop\/san-pham\/mat-day-chuyen-da-hinh-hoa-hong#breadcrumb\",\"itemListElement\":[{\"@type\":\"ListItem\",\"position\":1,\"name\":\"Trang ch\u1ee7\",\"item\":\"https:\/\/maison-chance.org\/shop\/\"},{\"@type\":\"ListItem\",\"position\":2,\"name\":\"Shop\",\"item\":\"https:\/\/maison-chance.org\/shop\/shop\"},{\"@type\":\"ListItem\",\"position\":3,\"name\":\"M\u1eb7t d\u00e2y chuy\u1ec1n \u0111\u00e1 h\u00ecnh hoa h\u1ed3ng\"}]},{\"@type\":\"WebSite\",\"@id\":\"https:\/\/maison-chance.org\/shop\/#website\",\"url\":\"https:\/\/maison-chance.org\/shop\/\",\"name\":\"Nh\u00e0 May M\u1eafn - Maison Chance\",\"description\":\"M\u1ecdi l\u1ee3i nhu\u1eadn thu v\u1ec1 t\u1eeb vi\u1ec7c b\u00e1n h\u00e0ng s\u1ebd tr\u00edch m\u1ed9t ph\u1ea7n \u0111\u1ec3 ch\u0103m lo cho \u0111\u1eddi s\u1ed1ng c\u00e1c b\u1ea1n khuy\u1ebft t\u1eadt v\u00e0 tr\u1ebb m\u1ed3 c\u00f4i \u1edf \u0111\u00e2y\",\"publisher\":{\"@id\":\"https:\/\/maison-chance.org\/shop\/#organization\"},\"potentialAction\":[{\"@type\":\"SearchAction\",\"target\":{\"@type\":\"EntryPoint\",\"urlTemplate\":\"https:\/\/maison-chance.org\/shop\/?s={search_term_string}\"},\"query-input\":{\"@type\":\"PropertyValueSpecification\",\"valueRequired\":true,\"valueName\":\"search_term_string\"}}],\"inLanguage\":\"vi-VN\"},{\"@type\":\"Organization\",\"@id\":\"https:\/\/maison-chance.org\/shop\/#organization\",\"name\":\"Nh\u00e0 May M\u1eafn - Maison Chance\",\"url\":\"https:\/\/maison-chance.org\/shop\/\",\"logo\":{\"@type\":\"ImageObject\",\"inLanguage\":\"vi-VN\",\"@id\":\"https:\/\/maison-chance.org\/shop\/#\/schema\/logo\/image\/\",\"url\":\"https:\/\/maison-chance.org\/shop\/wp-content\/uploads\/2024\/03\/cropped-Logo_DNXH.png\",\"contentUrl\":\"https:\/\/maison-chance.org\/shop\/wp-content\/uploads\/2024\/03\/cropped-Logo_DNXH.png\",\"width\":512,\"height\":512,\"caption\":\"Nh\u00e0 May M\u1eafn - Maison Chance\"},\"image\":{\"@id\":\"https:\/\/maison-chance.org\/shop\/#\/schema\/logo\/image\/\"},\"sameAs\":[\"https:\/\/www.facebook.com\/dnxh.nhamayman\/\"]}]}<\/script>\n<meta property=\"product:price:amount\" content=\"13.70\" \/>\n<meta property=\"product:price:currency\" content=\"USD\" \/>\n<meta property=\"og:availability\" content=\"instock\" \/>\n<meta property=\"product:availability\" content=\"instock\" \/>\n<meta property=\"product:condition\" content=\"new\" \/>\n<!-- \/ Yoast SEO Premium plugin. -->","yoast_head_json":{"title":"M\u1eb7t d\u00e2y chuy\u1ec1n \u0111\u00e1 h\u00ecnh hoa h\u1ed3ng - Nh\u00e0 May M\u1eafn - Maison Chance","description":"M\u1eb7t d\u00e2y chuy\u1ec1n \u0111\u00e1 h\u00ecnh hoa h\u1ed3ng - ch\u1ebf t\u00e1c th\u1ee7 c\u00f4ng t\u1eeb \u0111\u00e1 Th\u1ea1ch Anh T\u00edm t\u1ef1 nhi\u00ean, mang v\u1ebb \u0111\u1eb9p tinh t\u1ebf, sang tr\u1ecdng v\u00e0 \u00fd ngh\u0129a phong th\u1ee7y, thu h\u00fat n\u0103ng l\u01b0\u1ee3ng t\u00edch c\u1ef1c v\u00e0 may m\u1eafn.","robots":{"index":"index","follow":"follow","max-snippet":"max-snippet:-1","max-image-preview":"max-image-preview:large","max-video-preview":"max-video-preview:-1"},"canonical":"https:\/\/maison-chance.org\/shop\/san-pham\/mat-day-chuyen-da-hinh-hoa-hong","og_locale":"vi_VN","og_type":"article","og_title":"M\u1eb7t d\u00e2y chuy\u1ec1n \u0111\u00e1 h\u00ecnh hoa h\u1ed3ng","og_description":"M\u1eb7t d\u00e2y chuy\u1ec1n \u0111\u00e1 h\u00ecnh hoa h\u1ed3ng - ch\u1ebf t\u00e1c th\u1ee7 c\u00f4ng t\u1eeb \u0111\u00e1 Th\u1ea1ch Anh T\u00edm t\u1ef1 nhi\u00ean, mang v\u1ebb \u0111\u1eb9p tinh t\u1ebf, sang tr\u1ecdng v\u00e0 \u00fd ngh\u0129a phong th\u1ee7y, thu h\u00fat n\u0103ng l\u01b0\u1ee3ng t\u00edch c\u1ef1c v\u00e0 may m\u1eafn.","og_url":"https:\/\/maison-chance.org\/shop\/san-pham\/mat-day-chuyen-da-hinh-hoa-hong","og_site_name":"Nh\u00e0 May M\u1eafn - Maison Chance","article_publisher":"https:\/\/www.facebook.com\/dnxh.nhamayman\/","article_modified_time":"2025-08-26T04:06:23+00:00","og_image":[{"width":600,"height":600,"url":"https:\/\/maison-chance.org\/shop\/wp-content\/uploads\/2024\/03\/hoa-hong.jpg","type":"image\/jpeg"}],"twitter_card":"summary_large_image","twitter_misc":{"Gi\u00e1":"13.70&nbsp;&#36;","Availability":"In stock"},"schema":{"@context":"https:\/\/schema.org","@graph":[{"@type":"WebPage","@id":"https:\/\/maison-chance.org\/shop\/san-pham\/mat-day-chuyen-da-hinh-hoa-hong","url":"https:\/\/maison-chance.org\/shop\/san-pham\/mat-day-chuyen-da-hinh-hoa-hong","name":"M\u1eb7t d\u00e2y chuy\u1ec1n \u0111\u00e1 h\u00ecnh hoa h\u1ed3ng - Nh\u00e0 May M\u1eafn - Maison Chance","isPartOf":{"@id":"https:\/\/maison-chance.org\/shop\/#website"},"primaryImageOfPage":{"@id":"https:\/\/maison-chance.org\/shop\/san-pham\/mat-day-chuyen-da-hinh-hoa-hong#primaryimage"},"image":{"@id":"https:\/\/maison-chance.org\/shop\/san-pham\/mat-day-chuyen-da-hinh-hoa-hong#primaryimage"},"thumbnailUrl":"https:\/\/maison-chance.org\/shop\/wp-content\/uploads\/2024\/03\/hoa-hong.jpg","datePublished":"2025-08-26T04:06:22+00:00","dateModified":"2025-08-26T04:06:23+00:00","description":"M\u1eb7t d\u00e2y chuy\u1ec1n \u0111\u00e1 h\u00ecnh hoa h\u1ed3ng - ch\u1ebf t\u00e1c th\u1ee7 c\u00f4ng t\u1eeb \u0111\u00e1 Th\u1ea1ch Anh T\u00edm t\u1ef1 nhi\u00ean, mang v\u1ebb \u0111\u1eb9p tinh t\u1ebf, sang tr\u1ecdng v\u00e0 \u00fd ngh\u0129a phong th\u1ee7y, thu h\u00fat n\u0103ng l\u01b0\u1ee3ng t\u00edch c\u1ef1c v\u00e0 may m\u1eafn.","breadcrumb":{"@id":"https:\/\/maison-chance.org\/shop\/san-pham\/mat-day-chuyen-da-hinh-hoa-hong#breadcrumb"},"inLanguage":"vi-VN","potentialAction":[{"@type":"ReadAction","target":["https:\/\/maison-chance.org\/shop\/san-pham\/mat-day-chuyen-da-hinh-hoa-hong"]}]},{"@type":"ImageObject","inLanguage":"vi-VN","@id":"https:\/\/maison-chance.org\/shop\/san-pham\/mat-day-chuyen-da-hinh-hoa-hong#primaryimage","url":"https:\/\/maison-chance.org\/shop\/wp-content\/uploads\/2024\/03\/hoa-hong.jpg","contentUrl":"https:\/\/maison-chance.org\/shop\/wp-content\/uploads\/2024\/03\/hoa-hong.jpg","width":600,"height":600,"caption":"Hoa h\u1ed3ng"},{"@type":"BreadcrumbList","@id":"https:\/\/maison-chance.org\/shop\/san-pham\/mat-day-chuyen-da-hinh-hoa-hong#breadcrumb","itemListElement":[{"@type":"ListItem","position":1,"name":"Trang ch\u1ee7","item":"https:\/\/maison-chance.org\/shop\/"},{"@type":"ListItem","position":2,"name":"Shop","item":"https:\/\/maison-chance.org\/shop\/shop"},{"@type":"ListItem","position":3,"name":"M\u1eb7t d\u00e2y chuy\u1ec1n \u0111\u00e1 h\u00ecnh hoa h\u1ed3ng"}]},{"@type":"WebSite","@id":"https:\/\/maison-chance.org\/shop\/#website","url":"https:\/\/maison-chance.org\/shop\/","name":"Nh\u00e0 May M\u1eafn - Maison Chance","description":"M\u1ecdi l\u1ee3i nhu\u1eadn thu v\u1ec1 t\u1eeb vi\u1ec7c b\u00e1n h\u00e0ng s\u1ebd tr\u00edch m\u1ed9t ph\u1ea7n \u0111\u1ec3 ch\u0103m lo cho \u0111\u1eddi s\u1ed1ng c\u00e1c b\u1ea1n khuy\u1ebft t\u1eadt v\u00e0 tr\u1ebb m\u1ed3 c\u00f4i \u1edf \u0111\u00e2y","publisher":{"@id":"https:\/\/maison-chance.org\/shop\/#organization"},"potentialAction":[{"@type":"SearchAction","target":{"@type":"EntryPoint","urlTemplate":"https:\/\/maison-chance.org\/shop\/?s={search_term_string}"},"query-input":{"@type":"PropertyValueSpecification","valueRequired":true,"valueName":"search_term_string"}}],"inLanguage":"vi-VN"},{"@type":"Organization","@id":"https:\/\/maison-chance.org\/shop\/#organization","name":"Nh\u00e0 May M\u1eafn - Maison Chance","url":"https:\/\/maison-chance.org\/shop\/","logo":{"@type":"ImageObject","inLanguage":"vi-VN","@id":"https:\/\/maison-chance.org\/shop\/#\/schema\/logo\/image\/","url":"https:\/\/maison-chance.org\/shop\/wp-content\/uploads\/2024\/03\/cropped-Logo_DNXH.png","contentUrl":"https:\/\/maison-chance.org\/shop\/wp-content\/uploads\/2024\/03\/cropped-Logo_DNXH.png","width":512,"height":512,"caption":"Nh\u00e0 May M\u1eafn - Maison Chance"},"image":{"@id":"https:\/\/maison-chance.org\/shop\/#\/schema\/logo\/image\/"},"sameAs":["https:\/\/www.facebook.com\/dnxh.nhamayman\/"]}]},"product_price_amount":"13.70","product_price_currency":"USD","og_availability":"instock","product_availability":"instock","product_condition":"new"},"_links":{"self":[{"href":"https:\/\/maison-chance.org\/shop\/wp-json\/wp\/v2\/product\/41977","targetHints":{"allow":["GET"]}}],"collection":[{"href":"https:\/\/maison-chance.org\/shop\/wp-json\/wp\/v2\/product"}],"about":[{"href":"https:\/\/maison-chance.org\/shop\/wp-json\/wp\/v2\/types\/product"}],"wp:featuredmedia":[{"embeddable":true,"href":"https:\/\/maison-chance.org\/shop\/wp-json\/wp\/v2\/media\/35945"}],"wp:attachment":[{"href":"https:\/\/maison-chance.org\/shop\/wp-json\/wp\/v2\/media?parent=41977"}],"wp:term":[{"taxonomy":"product_brand","embeddable":true,"href":"https:\/\/maison-chance.org\/shop\/wp-json\/wp\/v2\/product_brand?post=41977"},{"taxonomy":"product_cat","embeddable":true,"href":"https:\/\/maison-chance.org\/shop\/wp-json\/wp\/v2\/product_cat?post=41977"},{"taxonomy":"product_tag","embeddable":true,"href":"https:\/\/maison-chance.org\/shop\/wp-json\/wp\/v2\/product_tag?post=41977"}],"curies":[{"name":"wp","href":"https:\/\/api.w.org\/{rel}","templated":true}]}}