{"id":42007,"date":"2025-08-26T14:30:52","date_gmt":"2025-08-26T07:30:52","guid":{"rendered":"https:\/\/maison-chance.org\/shop?post_type=product&#038;p=42007"},"modified":"2025-08-26T14:30:53","modified_gmt":"2025-08-26T07:30:53","slug":"mat-day-chuyen-da-hinh-thien-binh","status":"publish","type":"product","link":"https:\/\/maison-chance.org\/shop\/san-pham\/mat-day-chuyen-da-hinh-thien-binh","title":{"rendered":"M\u1eb7t d\u00e2y chuy\u1ec1n \u0111\u00e1 h\u00ecnh Thi\u00ean B\u00ecnh"},"content":{"rendered":"<p><span data-sheets-root=\"1\"><em><strong>M\u1eb7t d\u00e2y chuy\u1ec1n \u0111\u00e1 h\u00ecnh Thi\u00ean B\u00ecnh<\/strong><\/em> \u2013 \u0111\u01b0\u1ee3c ch\u1ebf t\u00e1c th\u1ee7 c\u00f4ng t\u1eeb \u0111\u00e1 s\u1ecfi t\u1ef1 nhi\u00ean, mang v\u1ebb \u0111\u1eb9p h\u00e0i h\u00f2a v\u00e0 tinh t\u1ebf. Bi\u1ec3u t\u01b0\u1ee3ng cung ho\u00e0ng \u0111\u1ea1o Thi\u00ean B\u00ecnh \u0111\u1ea1i di\u1ec7n cho s\u1ef1 c\u00e2n b\u1eb1ng, c\u00f4ng b\u1eb1ng v\u00e0 t\u00ecnh y\u00eau h\u00f2a b\u00ecnh. Khi k\u1ebft h\u1ee3p c\u00f9ng n\u0103ng l\u01b0\u1ee3ng t\u1ef1 nhi\u00ean t\u1eeb \u0111\u00e1, s\u1ea3n ph\u1ea9m kh\u00f4ng ch\u1ec9 l\u00e0 m\u00f3n trang s\u1ee9c phong c\u00e1ch m\u00e0 c\u00f2n mang \u00fd ngh\u0129a phong th\u1ee7y, gi\u00fap ng\u01b0\u1eddi \u0111eo thu h\u00fat may m\u1eafn, gi\u1eef t\u00e2m tr\u00ed an y\u00ean v\u00e0 lan t\u1ecfa ngu\u1ed3n n\u0103ng l\u01b0\u1ee3ng t\u00edch c\u1ef1c. \u0110\u00e2y l\u00e0 m\u00f3n qu\u00e0 \u0111\u1eb7c bi\u1ec7t d\u00e0nh cho nh\u1eefng ai thu\u1ed9c cung Thi\u00ean B\u00ecnh ho\u1eb7c y\u00eau th\u00edch chi\u00eam tinh h\u1ecdc.<\/p>\n<p><em><strong>\u2728 H\u01b0\u1edbng d\u1eabn s\u1eed d\u1ee5ng v\u00e0 b\u1ea3o qu\u1ea3n<\/strong><\/em><\/span><\/p>\n<ul>\n<li><span data-sheets-root=\"1\">Tr\u00e1nh va \u0111\u1eadp m\u1ea1nh ho\u1eb7c l\u00e0m r\u01a1i s\u1ea3n ph\u1ea9m.<br \/>\n<\/span><\/li>\n<li><span data-sheets-root=\"1\">Khi kh\u00f4ng d\u00f9ng, c\u1ea5t trong h\u1ed9p ri\u00eang ho\u1eb7c t\u00fai v\u1ea3i m\u1ec1m.<br \/>\n<\/span><\/li>\n<li><span data-sheets-root=\"1\">Tr\u00e1nh ti\u1ebfp x\u00fac v\u1edbi h\u00f3a ch\u1ea5t, n\u01b0\u1edbc hoa, ch\u1ea5t t\u1ea9y r\u1eeda m\u1ea1nh.<br \/>\n<\/span><\/li>\n<li><span data-sheets-root=\"1\">Lau s\u1ea1ch nh\u1eb9 nh\u00e0ng b\u1eb1ng v\u1ea3i m\u1ec1m \u1ea9m \u0111\u1ec3 gi\u1eef \u0111\u1ed9 s\u00e1ng b\u00f3ng v\u00e0 v\u1ebb \u0111\u1eb9p t\u1ef1 nhi\u00ean.<\/span><\/li>\n<\/ul>\n","protected":false},"excerpt":{"rendered":"<p><span data-sheets-root=\"1\">&#8211; Ch\u1ea5t li\u1ec7u: \u0110\u00e1 S\u1ecfi<br \/>\n&#8211; H\u00ecnh d\u00e1ng: H\u00ccnh Thi\u00ean B\u00ecnh<br \/>\n&#8211; K\u00edch th\u01b0\u1edbc: 3.4*2.2 cm<br \/>\n&#8211; Kh\u1ed1i l\u01b0\u1ee3ng:5 gr<br \/>\n&#8211; Code: MDCDQ18<br \/>\n&#8211; Xu\u1ea5t x\u1ee9: Nh\u00e0 May M\u1eafn \u2013 ch\u1ebf t\u00e1c th\u1ee7 c\u00f4ng \u0111\u1ed9c b\u1ea3n<\/p>\n<p><strong><em>\ud83d\udcde Li\u00ean h\u1ec7 mua h\u00e0ng t\u1ea1i Vi\u1ec7t Nam: 090 906 2528<\/em><\/strong><\/span><\/p>\n","protected":false},"featured_media":36271,"template":"","meta":[],"product_brand":[],"product_cat":[160,157],"product_tag":[],"class_list":{"0":"post-42007","1":"product","2":"type-product","3":"status-publish","4":"has-post-thumbnail","6":"product_cat-mat-day-chuyen-da-my-nghe","7":"product_cat-phong-da-my-nghe","9":"first","10":"instock","11":"shipping-taxable","12":"purchasable","13":"product-type-simple"},"yoast_head":"<!-- This site is optimized with the Yoast SEO Premium plugin v22.7 (Yoast SEO v25.3.1) - https:\/\/yoast.com\/wordpress\/plugins\/seo\/ -->\n<title>M\u1eb7t d\u00e2y chuy\u1ec1n \u0111\u00e1 h\u00ecnh Thi\u00ean B\u00ecnh - Nh\u00e0 May M\u1eafn - Maison Chance<\/title>\n<meta name=\"description\" content=\"M\u1eb7t d\u00e2y chuy\u1ec1n \u0111\u00e1 s\u1ecfi h\u00ecnh Thi\u00ean B\u00ecnh \u2013 ch\u1ebf t\u00e1c th\u1ee7 c\u00f4ng tinh x\u1ea3o, bi\u1ec3u t\u01b0\u1ee3ng c\u1ee7a s\u1ef1 c\u00e2n b\u1eb1ng v\u00e0 may m\u1eafn, gi\u00fap ng\u01b0\u1eddi \u0111eo gi\u1eef t\u00e2m tr\u00ed an y\u00ean v\u00e0 thu h\u00fat n\u0103ng l\u01b0\u1ee3ng t\u00edch c\u1ef1c.\" \/>\n<meta name=\"robots\" content=\"index, follow, max-snippet:-1, max-image-preview:large, max-video-preview:-1\" \/>\n<link rel=\"canonical\" href=\"https:\/\/maison-chance.org\/shop\/san-pham\/mat-day-chuyen-da-hinh-thien-binh\" \/>\n<meta property=\"og:locale\" content=\"vi_VN\" \/>\n<meta property=\"og:type\" content=\"article\" \/>\n<meta property=\"og:title\" content=\"M\u1eb7t d\u00e2y chuy\u1ec1n \u0111\u00e1 h\u00ecnh Thi\u00ean B\u00ecnh\" \/>\n<meta property=\"og:description\" content=\"M\u1eb7t d\u00e2y chuy\u1ec1n \u0111\u00e1 s\u1ecfi h\u00ecnh Thi\u00ean B\u00ecnh \u2013 ch\u1ebf t\u00e1c th\u1ee7 c\u00f4ng tinh x\u1ea3o, bi\u1ec3u t\u01b0\u1ee3ng c\u1ee7a s\u1ef1 c\u00e2n b\u1eb1ng v\u00e0 may m\u1eafn, gi\u00fap ng\u01b0\u1eddi \u0111eo gi\u1eef t\u00e2m tr\u00ed an y\u00ean v\u00e0 thu h\u00fat n\u0103ng l\u01b0\u1ee3ng t\u00edch c\u1ef1c.\" \/>\n<meta property=\"og:url\" content=\"https:\/\/maison-chance.org\/shop\/san-pham\/mat-day-chuyen-da-hinh-thien-binh\" \/>\n<meta property=\"og:site_name\" content=\"Nh\u00e0 May M\u1eafn - Maison Chance\" \/>\n<meta property=\"article:publisher\" content=\"https:\/\/www.facebook.com\/dnxh.nhamayman\/\" \/>\n<meta property=\"article:modified_time\" content=\"2025-08-26T07:30:53+00:00\" \/>\n<meta property=\"og:image\" content=\"https:\/\/maison-chance.org\/shop\/wp-content\/uploads\/2024\/03\/thien-binh.jpg\" \/>\n\t<meta property=\"og:image:width\" content=\"600\" \/>\n\t<meta property=\"og:image:height\" content=\"600\" \/>\n\t<meta property=\"og:image:type\" content=\"image\/jpeg\" \/>\n<meta name=\"twitter:card\" content=\"summary_large_image\" \/>\n<meta name=\"twitter:label1\" content=\"Gi\u00e1\" \/>\n\t<meta name=\"twitter:data1\" content=\"6.00&nbsp;&#036;\" \/>\n\t<meta name=\"twitter:label2\" content=\"Availability\" \/>\n\t<meta name=\"twitter:data2\" content=\"In stock\" \/>\n<script type=\"application\/ld+json\" class=\"yoast-schema-graph\">{\"@context\":\"https:\/\/schema.org\",\"@graph\":[{\"@type\":\"WebPage\",\"@id\":\"https:\/\/maison-chance.org\/shop\/san-pham\/mat-day-chuyen-da-hinh-thien-binh\",\"url\":\"https:\/\/maison-chance.org\/shop\/san-pham\/mat-day-chuyen-da-hinh-thien-binh\",\"name\":\"M\u1eb7t d\u00e2y chuy\u1ec1n \u0111\u00e1 h\u00ecnh Thi\u00ean B\u00ecnh - Nh\u00e0 May M\u1eafn - Maison Chance\",\"isPartOf\":{\"@id\":\"https:\/\/maison-chance.org\/shop\/#website\"},\"primaryImageOfPage\":{\"@id\":\"https:\/\/maison-chance.org\/shop\/san-pham\/mat-day-chuyen-da-hinh-thien-binh#primaryimage\"},\"image\":{\"@id\":\"https:\/\/maison-chance.org\/shop\/san-pham\/mat-day-chuyen-da-hinh-thien-binh#primaryimage\"},\"thumbnailUrl\":\"https:\/\/maison-chance.org\/shop\/wp-content\/uploads\/2024\/03\/thien-binh.jpg\",\"datePublished\":\"2025-08-26T07:30:52+00:00\",\"dateModified\":\"2025-08-26T07:30:53+00:00\",\"description\":\"M\u1eb7t d\u00e2y chuy\u1ec1n \u0111\u00e1 s\u1ecfi h\u00ecnh Thi\u00ean B\u00ecnh \u2013 ch\u1ebf t\u00e1c th\u1ee7 c\u00f4ng tinh x\u1ea3o, bi\u1ec3u t\u01b0\u1ee3ng c\u1ee7a s\u1ef1 c\u00e2n b\u1eb1ng v\u00e0 may m\u1eafn, gi\u00fap ng\u01b0\u1eddi \u0111eo gi\u1eef t\u00e2m tr\u00ed an y\u00ean v\u00e0 thu h\u00fat n\u0103ng l\u01b0\u1ee3ng t\u00edch c\u1ef1c.\",\"breadcrumb\":{\"@id\":\"https:\/\/maison-chance.org\/shop\/san-pham\/mat-day-chuyen-da-hinh-thien-binh#breadcrumb\"},\"inLanguage\":\"vi-VN\",\"potentialAction\":[{\"@type\":\"ReadAction\",\"target\":[\"https:\/\/maison-chance.org\/shop\/san-pham\/mat-day-chuyen-da-hinh-thien-binh\"]}]},{\"@type\":\"ImageObject\",\"inLanguage\":\"vi-VN\",\"@id\":\"https:\/\/maison-chance.org\/shop\/san-pham\/mat-day-chuyen-da-hinh-thien-binh#primaryimage\",\"url\":\"https:\/\/maison-chance.org\/shop\/wp-content\/uploads\/2024\/03\/thien-binh.jpg\",\"contentUrl\":\"https:\/\/maison-chance.org\/shop\/wp-content\/uploads\/2024\/03\/thien-binh.jpg\",\"width\":600,\"height\":600,\"caption\":\"Thi\u00ean b\u00ecnh\"},{\"@type\":\"BreadcrumbList\",\"@id\":\"https:\/\/maison-chance.org\/shop\/san-pham\/mat-day-chuyen-da-hinh-thien-binh#breadcrumb\",\"itemListElement\":[{\"@type\":\"ListItem\",\"position\":1,\"name\":\"Trang ch\u1ee7\",\"item\":\"https:\/\/maison-chance.org\/shop\/\"},{\"@type\":\"ListItem\",\"position\":2,\"name\":\"Shop\",\"item\":\"https:\/\/maison-chance.org\/shop\/shop\"},{\"@type\":\"ListItem\",\"position\":3,\"name\":\"M\u1eb7t d\u00e2y chuy\u1ec1n \u0111\u00e1 h\u00ecnh Thi\u00ean B\u00ecnh\"}]},{\"@type\":\"WebSite\",\"@id\":\"https:\/\/maison-chance.org\/shop\/#website\",\"url\":\"https:\/\/maison-chance.org\/shop\/\",\"name\":\"Nh\u00e0 May M\u1eafn - Maison Chance\",\"description\":\"M\u1ecdi l\u1ee3i nhu\u1eadn thu v\u1ec1 t\u1eeb vi\u1ec7c b\u00e1n h\u00e0ng s\u1ebd tr\u00edch m\u1ed9t ph\u1ea7n \u0111\u1ec3 ch\u0103m lo cho \u0111\u1eddi s\u1ed1ng c\u00e1c b\u1ea1n khuy\u1ebft t\u1eadt v\u00e0 tr\u1ebb m\u1ed3 c\u00f4i \u1edf \u0111\u00e2y\",\"publisher\":{\"@id\":\"https:\/\/maison-chance.org\/shop\/#organization\"},\"potentialAction\":[{\"@type\":\"SearchAction\",\"target\":{\"@type\":\"EntryPoint\",\"urlTemplate\":\"https:\/\/maison-chance.org\/shop\/?s={search_term_string}\"},\"query-input\":{\"@type\":\"PropertyValueSpecification\",\"valueRequired\":true,\"valueName\":\"search_term_string\"}}],\"inLanguage\":\"vi-VN\"},{\"@type\":\"Organization\",\"@id\":\"https:\/\/maison-chance.org\/shop\/#organization\",\"name\":\"Nh\u00e0 May M\u1eafn - Maison Chance\",\"url\":\"https:\/\/maison-chance.org\/shop\/\",\"logo\":{\"@type\":\"ImageObject\",\"inLanguage\":\"vi-VN\",\"@id\":\"https:\/\/maison-chance.org\/shop\/#\/schema\/logo\/image\/\",\"url\":\"https:\/\/maison-chance.org\/shop\/wp-content\/uploads\/2024\/03\/cropped-Logo_DNXH.png\",\"contentUrl\":\"https:\/\/maison-chance.org\/shop\/wp-content\/uploads\/2024\/03\/cropped-Logo_DNXH.png\",\"width\":512,\"height\":512,\"caption\":\"Nh\u00e0 May M\u1eafn - Maison Chance\"},\"image\":{\"@id\":\"https:\/\/maison-chance.org\/shop\/#\/schema\/logo\/image\/\"},\"sameAs\":[\"https:\/\/www.facebook.com\/dnxh.nhamayman\/\"]}]}<\/script>\n<meta property=\"product:price:amount\" content=\"6.00\" \/>\n<meta property=\"product:price:currency\" content=\"USD\" \/>\n<meta property=\"og:availability\" content=\"instock\" \/>\n<meta property=\"product:availability\" content=\"instock\" \/>\n<meta property=\"product:condition\" content=\"new\" \/>\n<!-- \/ Yoast SEO Premium plugin. -->","yoast_head_json":{"title":"M\u1eb7t d\u00e2y chuy\u1ec1n \u0111\u00e1 h\u00ecnh Thi\u00ean B\u00ecnh - Nh\u00e0 May M\u1eafn - Maison Chance","description":"M\u1eb7t d\u00e2y chuy\u1ec1n \u0111\u00e1 s\u1ecfi h\u00ecnh Thi\u00ean B\u00ecnh \u2013 ch\u1ebf t\u00e1c th\u1ee7 c\u00f4ng tinh x\u1ea3o, bi\u1ec3u t\u01b0\u1ee3ng c\u1ee7a s\u1ef1 c\u00e2n b\u1eb1ng v\u00e0 may m\u1eafn, gi\u00fap ng\u01b0\u1eddi \u0111eo gi\u1eef t\u00e2m tr\u00ed an y\u00ean v\u00e0 thu h\u00fat n\u0103ng l\u01b0\u1ee3ng t\u00edch c\u1ef1c.","robots":{"index":"index","follow":"follow","max-snippet":"max-snippet:-1","max-image-preview":"max-image-preview:large","max-video-preview":"max-video-preview:-1"},"canonical":"https:\/\/maison-chance.org\/shop\/san-pham\/mat-day-chuyen-da-hinh-thien-binh","og_locale":"vi_VN","og_type":"article","og_title":"M\u1eb7t d\u00e2y chuy\u1ec1n \u0111\u00e1 h\u00ecnh Thi\u00ean B\u00ecnh","og_description":"M\u1eb7t d\u00e2y chuy\u1ec1n \u0111\u00e1 s\u1ecfi h\u00ecnh Thi\u00ean B\u00ecnh \u2013 ch\u1ebf t\u00e1c th\u1ee7 c\u00f4ng tinh x\u1ea3o, bi\u1ec3u t\u01b0\u1ee3ng c\u1ee7a s\u1ef1 c\u00e2n b\u1eb1ng v\u00e0 may m\u1eafn, gi\u00fap ng\u01b0\u1eddi \u0111eo gi\u1eef t\u00e2m tr\u00ed an y\u00ean v\u00e0 thu h\u00fat n\u0103ng l\u01b0\u1ee3ng t\u00edch c\u1ef1c.","og_url":"https:\/\/maison-chance.org\/shop\/san-pham\/mat-day-chuyen-da-hinh-thien-binh","og_site_name":"Nh\u00e0 May M\u1eafn - Maison Chance","article_publisher":"https:\/\/www.facebook.com\/dnxh.nhamayman\/","article_modified_time":"2025-08-26T07:30:53+00:00","og_image":[{"width":600,"height":600,"url":"https:\/\/maison-chance.org\/shop\/wp-content\/uploads\/2024\/03\/thien-binh.jpg","type":"image\/jpeg"}],"twitter_card":"summary_large_image","twitter_misc":{"Gi\u00e1":"6.00&nbsp;&#36;","Availability":"In stock"},"schema":{"@context":"https:\/\/schema.org","@graph":[{"@type":"WebPage","@id":"https:\/\/maison-chance.org\/shop\/san-pham\/mat-day-chuyen-da-hinh-thien-binh","url":"https:\/\/maison-chance.org\/shop\/san-pham\/mat-day-chuyen-da-hinh-thien-binh","name":"M\u1eb7t d\u00e2y chuy\u1ec1n \u0111\u00e1 h\u00ecnh Thi\u00ean B\u00ecnh - Nh\u00e0 May M\u1eafn - Maison Chance","isPartOf":{"@id":"https:\/\/maison-chance.org\/shop\/#website"},"primaryImageOfPage":{"@id":"https:\/\/maison-chance.org\/shop\/san-pham\/mat-day-chuyen-da-hinh-thien-binh#primaryimage"},"image":{"@id":"https:\/\/maison-chance.org\/shop\/san-pham\/mat-day-chuyen-da-hinh-thien-binh#primaryimage"},"thumbnailUrl":"https:\/\/maison-chance.org\/shop\/wp-content\/uploads\/2024\/03\/thien-binh.jpg","datePublished":"2025-08-26T07:30:52+00:00","dateModified":"2025-08-26T07:30:53+00:00","description":"M\u1eb7t d\u00e2y chuy\u1ec1n \u0111\u00e1 s\u1ecfi h\u00ecnh Thi\u00ean B\u00ecnh \u2013 ch\u1ebf t\u00e1c th\u1ee7 c\u00f4ng tinh x\u1ea3o, bi\u1ec3u t\u01b0\u1ee3ng c\u1ee7a s\u1ef1 c\u00e2n b\u1eb1ng v\u00e0 may m\u1eafn, gi\u00fap ng\u01b0\u1eddi \u0111eo gi\u1eef t\u00e2m tr\u00ed an y\u00ean v\u00e0 thu h\u00fat n\u0103ng l\u01b0\u1ee3ng t\u00edch c\u1ef1c.","breadcrumb":{"@id":"https:\/\/maison-chance.org\/shop\/san-pham\/mat-day-chuyen-da-hinh-thien-binh#breadcrumb"},"inLanguage":"vi-VN","potentialAction":[{"@type":"ReadAction","target":["https:\/\/maison-chance.org\/shop\/san-pham\/mat-day-chuyen-da-hinh-thien-binh"]}]},{"@type":"ImageObject","inLanguage":"vi-VN","@id":"https:\/\/maison-chance.org\/shop\/san-pham\/mat-day-chuyen-da-hinh-thien-binh#primaryimage","url":"https:\/\/maison-chance.org\/shop\/wp-content\/uploads\/2024\/03\/thien-binh.jpg","contentUrl":"https:\/\/maison-chance.org\/shop\/wp-content\/uploads\/2024\/03\/thien-binh.jpg","width":600,"height":600,"caption":"Thi\u00ean b\u00ecnh"},{"@type":"BreadcrumbList","@id":"https:\/\/maison-chance.org\/shop\/san-pham\/mat-day-chuyen-da-hinh-thien-binh#breadcrumb","itemListElement":[{"@type":"ListItem","position":1,"name":"Trang ch\u1ee7","item":"https:\/\/maison-chance.org\/shop\/"},{"@type":"ListItem","position":2,"name":"Shop","item":"https:\/\/maison-chance.org\/shop\/shop"},{"@type":"ListItem","position":3,"name":"M\u1eb7t d\u00e2y chuy\u1ec1n \u0111\u00e1 h\u00ecnh Thi\u00ean B\u00ecnh"}]},{"@type":"WebSite","@id":"https:\/\/maison-chance.org\/shop\/#website","url":"https:\/\/maison-chance.org\/shop\/","name":"Nh\u00e0 May M\u1eafn - Maison Chance","description":"M\u1ecdi l\u1ee3i nhu\u1eadn thu v\u1ec1 t\u1eeb vi\u1ec7c b\u00e1n h\u00e0ng s\u1ebd tr\u00edch m\u1ed9t ph\u1ea7n \u0111\u1ec3 ch\u0103m lo cho \u0111\u1eddi s\u1ed1ng c\u00e1c b\u1ea1n khuy\u1ebft t\u1eadt v\u00e0 tr\u1ebb m\u1ed3 c\u00f4i \u1edf \u0111\u00e2y","publisher":{"@id":"https:\/\/maison-chance.org\/shop\/#organization"},"potentialAction":[{"@type":"SearchAction","target":{"@type":"EntryPoint","urlTemplate":"https:\/\/maison-chance.org\/shop\/?s={search_term_string}"},"query-input":{"@type":"PropertyValueSpecification","valueRequired":true,"valueName":"search_term_string"}}],"inLanguage":"vi-VN"},{"@type":"Organization","@id":"https:\/\/maison-chance.org\/shop\/#organization","name":"Nh\u00e0 May M\u1eafn - Maison Chance","url":"https:\/\/maison-chance.org\/shop\/","logo":{"@type":"ImageObject","inLanguage":"vi-VN","@id":"https:\/\/maison-chance.org\/shop\/#\/schema\/logo\/image\/","url":"https:\/\/maison-chance.org\/shop\/wp-content\/uploads\/2024\/03\/cropped-Logo_DNXH.png","contentUrl":"https:\/\/maison-chance.org\/shop\/wp-content\/uploads\/2024\/03\/cropped-Logo_DNXH.png","width":512,"height":512,"caption":"Nh\u00e0 May M\u1eafn - Maison Chance"},"image":{"@id":"https:\/\/maison-chance.org\/shop\/#\/schema\/logo\/image\/"},"sameAs":["https:\/\/www.facebook.com\/dnxh.nhamayman\/"]}]},"product_price_amount":"6.00","product_price_currency":"USD","og_availability":"instock","product_availability":"instock","product_condition":"new"},"_links":{"self":[{"href":"https:\/\/maison-chance.org\/shop\/wp-json\/wp\/v2\/product\/42007","targetHints":{"allow":["GET"]}}],"collection":[{"href":"https:\/\/maison-chance.org\/shop\/wp-json\/wp\/v2\/product"}],"about":[{"href":"https:\/\/maison-chance.org\/shop\/wp-json\/wp\/v2\/types\/product"}],"wp:featuredmedia":[{"embeddable":true,"href":"https:\/\/maison-chance.org\/shop\/wp-json\/wp\/v2\/media\/36271"}],"wp:attachment":[{"href":"https:\/\/maison-chance.org\/shop\/wp-json\/wp\/v2\/media?parent=42007"}],"wp:term":[{"taxonomy":"product_brand","embeddable":true,"href":"https:\/\/maison-chance.org\/shop\/wp-json\/wp\/v2\/product_brand?post=42007"},{"taxonomy":"product_cat","embeddable":true,"href":"https:\/\/maison-chance.org\/shop\/wp-json\/wp\/v2\/product_cat?post=42007"},{"taxonomy":"product_tag","embeddable":true,"href":"https:\/\/maison-chance.org\/shop\/wp-json\/wp\/v2\/product_tag?post=42007"}],"curies":[{"name":"wp","href":"https:\/\/api.w.org\/{rel}","templated":true}]}}