{"id":42020,"date":"2025-08-26T15:15:05","date_gmt":"2025-08-26T08:15:05","guid":{"rendered":"https:\/\/maison-chance.org\/shop?post_type=product&#038;p=42020"},"modified":"2025-08-26T15:15:06","modified_gmt":"2025-08-26T08:15:06","slug":"mat-day-chuyen-da-hinh-dau-ngua","status":"publish","type":"product","link":"https:\/\/maison-chance.org\/shop\/san-pham\/mat-day-chuyen-da-hinh-dau-ngua","title":{"rendered":"M\u1eb7t d\u00e2y chuy\u1ec1n \u0111\u00e1 h\u00ecnh \u0111\u1ea7u ng\u1ef1a"},"content":{"rendered":"<p><span data-sheets-root=\"1\"><em><strong>M\u1eb7t d\u00e2y chuy\u1ec1n \u0111\u00e1 h\u00ecnh \u0110\u1ea7u Ng\u1ef1a<\/strong><\/em> \u2013 \u0111\u01b0\u1ee3c ch\u1ea1m kh\u1eafc th\u1ee7 c\u00f4ng tinh t\u1ebf, kh\u1eafc h\u1ecda h\u00ecnh t\u01b0\u1ee3ng ch\u00fa ng\u1ef1a m\u1ea1nh m\u1ebd v\u00e0 ki\u00eau h\u00e3nh. Trong phong th\u1ee7y, ng\u1ef1a t\u01b0\u1ee3ng tr\u01b0ng cho s\u1ef1 b\u1ec1n b\u1ec9, ki\u00ean tr\u00ec, th\u00e0nh c\u00f4ng v\u00e0 ph\u00e1t \u0111\u1ea1t, \u0111\u1eb7c bi\u1ec7t mang \u00fd ngh\u0129a \u201cm\u00e3 \u0111\u00e1o th\u00e0nh c\u00f4ng\u201d \u2013 thu h\u00fat may m\u1eafn, t\u00e0i l\u1ed9c v\u00e0 th\u0103ng ti\u1ebfn trong s\u1ef1 nghi\u1ec7p.<\/p>\n<p>K\u1ebft h\u1ee3p c\u00f9ng \u0111\u00e1 C\u1ea9m Th\u1ea1ch \u2013 lo\u1ea1i \u0111\u00e1 qu\u00fd mang n\u0103ng l\u01b0\u1ee3ng thanh khi\u1ebft, gi\u00fap c\u00e2n b\u1eb1ng tinh th\u1ea7n, xua tan mu\u1ed9n phi\u1ec1n v\u00e0 b\u1ea3o v\u1ec7 b\u00ecnh an \u2013 s\u1ea3n ph\u1ea9m tr\u1edf th\u00e0nh m\u00f3n trang s\u1ee9c phong th\u1ee7y v\u1eeba sang tr\u1ecdng v\u1eeba \u00fd ngh\u0129a.<\/p>\n<p><strong><em>\u2728 H\u01b0\u1edbng d\u1eabn s\u1eed d\u1ee5ng &amp; b\u1ea3o qu\u1ea3n<\/em><\/strong><\/span><\/p>\n<ul>\n<li><span data-sheets-root=\"1\">Tr\u00e1nh va ch\u1ea1m m\u1ea1nh v\u00e0 ti\u1ebfp x\u00fac v\u1edbi h\u00f3a ch\u1ea5t.<br \/>\n<\/span><\/li>\n<li><span data-sheets-root=\"1\">Lau s\u1ea1ch b\u1eb1ng kh\u0103n m\u1ec1m \u0111\u1ec3 gi\u1eef \u0111\u1ed9 s\u00e1ng b\u00f3ng.<br \/>\n<\/span><\/li>\n<li><span data-sheets-root=\"1\">B\u1ea3o qu\u1ea3n n\u01a1i kh\u00f4 r\u00e1o, trong h\u1ed9p ho\u1eb7c t\u00fai v\u1ea3i m\u1ec1m.<\/span><\/li>\n<\/ul>\n","protected":false},"excerpt":{"rendered":"<p><span data-sheets-root=\"1\">&#8211; Ch\u1ea5t li\u1ec7u: C\u1ea9m th\u1ea1ch<br \/>\n&#8211; H\u00ecnh d\u00e1ng: H\u00ecnh \u0111\u1ea7u ng\u1ef1a<br \/>\n&#8211; K\u00edch th\u01b0\u1edbc: 2*3 cm<br \/>\n&#8211; Kh\u1ed1i l\u01b0\u1ee3ng: 10 gr<br \/>\n&#8211; Code: MDCDQ26<br \/>\n&#8211; Xu\u1ea5t x\u1ee9: Nh\u00e0 May M\u1eafn \u2013 ch\u1ebf t\u00e1c th\u1ee7 c\u00f4ng \u0111\u1ed9c b\u1ea3n<\/p>\n<p><em><strong>\ud83d\udcde Li\u00ean h\u1ec7 mua h\u00e0ng t\u1ea1i Vi\u1ec7t Nam: 090 906 2528<\/strong><\/em><\/span><\/p>\n","protected":false},"featured_media":36625,"template":"","meta":[],"product_brand":[],"product_cat":[160,157],"product_tag":[],"class_list":{"0":"post-42020","1":"product","2":"type-product","3":"status-publish","4":"has-post-thumbnail","6":"product_cat-mat-day-chuyen-da-my-nghe","7":"product_cat-phong-da-my-nghe","9":"first","10":"instock","11":"shipping-taxable","12":"purchasable","13":"product-type-simple"},"yoast_head":"<!-- This site is optimized with the Yoast SEO Premium plugin v22.7 (Yoast SEO v25.3.1) - https:\/\/yoast.com\/wordpress\/plugins\/seo\/ -->\n<title>M\u1eb7t d\u00e2y chuy\u1ec1n \u0111\u00e1 h\u00ecnh \u0111\u1ea7u ng\u1ef1a - Nh\u00e0 May M\u1eafn - Maison Chance<\/title>\n<meta name=\"description\" content=\"M\u1eb7t d\u00e2y chuy\u1ec1n \u0111\u00e1 \u0110\u1ea7u Ng\u1ef1a \u2013 bi\u1ec3u t\u01b0\u1ee3ng \u201cm\u00e3 \u0111\u00e1o th\u00e0nh c\u00f4ng\u201d, mang l\u1ea1i may m\u1eafn, t\u00e0i l\u1ed9c v\u00e0 s\u1ef1 th\u0103ng ti\u1ebfn cho ng\u01b0\u1eddi s\u1edf h\u1eefu.\" \/>\n<meta name=\"robots\" content=\"index, follow, max-snippet:-1, max-image-preview:large, max-video-preview:-1\" \/>\n<link rel=\"canonical\" href=\"https:\/\/maison-chance.org\/shop\/san-pham\/mat-day-chuyen-da-hinh-dau-ngua\" \/>\n<meta property=\"og:locale\" content=\"vi_VN\" \/>\n<meta property=\"og:type\" content=\"article\" \/>\n<meta property=\"og:title\" content=\"M\u1eb7t d\u00e2y chuy\u1ec1n \u0111\u00e1 h\u00ecnh \u0111\u1ea7u ng\u1ef1a\" \/>\n<meta property=\"og:description\" content=\"M\u1eb7t d\u00e2y chuy\u1ec1n \u0111\u00e1 \u0110\u1ea7u Ng\u1ef1a \u2013 bi\u1ec3u t\u01b0\u1ee3ng \u201cm\u00e3 \u0111\u00e1o th\u00e0nh c\u00f4ng\u201d, mang l\u1ea1i may m\u1eafn, t\u00e0i l\u1ed9c v\u00e0 s\u1ef1 th\u0103ng ti\u1ebfn cho ng\u01b0\u1eddi s\u1edf h\u1eefu.\" \/>\n<meta property=\"og:url\" content=\"https:\/\/maison-chance.org\/shop\/san-pham\/mat-day-chuyen-da-hinh-dau-ngua\" \/>\n<meta property=\"og:site_name\" content=\"Nh\u00e0 May M\u1eafn - Maison Chance\" \/>\n<meta property=\"article:publisher\" content=\"https:\/\/www.facebook.com\/dnxh.nhamayman\/\" \/>\n<meta property=\"article:modified_time\" content=\"2025-08-26T08:15:06+00:00\" \/>\n<meta property=\"og:image\" content=\"https:\/\/maison-chance.org\/shop\/wp-content\/uploads\/2024\/04\/dau-ngua.jpg\" \/>\n\t<meta property=\"og:image:width\" content=\"600\" \/>\n\t<meta property=\"og:image:height\" content=\"600\" \/>\n\t<meta property=\"og:image:type\" content=\"image\/jpeg\" \/>\n<meta name=\"twitter:card\" content=\"summary_large_image\" \/>\n<meta name=\"twitter:label1\" content=\"Gi\u00e1\" \/>\n\t<meta name=\"twitter:data1\" content=\"14.10&nbsp;&#036;\" \/>\n\t<meta name=\"twitter:label2\" content=\"Availability\" \/>\n\t<meta name=\"twitter:data2\" content=\"In stock\" \/>\n<script type=\"application\/ld+json\" class=\"yoast-schema-graph\">{\"@context\":\"https:\/\/schema.org\",\"@graph\":[{\"@type\":\"WebPage\",\"@id\":\"https:\/\/maison-chance.org\/shop\/san-pham\/mat-day-chuyen-da-hinh-dau-ngua\",\"url\":\"https:\/\/maison-chance.org\/shop\/san-pham\/mat-day-chuyen-da-hinh-dau-ngua\",\"name\":\"M\u1eb7t d\u00e2y chuy\u1ec1n \u0111\u00e1 h\u00ecnh \u0111\u1ea7u ng\u1ef1a - Nh\u00e0 May M\u1eafn - Maison Chance\",\"isPartOf\":{\"@id\":\"https:\/\/maison-chance.org\/shop\/#website\"},\"primaryImageOfPage\":{\"@id\":\"https:\/\/maison-chance.org\/shop\/san-pham\/mat-day-chuyen-da-hinh-dau-ngua#primaryimage\"},\"image\":{\"@id\":\"https:\/\/maison-chance.org\/shop\/san-pham\/mat-day-chuyen-da-hinh-dau-ngua#primaryimage\"},\"thumbnailUrl\":\"https:\/\/maison-chance.org\/shop\/wp-content\/uploads\/2024\/04\/dau-ngua.jpg\",\"datePublished\":\"2025-08-26T08:15:05+00:00\",\"dateModified\":\"2025-08-26T08:15:06+00:00\",\"description\":\"M\u1eb7t d\u00e2y chuy\u1ec1n \u0111\u00e1 \u0110\u1ea7u Ng\u1ef1a \u2013 bi\u1ec3u t\u01b0\u1ee3ng \u201cm\u00e3 \u0111\u00e1o th\u00e0nh c\u00f4ng\u201d, mang l\u1ea1i may m\u1eafn, t\u00e0i l\u1ed9c v\u00e0 s\u1ef1 th\u0103ng ti\u1ebfn cho ng\u01b0\u1eddi s\u1edf h\u1eefu.\",\"breadcrumb\":{\"@id\":\"https:\/\/maison-chance.org\/shop\/san-pham\/mat-day-chuyen-da-hinh-dau-ngua#breadcrumb\"},\"inLanguage\":\"vi-VN\",\"potentialAction\":[{\"@type\":\"ReadAction\",\"target\":[\"https:\/\/maison-chance.org\/shop\/san-pham\/mat-day-chuyen-da-hinh-dau-ngua\"]}]},{\"@type\":\"ImageObject\",\"inLanguage\":\"vi-VN\",\"@id\":\"https:\/\/maison-chance.org\/shop\/san-pham\/mat-day-chuyen-da-hinh-dau-ngua#primaryimage\",\"url\":\"https:\/\/maison-chance.org\/shop\/wp-content\/uploads\/2024\/04\/dau-ngua.jpg\",\"contentUrl\":\"https:\/\/maison-chance.org\/shop\/wp-content\/uploads\/2024\/04\/dau-ngua.jpg\",\"width\":600,\"height\":600,\"caption\":\"\u0110\u1ea7u ng\u1ef1a\"},{\"@type\":\"BreadcrumbList\",\"@id\":\"https:\/\/maison-chance.org\/shop\/san-pham\/mat-day-chuyen-da-hinh-dau-ngua#breadcrumb\",\"itemListElement\":[{\"@type\":\"ListItem\",\"position\":1,\"name\":\"Trang ch\u1ee7\",\"item\":\"https:\/\/maison-chance.org\/shop\/\"},{\"@type\":\"ListItem\",\"position\":2,\"name\":\"Shop\",\"item\":\"https:\/\/maison-chance.org\/shop\/shop\"},{\"@type\":\"ListItem\",\"position\":3,\"name\":\"M\u1eb7t d\u00e2y chuy\u1ec1n \u0111\u00e1 h\u00ecnh \u0111\u1ea7u ng\u1ef1a\"}]},{\"@type\":\"WebSite\",\"@id\":\"https:\/\/maison-chance.org\/shop\/#website\",\"url\":\"https:\/\/maison-chance.org\/shop\/\",\"name\":\"Nh\u00e0 May M\u1eafn - Maison Chance\",\"description\":\"M\u1ecdi l\u1ee3i nhu\u1eadn thu v\u1ec1 t\u1eeb vi\u1ec7c b\u00e1n h\u00e0ng s\u1ebd tr\u00edch m\u1ed9t ph\u1ea7n \u0111\u1ec3 ch\u0103m lo cho \u0111\u1eddi s\u1ed1ng c\u00e1c b\u1ea1n khuy\u1ebft t\u1eadt v\u00e0 tr\u1ebb m\u1ed3 c\u00f4i \u1edf \u0111\u00e2y\",\"publisher\":{\"@id\":\"https:\/\/maison-chance.org\/shop\/#organization\"},\"potentialAction\":[{\"@type\":\"SearchAction\",\"target\":{\"@type\":\"EntryPoint\",\"urlTemplate\":\"https:\/\/maison-chance.org\/shop\/?s={search_term_string}\"},\"query-input\":{\"@type\":\"PropertyValueSpecification\",\"valueRequired\":true,\"valueName\":\"search_term_string\"}}],\"inLanguage\":\"vi-VN\"},{\"@type\":\"Organization\",\"@id\":\"https:\/\/maison-chance.org\/shop\/#organization\",\"name\":\"Nh\u00e0 May M\u1eafn - Maison Chance\",\"url\":\"https:\/\/maison-chance.org\/shop\/\",\"logo\":{\"@type\":\"ImageObject\",\"inLanguage\":\"vi-VN\",\"@id\":\"https:\/\/maison-chance.org\/shop\/#\/schema\/logo\/image\/\",\"url\":\"https:\/\/maison-chance.org\/shop\/wp-content\/uploads\/2024\/03\/cropped-Logo_DNXH.png\",\"contentUrl\":\"https:\/\/maison-chance.org\/shop\/wp-content\/uploads\/2024\/03\/cropped-Logo_DNXH.png\",\"width\":512,\"height\":512,\"caption\":\"Nh\u00e0 May M\u1eafn - Maison Chance\"},\"image\":{\"@id\":\"https:\/\/maison-chance.org\/shop\/#\/schema\/logo\/image\/\"},\"sameAs\":[\"https:\/\/www.facebook.com\/dnxh.nhamayman\/\"]}]}<\/script>\n<meta property=\"product:price:amount\" content=\"14.10\" \/>\n<meta property=\"product:price:currency\" content=\"USD\" \/>\n<meta property=\"og:availability\" content=\"instock\" \/>\n<meta property=\"product:availability\" content=\"instock\" \/>\n<meta property=\"product:condition\" content=\"new\" \/>\n<!-- \/ Yoast SEO Premium plugin. -->","yoast_head_json":{"title":"M\u1eb7t d\u00e2y chuy\u1ec1n \u0111\u00e1 h\u00ecnh \u0111\u1ea7u ng\u1ef1a - Nh\u00e0 May M\u1eafn - Maison Chance","description":"M\u1eb7t d\u00e2y chuy\u1ec1n \u0111\u00e1 \u0110\u1ea7u Ng\u1ef1a \u2013 bi\u1ec3u t\u01b0\u1ee3ng \u201cm\u00e3 \u0111\u00e1o th\u00e0nh c\u00f4ng\u201d, mang l\u1ea1i may m\u1eafn, t\u00e0i l\u1ed9c v\u00e0 s\u1ef1 th\u0103ng ti\u1ebfn cho ng\u01b0\u1eddi s\u1edf h\u1eefu.","robots":{"index":"index","follow":"follow","max-snippet":"max-snippet:-1","max-image-preview":"max-image-preview:large","max-video-preview":"max-video-preview:-1"},"canonical":"https:\/\/maison-chance.org\/shop\/san-pham\/mat-day-chuyen-da-hinh-dau-ngua","og_locale":"vi_VN","og_type":"article","og_title":"M\u1eb7t d\u00e2y chuy\u1ec1n \u0111\u00e1 h\u00ecnh \u0111\u1ea7u ng\u1ef1a","og_description":"M\u1eb7t d\u00e2y chuy\u1ec1n \u0111\u00e1 \u0110\u1ea7u Ng\u1ef1a \u2013 bi\u1ec3u t\u01b0\u1ee3ng \u201cm\u00e3 \u0111\u00e1o th\u00e0nh c\u00f4ng\u201d, mang l\u1ea1i may m\u1eafn, t\u00e0i l\u1ed9c v\u00e0 s\u1ef1 th\u0103ng ti\u1ebfn cho ng\u01b0\u1eddi s\u1edf h\u1eefu.","og_url":"https:\/\/maison-chance.org\/shop\/san-pham\/mat-day-chuyen-da-hinh-dau-ngua","og_site_name":"Nh\u00e0 May M\u1eafn - Maison Chance","article_publisher":"https:\/\/www.facebook.com\/dnxh.nhamayman\/","article_modified_time":"2025-08-26T08:15:06+00:00","og_image":[{"width":600,"height":600,"url":"https:\/\/maison-chance.org\/shop\/wp-content\/uploads\/2024\/04\/dau-ngua.jpg","type":"image\/jpeg"}],"twitter_card":"summary_large_image","twitter_misc":{"Gi\u00e1":"14.10&nbsp;&#36;","Availability":"In stock"},"schema":{"@context":"https:\/\/schema.org","@graph":[{"@type":"WebPage","@id":"https:\/\/maison-chance.org\/shop\/san-pham\/mat-day-chuyen-da-hinh-dau-ngua","url":"https:\/\/maison-chance.org\/shop\/san-pham\/mat-day-chuyen-da-hinh-dau-ngua","name":"M\u1eb7t d\u00e2y chuy\u1ec1n \u0111\u00e1 h\u00ecnh \u0111\u1ea7u ng\u1ef1a - Nh\u00e0 May M\u1eafn - Maison Chance","isPartOf":{"@id":"https:\/\/maison-chance.org\/shop\/#website"},"primaryImageOfPage":{"@id":"https:\/\/maison-chance.org\/shop\/san-pham\/mat-day-chuyen-da-hinh-dau-ngua#primaryimage"},"image":{"@id":"https:\/\/maison-chance.org\/shop\/san-pham\/mat-day-chuyen-da-hinh-dau-ngua#primaryimage"},"thumbnailUrl":"https:\/\/maison-chance.org\/shop\/wp-content\/uploads\/2024\/04\/dau-ngua.jpg","datePublished":"2025-08-26T08:15:05+00:00","dateModified":"2025-08-26T08:15:06+00:00","description":"M\u1eb7t d\u00e2y chuy\u1ec1n \u0111\u00e1 \u0110\u1ea7u Ng\u1ef1a \u2013 bi\u1ec3u t\u01b0\u1ee3ng \u201cm\u00e3 \u0111\u00e1o th\u00e0nh c\u00f4ng\u201d, mang l\u1ea1i may m\u1eafn, t\u00e0i l\u1ed9c v\u00e0 s\u1ef1 th\u0103ng ti\u1ebfn cho ng\u01b0\u1eddi s\u1edf h\u1eefu.","breadcrumb":{"@id":"https:\/\/maison-chance.org\/shop\/san-pham\/mat-day-chuyen-da-hinh-dau-ngua#breadcrumb"},"inLanguage":"vi-VN","potentialAction":[{"@type":"ReadAction","target":["https:\/\/maison-chance.org\/shop\/san-pham\/mat-day-chuyen-da-hinh-dau-ngua"]}]},{"@type":"ImageObject","inLanguage":"vi-VN","@id":"https:\/\/maison-chance.org\/shop\/san-pham\/mat-day-chuyen-da-hinh-dau-ngua#primaryimage","url":"https:\/\/maison-chance.org\/shop\/wp-content\/uploads\/2024\/04\/dau-ngua.jpg","contentUrl":"https:\/\/maison-chance.org\/shop\/wp-content\/uploads\/2024\/04\/dau-ngua.jpg","width":600,"height":600,"caption":"\u0110\u1ea7u ng\u1ef1a"},{"@type":"BreadcrumbList","@id":"https:\/\/maison-chance.org\/shop\/san-pham\/mat-day-chuyen-da-hinh-dau-ngua#breadcrumb","itemListElement":[{"@type":"ListItem","position":1,"name":"Trang ch\u1ee7","item":"https:\/\/maison-chance.org\/shop\/"},{"@type":"ListItem","position":2,"name":"Shop","item":"https:\/\/maison-chance.org\/shop\/shop"},{"@type":"ListItem","position":3,"name":"M\u1eb7t d\u00e2y chuy\u1ec1n \u0111\u00e1 h\u00ecnh \u0111\u1ea7u ng\u1ef1a"}]},{"@type":"WebSite","@id":"https:\/\/maison-chance.org\/shop\/#website","url":"https:\/\/maison-chance.org\/shop\/","name":"Nh\u00e0 May M\u1eafn - Maison Chance","description":"M\u1ecdi l\u1ee3i nhu\u1eadn thu v\u1ec1 t\u1eeb vi\u1ec7c b\u00e1n h\u00e0ng s\u1ebd tr\u00edch m\u1ed9t ph\u1ea7n \u0111\u1ec3 ch\u0103m lo cho \u0111\u1eddi s\u1ed1ng c\u00e1c b\u1ea1n khuy\u1ebft t\u1eadt v\u00e0 tr\u1ebb m\u1ed3 c\u00f4i \u1edf \u0111\u00e2y","publisher":{"@id":"https:\/\/maison-chance.org\/shop\/#organization"},"potentialAction":[{"@type":"SearchAction","target":{"@type":"EntryPoint","urlTemplate":"https:\/\/maison-chance.org\/shop\/?s={search_term_string}"},"query-input":{"@type":"PropertyValueSpecification","valueRequired":true,"valueName":"search_term_string"}}],"inLanguage":"vi-VN"},{"@type":"Organization","@id":"https:\/\/maison-chance.org\/shop\/#organization","name":"Nh\u00e0 May M\u1eafn - Maison Chance","url":"https:\/\/maison-chance.org\/shop\/","logo":{"@type":"ImageObject","inLanguage":"vi-VN","@id":"https:\/\/maison-chance.org\/shop\/#\/schema\/logo\/image\/","url":"https:\/\/maison-chance.org\/shop\/wp-content\/uploads\/2024\/03\/cropped-Logo_DNXH.png","contentUrl":"https:\/\/maison-chance.org\/shop\/wp-content\/uploads\/2024\/03\/cropped-Logo_DNXH.png","width":512,"height":512,"caption":"Nh\u00e0 May M\u1eafn - Maison Chance"},"image":{"@id":"https:\/\/maison-chance.org\/shop\/#\/schema\/logo\/image\/"},"sameAs":["https:\/\/www.facebook.com\/dnxh.nhamayman\/"]}]},"product_price_amount":"14.10","product_price_currency":"USD","og_availability":"instock","product_availability":"instock","product_condition":"new"},"_links":{"self":[{"href":"https:\/\/maison-chance.org\/shop\/wp-json\/wp\/v2\/product\/42020","targetHints":{"allow":["GET"]}}],"collection":[{"href":"https:\/\/maison-chance.org\/shop\/wp-json\/wp\/v2\/product"}],"about":[{"href":"https:\/\/maison-chance.org\/shop\/wp-json\/wp\/v2\/types\/product"}],"wp:featuredmedia":[{"embeddable":true,"href":"https:\/\/maison-chance.org\/shop\/wp-json\/wp\/v2\/media\/36625"}],"wp:attachment":[{"href":"https:\/\/maison-chance.org\/shop\/wp-json\/wp\/v2\/media?parent=42020"}],"wp:term":[{"taxonomy":"product_brand","embeddable":true,"href":"https:\/\/maison-chance.org\/shop\/wp-json\/wp\/v2\/product_brand?post=42020"},{"taxonomy":"product_cat","embeddable":true,"href":"https:\/\/maison-chance.org\/shop\/wp-json\/wp\/v2\/product_cat?post=42020"},{"taxonomy":"product_tag","embeddable":true,"href":"https:\/\/maison-chance.org\/shop\/wp-json\/wp\/v2\/product_tag?post=42020"}],"curies":[{"name":"wp","href":"https:\/\/api.w.org\/{rel}","templated":true}]}}