{"id":42024,"date":"2025-08-26T15:29:24","date_gmt":"2025-08-26T08:29:24","guid":{"rendered":"https:\/\/maison-chance.org\/shop?post_type=product&#038;p=42024"},"modified":"2025-08-26T15:29:25","modified_gmt":"2025-08-26T08:29:25","slug":"mat-tuong-hinh-chua-jesus-3","status":"publish","type":"product","link":"https:\/\/maison-chance.org\/shop\/san-pham\/mat-tuong-hinh-chua-jesus-3","title":{"rendered":"M\u1eb7t t\u01b0\u1ee3ng h\u00ecnh ch\u00faa Jesus"},"content":{"rendered":"<p><span data-sheets-root=\"1\"><em><strong>M\u1eb7t t\u01b0\u1ee3ng h\u00ecnh Ch\u00faa Jesus<\/strong><\/em> \u0111\u01b0\u1ee3c ch\u1ebf t\u00e1c th\u1ee7 c\u00f4ng t\u1eeb \u0111\u00e1 Th\u1ea1ch Anh H\u1ed3ng t\u1ef1 nhi\u00ean, t\u00e1i hi\u1ec7n h\u00ecnh \u1ea3nh Ch\u00faa Jesus \u2013 bi\u1ec3u t\u01b0\u1ee3ng linh thi\u00eang c\u1ee7a \u0111\u1ee9c tin, l\u00f2ng bao dung v\u00e0 s\u1ef1 che ch\u1edf. V\u1edbi s\u1eafc h\u1ed3ng d\u1ecbu nh\u1eb9, s\u1ea3n ph\u1ea9m kh\u00f4ng ch\u1ec9 mang v\u1ebb \u0111\u1eb9p tinh t\u1ebf m\u00e0 c\u00f2n lan t\u1ecfa ngu\u1ed3n n\u0103ng l\u01b0\u1ee3ng y\u00eau th\u01b0\u01a1ng, gi\u00fap c\u00e2n b\u1eb1ng c\u1ea3m x\u00fac, mang l\u1ea1i b\u00ecnh an v\u00e0 g\u1eafn k\u1ebft trong c\u00e1c m\u1ed1i quan h\u1ec7.<\/p>\n<p><em><strong>\u2728 H\u01b0\u1edbng d\u1eabn s\u1eed d\u1ee5ng &amp; b\u1ea3o qu\u1ea3n<\/strong><\/em><\/span><\/p>\n<ul>\n<li><span data-sheets-root=\"1\">Tr\u00e1nh va \u0111\u1eadp m\u1ea1nh v\u00e0 ti\u1ebfp x\u00fac tr\u1ef1c ti\u1ebfp v\u1edbi h\u00f3a ch\u1ea5t.<br \/>\n<\/span><\/li>\n<li><span data-sheets-root=\"1\">V\u1ec7 sinh nh\u1eb9 nh\u00e0ng b\u1eb1ng kh\u0103n m\u1ec1m \u0111\u1ec3 gi\u1eef \u0111\u1ed9 s\u00e1ng b\u00f3ng.<br \/>\n<\/span><\/li>\n<li><span data-sheets-root=\"1\">B\u1ea3o qu\u1ea3n n\u01a1i kh\u00f4 r\u00e1o, trong h\u1ed9p ho\u1eb7c t\u00fai v\u1ea3i m\u1ec1m \u0111\u1ec3 h\u1ea1n ch\u1ebf tr\u1ea7y x\u01b0\u1edbc.<\/span><\/li>\n<\/ul>\n","protected":false},"excerpt":{"rendered":"<p><span data-sheets-root=\"1\">&#8211; Ch\u1ea5t li\u1ec7u: \u0110\u00e1 Th\u1ea1ch Anh H\u1ed3ng<br \/>\n&#8211; H\u00ecnh d\u00e1ng: H\u00ecnh Ch\u00faa Jesus<br \/>\n&#8211; K\u00edch th\u01b0\u1edbc: 2.5*3.5 cm<br \/>\n&#8211; Kh\u1ed1i l\u01b0\u1ee3ng: 14 gr<br \/>\n&#8211; Code: MTTG03<br \/>\n&#8211; Xu\u1ea5t x\u1ee9: Nh\u00e0 May M\u1eafn \u2013 ch\u1ebf t\u00e1c th\u1ee7 c\u00f4ng \u0111\u1ed9c b\u1ea3n<\/p>\n<p><strong><em>\ud83d\udcde Li\u00ean h\u1ec7 mua h\u00e0ng t\u1ea1i Vi\u1ec7t Nam: 090 906 2528<\/em><\/strong><\/span><\/p>\n","protected":false},"featured_media":41884,"template":"","meta":[],"product_brand":[],"product_cat":[161,157],"product_tag":[],"class_list":{"0":"post-42024","1":"product","2":"type-product","3":"status-publish","4":"has-post-thumbnail","6":"product_cat-mat-tuong-ton-giao","7":"product_cat-phong-da-my-nghe","9":"first","10":"instock","11":"shipping-taxable","12":"purchasable","13":"product-type-simple"},"yoast_head":"<!-- This site is optimized with the Yoast SEO Premium plugin v22.7 (Yoast SEO v25.3.1) - https:\/\/yoast.com\/wordpress\/plugins\/seo\/ -->\n<title>M\u1eb7t t\u01b0\u1ee3ng h\u00ecnh ch\u00faa Jesus - Nh\u00e0 May M\u1eafn - Maison Chance<\/title>\n<meta name=\"description\" content=\"M\u1eb7t t\u01b0\u1ee3ng Ch\u00faa Jesus \u0111\u01b0\u1ee3c ch\u1ebf t\u00e1c th\u1ee7 c\u00f4ng t\u1eeb \u0111\u00e1 Th\u1ea1ch Anh H\u1ed3ng t\u1ef1 nhi\u00ean, t\u00e1i hi\u1ec7n h\u00ecnh \u1ea3nh Ch\u00faa Jesus thi\u00eang li\u00eang \u2013 bi\u1ec3u t\u01b0\u1ee3ng c\u1ee7a t\u00ecnh y\u00eau, l\u00f2ng v\u1ecb tha v\u00e0 s\u1ef1 che ch\u1edf\" \/>\n<meta name=\"robots\" content=\"index, follow, max-snippet:-1, max-image-preview:large, max-video-preview:-1\" \/>\n<link rel=\"canonical\" href=\"https:\/\/maison-chance.org\/shop\/san-pham\/mat-tuong-hinh-chua-jesus-3\" \/>\n<meta property=\"og:locale\" content=\"vi_VN\" \/>\n<meta property=\"og:type\" content=\"article\" \/>\n<meta property=\"og:title\" content=\"M\u1eb7t t\u01b0\u1ee3ng h\u00ecnh ch\u00faa Jesus\" \/>\n<meta property=\"og:description\" content=\"M\u1eb7t t\u01b0\u1ee3ng Ch\u00faa Jesus \u0111\u01b0\u1ee3c ch\u1ebf t\u00e1c th\u1ee7 c\u00f4ng t\u1eeb \u0111\u00e1 Th\u1ea1ch Anh H\u1ed3ng t\u1ef1 nhi\u00ean, t\u00e1i hi\u1ec7n h\u00ecnh \u1ea3nh Ch\u00faa Jesus thi\u00eang li\u00eang \u2013 bi\u1ec3u t\u01b0\u1ee3ng c\u1ee7a t\u00ecnh y\u00eau, l\u00f2ng v\u1ecb tha v\u00e0 s\u1ef1 che ch\u1edf\" \/>\n<meta property=\"og:url\" content=\"https:\/\/maison-chance.org\/shop\/san-pham\/mat-tuong-hinh-chua-jesus-3\" \/>\n<meta property=\"og:site_name\" content=\"Nh\u00e0 May M\u1eafn - Maison Chance\" \/>\n<meta property=\"article:publisher\" content=\"https:\/\/www.facebook.com\/dnxh.nhamayman\/\" \/>\n<meta property=\"article:modified_time\" content=\"2025-08-26T08:29:25+00:00\" \/>\n<meta property=\"og:image\" content=\"https:\/\/maison-chance.org\/shop\/wp-content\/uploads\/2025\/08\/Jesus-2.jpg\" \/>\n\t<meta property=\"og:image:width\" content=\"600\" \/>\n\t<meta property=\"og:image:height\" content=\"600\" \/>\n\t<meta property=\"og:image:type\" content=\"image\/jpeg\" \/>\n<meta name=\"twitter:card\" content=\"summary_large_image\" \/>\n<meta name=\"twitter:label1\" content=\"Gi\u00e1\" \/>\n\t<meta name=\"twitter:data1\" content=\"22.80&nbsp;&#036;\" \/>\n\t<meta name=\"twitter:label2\" content=\"Availability\" \/>\n\t<meta name=\"twitter:data2\" content=\"In stock\" \/>\n<script type=\"application\/ld+json\" class=\"yoast-schema-graph\">{\"@context\":\"https:\/\/schema.org\",\"@graph\":[{\"@type\":\"WebPage\",\"@id\":\"https:\/\/maison-chance.org\/shop\/san-pham\/mat-tuong-hinh-chua-jesus-3\",\"url\":\"https:\/\/maison-chance.org\/shop\/san-pham\/mat-tuong-hinh-chua-jesus-3\",\"name\":\"M\u1eb7t t\u01b0\u1ee3ng h\u00ecnh ch\u00faa Jesus - Nh\u00e0 May M\u1eafn - Maison Chance\",\"isPartOf\":{\"@id\":\"https:\/\/maison-chance.org\/shop\/#website\"},\"primaryImageOfPage\":{\"@id\":\"https:\/\/maison-chance.org\/shop\/san-pham\/mat-tuong-hinh-chua-jesus-3#primaryimage\"},\"image\":{\"@id\":\"https:\/\/maison-chance.org\/shop\/san-pham\/mat-tuong-hinh-chua-jesus-3#primaryimage\"},\"thumbnailUrl\":\"https:\/\/maison-chance.org\/shop\/wp-content\/uploads\/2025\/08\/Jesus-2.jpg\",\"datePublished\":\"2025-08-26T08:29:24+00:00\",\"dateModified\":\"2025-08-26T08:29:25+00:00\",\"description\":\"M\u1eb7t t\u01b0\u1ee3ng Ch\u00faa Jesus \u0111\u01b0\u1ee3c ch\u1ebf t\u00e1c th\u1ee7 c\u00f4ng t\u1eeb \u0111\u00e1 Th\u1ea1ch Anh H\u1ed3ng t\u1ef1 nhi\u00ean, t\u00e1i hi\u1ec7n h\u00ecnh \u1ea3nh Ch\u00faa Jesus thi\u00eang li\u00eang \u2013 bi\u1ec3u t\u01b0\u1ee3ng c\u1ee7a t\u00ecnh y\u00eau, l\u00f2ng v\u1ecb tha v\u00e0 s\u1ef1 che ch\u1edf\",\"breadcrumb\":{\"@id\":\"https:\/\/maison-chance.org\/shop\/san-pham\/mat-tuong-hinh-chua-jesus-3#breadcrumb\"},\"inLanguage\":\"vi-VN\",\"potentialAction\":[{\"@type\":\"ReadAction\",\"target\":[\"https:\/\/maison-chance.org\/shop\/san-pham\/mat-tuong-hinh-chua-jesus-3\"]}]},{\"@type\":\"ImageObject\",\"inLanguage\":\"vi-VN\",\"@id\":\"https:\/\/maison-chance.org\/shop\/san-pham\/mat-tuong-hinh-chua-jesus-3#primaryimage\",\"url\":\"https:\/\/maison-chance.org\/shop\/wp-content\/uploads\/2025\/08\/Jesus-2.jpg\",\"contentUrl\":\"https:\/\/maison-chance.org\/shop\/wp-content\/uploads\/2025\/08\/Jesus-2.jpg\",\"width\":600,\"height\":600},{\"@type\":\"BreadcrumbList\",\"@id\":\"https:\/\/maison-chance.org\/shop\/san-pham\/mat-tuong-hinh-chua-jesus-3#breadcrumb\",\"itemListElement\":[{\"@type\":\"ListItem\",\"position\":1,\"name\":\"Trang ch\u1ee7\",\"item\":\"https:\/\/maison-chance.org\/shop\/\"},{\"@type\":\"ListItem\",\"position\":2,\"name\":\"Shop\",\"item\":\"https:\/\/maison-chance.org\/shop\/shop\"},{\"@type\":\"ListItem\",\"position\":3,\"name\":\"M\u1eb7t t\u01b0\u1ee3ng h\u00ecnh ch\u00faa Jesus\"}]},{\"@type\":\"WebSite\",\"@id\":\"https:\/\/maison-chance.org\/shop\/#website\",\"url\":\"https:\/\/maison-chance.org\/shop\/\",\"name\":\"Nh\u00e0 May M\u1eafn - Maison Chance\",\"description\":\"M\u1ecdi l\u1ee3i nhu\u1eadn thu v\u1ec1 t\u1eeb vi\u1ec7c b\u00e1n h\u00e0ng s\u1ebd tr\u00edch m\u1ed9t ph\u1ea7n \u0111\u1ec3 ch\u0103m lo cho \u0111\u1eddi s\u1ed1ng c\u00e1c b\u1ea1n khuy\u1ebft t\u1eadt v\u00e0 tr\u1ebb m\u1ed3 c\u00f4i \u1edf \u0111\u00e2y\",\"publisher\":{\"@id\":\"https:\/\/maison-chance.org\/shop\/#organization\"},\"potentialAction\":[{\"@type\":\"SearchAction\",\"target\":{\"@type\":\"EntryPoint\",\"urlTemplate\":\"https:\/\/maison-chance.org\/shop\/?s={search_term_string}\"},\"query-input\":{\"@type\":\"PropertyValueSpecification\",\"valueRequired\":true,\"valueName\":\"search_term_string\"}}],\"inLanguage\":\"vi-VN\"},{\"@type\":\"Organization\",\"@id\":\"https:\/\/maison-chance.org\/shop\/#organization\",\"name\":\"Nh\u00e0 May M\u1eafn - Maison Chance\",\"url\":\"https:\/\/maison-chance.org\/shop\/\",\"logo\":{\"@type\":\"ImageObject\",\"inLanguage\":\"vi-VN\",\"@id\":\"https:\/\/maison-chance.org\/shop\/#\/schema\/logo\/image\/\",\"url\":\"https:\/\/maison-chance.org\/shop\/wp-content\/uploads\/2024\/03\/cropped-Logo_DNXH.png\",\"contentUrl\":\"https:\/\/maison-chance.org\/shop\/wp-content\/uploads\/2024\/03\/cropped-Logo_DNXH.png\",\"width\":512,\"height\":512,\"caption\":\"Nh\u00e0 May M\u1eafn - Maison Chance\"},\"image\":{\"@id\":\"https:\/\/maison-chance.org\/shop\/#\/schema\/logo\/image\/\"},\"sameAs\":[\"https:\/\/www.facebook.com\/dnxh.nhamayman\/\"]}]}<\/script>\n<meta property=\"product:price:amount\" content=\"22.80\" \/>\n<meta property=\"product:price:currency\" content=\"USD\" \/>\n<meta property=\"og:availability\" content=\"instock\" \/>\n<meta property=\"product:availability\" content=\"instock\" \/>\n<meta property=\"product:condition\" content=\"new\" \/>\n<!-- \/ Yoast SEO Premium plugin. -->","yoast_head_json":{"title":"M\u1eb7t t\u01b0\u1ee3ng h\u00ecnh ch\u00faa Jesus - Nh\u00e0 May M\u1eafn - Maison Chance","description":"M\u1eb7t t\u01b0\u1ee3ng Ch\u00faa Jesus \u0111\u01b0\u1ee3c ch\u1ebf t\u00e1c th\u1ee7 c\u00f4ng t\u1eeb \u0111\u00e1 Th\u1ea1ch Anh H\u1ed3ng t\u1ef1 nhi\u00ean, t\u00e1i hi\u1ec7n h\u00ecnh \u1ea3nh Ch\u00faa Jesus thi\u00eang li\u00eang \u2013 bi\u1ec3u t\u01b0\u1ee3ng c\u1ee7a t\u00ecnh y\u00eau, l\u00f2ng v\u1ecb tha v\u00e0 s\u1ef1 che ch\u1edf","robots":{"index":"index","follow":"follow","max-snippet":"max-snippet:-1","max-image-preview":"max-image-preview:large","max-video-preview":"max-video-preview:-1"},"canonical":"https:\/\/maison-chance.org\/shop\/san-pham\/mat-tuong-hinh-chua-jesus-3","og_locale":"vi_VN","og_type":"article","og_title":"M\u1eb7t t\u01b0\u1ee3ng h\u00ecnh ch\u00faa Jesus","og_description":"M\u1eb7t t\u01b0\u1ee3ng Ch\u00faa Jesus \u0111\u01b0\u1ee3c ch\u1ebf t\u00e1c th\u1ee7 c\u00f4ng t\u1eeb \u0111\u00e1 Th\u1ea1ch Anh H\u1ed3ng t\u1ef1 nhi\u00ean, t\u00e1i hi\u1ec7n h\u00ecnh \u1ea3nh Ch\u00faa Jesus thi\u00eang li\u00eang \u2013 bi\u1ec3u t\u01b0\u1ee3ng c\u1ee7a t\u00ecnh y\u00eau, l\u00f2ng v\u1ecb tha v\u00e0 s\u1ef1 che ch\u1edf","og_url":"https:\/\/maison-chance.org\/shop\/san-pham\/mat-tuong-hinh-chua-jesus-3","og_site_name":"Nh\u00e0 May M\u1eafn - Maison Chance","article_publisher":"https:\/\/www.facebook.com\/dnxh.nhamayman\/","article_modified_time":"2025-08-26T08:29:25+00:00","og_image":[{"width":600,"height":600,"url":"https:\/\/maison-chance.org\/shop\/wp-content\/uploads\/2025\/08\/Jesus-2.jpg","type":"image\/jpeg"}],"twitter_card":"summary_large_image","twitter_misc":{"Gi\u00e1":"22.80&nbsp;&#36;","Availability":"In stock"},"schema":{"@context":"https:\/\/schema.org","@graph":[{"@type":"WebPage","@id":"https:\/\/maison-chance.org\/shop\/san-pham\/mat-tuong-hinh-chua-jesus-3","url":"https:\/\/maison-chance.org\/shop\/san-pham\/mat-tuong-hinh-chua-jesus-3","name":"M\u1eb7t t\u01b0\u1ee3ng h\u00ecnh ch\u00faa Jesus - Nh\u00e0 May M\u1eafn - Maison Chance","isPartOf":{"@id":"https:\/\/maison-chance.org\/shop\/#website"},"primaryImageOfPage":{"@id":"https:\/\/maison-chance.org\/shop\/san-pham\/mat-tuong-hinh-chua-jesus-3#primaryimage"},"image":{"@id":"https:\/\/maison-chance.org\/shop\/san-pham\/mat-tuong-hinh-chua-jesus-3#primaryimage"},"thumbnailUrl":"https:\/\/maison-chance.org\/shop\/wp-content\/uploads\/2025\/08\/Jesus-2.jpg","datePublished":"2025-08-26T08:29:24+00:00","dateModified":"2025-08-26T08:29:25+00:00","description":"M\u1eb7t t\u01b0\u1ee3ng Ch\u00faa Jesus \u0111\u01b0\u1ee3c ch\u1ebf t\u00e1c th\u1ee7 c\u00f4ng t\u1eeb \u0111\u00e1 Th\u1ea1ch Anh H\u1ed3ng t\u1ef1 nhi\u00ean, t\u00e1i hi\u1ec7n h\u00ecnh \u1ea3nh Ch\u00faa Jesus thi\u00eang li\u00eang \u2013 bi\u1ec3u t\u01b0\u1ee3ng c\u1ee7a t\u00ecnh y\u00eau, l\u00f2ng v\u1ecb tha v\u00e0 s\u1ef1 che ch\u1edf","breadcrumb":{"@id":"https:\/\/maison-chance.org\/shop\/san-pham\/mat-tuong-hinh-chua-jesus-3#breadcrumb"},"inLanguage":"vi-VN","potentialAction":[{"@type":"ReadAction","target":["https:\/\/maison-chance.org\/shop\/san-pham\/mat-tuong-hinh-chua-jesus-3"]}]},{"@type":"ImageObject","inLanguage":"vi-VN","@id":"https:\/\/maison-chance.org\/shop\/san-pham\/mat-tuong-hinh-chua-jesus-3#primaryimage","url":"https:\/\/maison-chance.org\/shop\/wp-content\/uploads\/2025\/08\/Jesus-2.jpg","contentUrl":"https:\/\/maison-chance.org\/shop\/wp-content\/uploads\/2025\/08\/Jesus-2.jpg","width":600,"height":600},{"@type":"BreadcrumbList","@id":"https:\/\/maison-chance.org\/shop\/san-pham\/mat-tuong-hinh-chua-jesus-3#breadcrumb","itemListElement":[{"@type":"ListItem","position":1,"name":"Trang ch\u1ee7","item":"https:\/\/maison-chance.org\/shop\/"},{"@type":"ListItem","position":2,"name":"Shop","item":"https:\/\/maison-chance.org\/shop\/shop"},{"@type":"ListItem","position":3,"name":"M\u1eb7t t\u01b0\u1ee3ng h\u00ecnh ch\u00faa Jesus"}]},{"@type":"WebSite","@id":"https:\/\/maison-chance.org\/shop\/#website","url":"https:\/\/maison-chance.org\/shop\/","name":"Nh\u00e0 May M\u1eafn - Maison Chance","description":"M\u1ecdi l\u1ee3i nhu\u1eadn thu v\u1ec1 t\u1eeb vi\u1ec7c b\u00e1n h\u00e0ng s\u1ebd tr\u00edch m\u1ed9t ph\u1ea7n \u0111\u1ec3 ch\u0103m lo cho \u0111\u1eddi s\u1ed1ng c\u00e1c b\u1ea1n khuy\u1ebft t\u1eadt v\u00e0 tr\u1ebb m\u1ed3 c\u00f4i \u1edf \u0111\u00e2y","publisher":{"@id":"https:\/\/maison-chance.org\/shop\/#organization"},"potentialAction":[{"@type":"SearchAction","target":{"@type":"EntryPoint","urlTemplate":"https:\/\/maison-chance.org\/shop\/?s={search_term_string}"},"query-input":{"@type":"PropertyValueSpecification","valueRequired":true,"valueName":"search_term_string"}}],"inLanguage":"vi-VN"},{"@type":"Organization","@id":"https:\/\/maison-chance.org\/shop\/#organization","name":"Nh\u00e0 May M\u1eafn - Maison Chance","url":"https:\/\/maison-chance.org\/shop\/","logo":{"@type":"ImageObject","inLanguage":"vi-VN","@id":"https:\/\/maison-chance.org\/shop\/#\/schema\/logo\/image\/","url":"https:\/\/maison-chance.org\/shop\/wp-content\/uploads\/2024\/03\/cropped-Logo_DNXH.png","contentUrl":"https:\/\/maison-chance.org\/shop\/wp-content\/uploads\/2024\/03\/cropped-Logo_DNXH.png","width":512,"height":512,"caption":"Nh\u00e0 May M\u1eafn - Maison Chance"},"image":{"@id":"https:\/\/maison-chance.org\/shop\/#\/schema\/logo\/image\/"},"sameAs":["https:\/\/www.facebook.com\/dnxh.nhamayman\/"]}]},"product_price_amount":"22.80","product_price_currency":"USD","og_availability":"instock","product_availability":"instock","product_condition":"new"},"_links":{"self":[{"href":"https:\/\/maison-chance.org\/shop\/wp-json\/wp\/v2\/product\/42024","targetHints":{"allow":["GET"]}}],"collection":[{"href":"https:\/\/maison-chance.org\/shop\/wp-json\/wp\/v2\/product"}],"about":[{"href":"https:\/\/maison-chance.org\/shop\/wp-json\/wp\/v2\/types\/product"}],"wp:featuredmedia":[{"embeddable":true,"href":"https:\/\/maison-chance.org\/shop\/wp-json\/wp\/v2\/media\/41884"}],"wp:attachment":[{"href":"https:\/\/maison-chance.org\/shop\/wp-json\/wp\/v2\/media?parent=42024"}],"wp:term":[{"taxonomy":"product_brand","embeddable":true,"href":"https:\/\/maison-chance.org\/shop\/wp-json\/wp\/v2\/product_brand?post=42024"},{"taxonomy":"product_cat","embeddable":true,"href":"https:\/\/maison-chance.org\/shop\/wp-json\/wp\/v2\/product_cat?post=42024"},{"taxonomy":"product_tag","embeddable":true,"href":"https:\/\/maison-chance.org\/shop\/wp-json\/wp\/v2\/product_tag?post=42024"}],"curies":[{"name":"wp","href":"https:\/\/api.w.org\/{rel}","templated":true}]}}