{"id":42025,"date":"2025-08-26T15:33:27","date_gmt":"2025-08-26T08:33:27","guid":{"rendered":"https:\/\/maison-chance.org\/shop?post_type=product&#038;p=42025"},"modified":"2025-08-26T15:33:28","modified_gmt":"2025-08-26T08:33:28","slug":"mat-tuong-hinh-phat-ba-quan-am-dung","status":"publish","type":"product","link":"https:\/\/maison-chance.org\/shop\/san-pham\/mat-tuong-hinh-phat-ba-quan-am-dung","title":{"rendered":"M\u1eb7t t\u01b0\u1ee3ng h\u00ecnh Ph\u1eadt B\u00e0 Quan \u00c2m \u0111\u1ee9ng"},"content":{"rendered":"<p><span data-sheets-root=\"1\"><em><strong>M\u1eb7t t\u01b0\u1ee3ng Ph\u1eadt B\u00e0 Quan \u00c2m<\/strong><\/em> \u0111\u01b0\u1ee3c ch\u1ebf t\u00e1c th\u1ee7 c\u00f4ng tinh x\u1ea3o t\u1eeb \u0111\u00e1 Th\u1ea1ch Anh t\u1ef1 nhi\u00ean, kh\u1eafc h\u1ecda h\u00ecnh \u1ea3nh Ph\u1eadt B\u00e0 Quan \u00c2m \u0111\u1ee9ng uy nghi\u00eam nh\u01b0ng \u0111\u1ea7y t\u1eeb bi, nh\u00e2n \u00e1i. T\u00e1c ph\u1ea9m mang \u00fd ngh\u0129a c\u1ea7u b\u00ecnh an, che ch\u1edf v\u00e0 soi s\u00e1ng con \u0111\u01b0\u1eddng thi\u1ec7n l\u00e0nh cho ng\u01b0\u1eddi s\u1edf h\u1eefu. N\u0103ng l\u01b0\u1ee3ng tinh khi\u1ebft c\u1ee7a \u0111\u00e1 Th\u1ea1ch Anh gi\u00fap thanh l\u1ecdc t\u00e2m tr\u00ed, mang l\u1ea1i s\u1ef1 b\u00ecnh an n\u1ed9i t\u1ea1i v\u00e0 thu h\u00fat n\u0103ng l\u01b0\u1ee3ng t\u00edch c\u1ef1c trong cu\u1ed9c s\u1ed1ng.<\/p>\n<p><em><strong>\u2728 H\u01b0\u1edbng d\u1eabn s\u1eed d\u1ee5ng &amp; b\u1ea3o qu\u1ea3n<\/strong><\/em><\/span><\/p>\n<ul>\n<li><span data-sheets-root=\"1\">Tr\u00e1nh va \u0111\u1eadp m\u1ea1nh v\u00e0 ti\u1ebfp x\u00fac tr\u1ef1c ti\u1ebfp v\u1edbi h\u00f3a ch\u1ea5t.<br \/>\n<\/span><\/li>\n<li><span data-sheets-root=\"1\">V\u1ec7 sinh nh\u1eb9 nh\u00e0ng b\u1eb1ng kh\u0103n m\u1ec1m \u0111\u1ec3 gi\u1eef \u0111\u1ed9 s\u00e1ng b\u00f3ng.<br \/>\n<\/span><\/li>\n<li><span data-sheets-root=\"1\">B\u1ea3o qu\u1ea3n n\u01a1i kh\u00f4 r\u00e1o, trong h\u1ed9p ho\u1eb7c t\u00fai v\u1ea3i m\u1ec1m \u0111\u1ec3 h\u1ea1n ch\u1ebf tr\u1ea7y x\u01b0\u1edbc.<\/span><\/li>\n<\/ul>\n","protected":false},"excerpt":{"rendered":"<p><span data-sheets-root=\"1\">&#8211; Ch\u1ea5t li\u1ec7u: \u0110\u00e1 Th\u1ea1ch Anh<br \/>\n&#8211; H\u00ecnh d\u00e1ng: H\u00ecnh Ph\u1eadt B\u00e0 Quan Am<br \/>\n&#8211; K\u00edch th\u01b0\u1edbc: 4*1.2cm<br \/>\n&#8211; Kh\u1ed1i l\u01b0\u1ee3ng: 35 gr<br \/>\n&#8211; Code: MTTG004<br \/>\n&#8211; Xu\u1ea5t x\u1ee9: Nh\u00e0 May M\u1eafn \u2013 ch\u1ebf t\u00e1c th\u1ee7 c\u00f4ng \u0111\u1ed9c b\u1ea3n<\/p>\n<p><em><strong>\ud83d\udcde Li\u00ean h\u1ec7 mua h\u00e0ng t\u1ea1i Vi\u1ec7t Nam: 090 906 2528<\/strong><\/em><\/span><\/p>\n","protected":false},"featured_media":41889,"template":"","meta":[],"product_brand":[],"product_cat":[161,157],"product_tag":[],"class_list":{"0":"post-42025","1":"product","2":"type-product","3":"status-publish","4":"has-post-thumbnail","6":"product_cat-mat-tuong-ton-giao","7":"product_cat-phong-da-my-nghe","9":"first","10":"instock","11":"shipping-taxable","12":"purchasable","13":"product-type-simple"},"yoast_head":"<!-- This site is optimized with the Yoast SEO Premium plugin v22.7 (Yoast SEO v25.3.1) - https:\/\/yoast.com\/wordpress\/plugins\/seo\/ -->\n<title>M\u1eb7t t\u01b0\u1ee3ng h\u00ecnh Ph\u1eadt B\u00e0 Quan \u00c2m \u0111\u1ee9ng - Nh\u00e0 May M\u1eafn - Maison Chance<\/title>\n<meta name=\"description\" content=\"M\u1eb7t t\u01b0\u1ee3ng Ph\u1eadt B\u00e0 Quan \u00c2m \u2013 ch\u1ebf t\u00e1c th\u1ee7 c\u00f4ng tinh x\u1ea3o, bi\u1ec3u t\u01b0\u1ee3ng t\u1eeb bi v\u00e0 che ch\u1edf, mang l\u1ea1i b\u00ecnh an v\u00e0 n\u0103ng l\u01b0\u1ee3ng t\u00edch c\u1ef1c cho ng\u01b0\u1eddi s\u1edf h\u1eefu.\" \/>\n<meta name=\"robots\" content=\"index, follow, max-snippet:-1, max-image-preview:large, max-video-preview:-1\" \/>\n<link rel=\"canonical\" href=\"https:\/\/maison-chance.org\/shop\/san-pham\/mat-tuong-hinh-phat-ba-quan-am-dung\" \/>\n<meta property=\"og:locale\" content=\"vi_VN\" \/>\n<meta property=\"og:type\" content=\"article\" \/>\n<meta property=\"og:title\" content=\"M\u1eb7t t\u01b0\u1ee3ng h\u00ecnh Ph\u1eadt B\u00e0 Quan \u00c2m \u0111\u1ee9ng\" \/>\n<meta property=\"og:description\" content=\"M\u1eb7t t\u01b0\u1ee3ng Ph\u1eadt B\u00e0 Quan \u00c2m \u2013 ch\u1ebf t\u00e1c th\u1ee7 c\u00f4ng tinh x\u1ea3o, bi\u1ec3u t\u01b0\u1ee3ng t\u1eeb bi v\u00e0 che ch\u1edf, mang l\u1ea1i b\u00ecnh an v\u00e0 n\u0103ng l\u01b0\u1ee3ng t\u00edch c\u1ef1c cho ng\u01b0\u1eddi s\u1edf h\u1eefu.\" \/>\n<meta property=\"og:url\" content=\"https:\/\/maison-chance.org\/shop\/san-pham\/mat-tuong-hinh-phat-ba-quan-am-dung\" \/>\n<meta property=\"og:site_name\" content=\"Nh\u00e0 May M\u1eafn - Maison Chance\" \/>\n<meta property=\"article:publisher\" content=\"https:\/\/www.facebook.com\/dnxh.nhamayman\/\" \/>\n<meta property=\"article:modified_time\" content=\"2025-08-26T08:33:28+00:00\" \/>\n<meta property=\"og:image\" content=\"https:\/\/maison-chance.org\/shop\/wp-content\/uploads\/2025\/08\/quan-am-dung.jpg\" \/>\n\t<meta property=\"og:image:width\" content=\"600\" \/>\n\t<meta property=\"og:image:height\" content=\"600\" \/>\n\t<meta property=\"og:image:type\" content=\"image\/jpeg\" \/>\n<meta name=\"twitter:card\" content=\"summary_large_image\" \/>\n<meta name=\"twitter:label1\" content=\"Gi\u00e1\" \/>\n\t<meta name=\"twitter:data1\" content=\"22.80&nbsp;&#036;\" \/>\n\t<meta name=\"twitter:label2\" content=\"Availability\" \/>\n\t<meta name=\"twitter:data2\" content=\"In stock\" \/>\n<script type=\"application\/ld+json\" class=\"yoast-schema-graph\">{\"@context\":\"https:\/\/schema.org\",\"@graph\":[{\"@type\":\"WebPage\",\"@id\":\"https:\/\/maison-chance.org\/shop\/san-pham\/mat-tuong-hinh-phat-ba-quan-am-dung\",\"url\":\"https:\/\/maison-chance.org\/shop\/san-pham\/mat-tuong-hinh-phat-ba-quan-am-dung\",\"name\":\"M\u1eb7t t\u01b0\u1ee3ng h\u00ecnh Ph\u1eadt B\u00e0 Quan \u00c2m \u0111\u1ee9ng - Nh\u00e0 May M\u1eafn - Maison Chance\",\"isPartOf\":{\"@id\":\"https:\/\/maison-chance.org\/shop\/#website\"},\"primaryImageOfPage\":{\"@id\":\"https:\/\/maison-chance.org\/shop\/san-pham\/mat-tuong-hinh-phat-ba-quan-am-dung#primaryimage\"},\"image\":{\"@id\":\"https:\/\/maison-chance.org\/shop\/san-pham\/mat-tuong-hinh-phat-ba-quan-am-dung#primaryimage\"},\"thumbnailUrl\":\"https:\/\/maison-chance.org\/shop\/wp-content\/uploads\/2025\/08\/quan-am-dung.jpg\",\"datePublished\":\"2025-08-26T08:33:27+00:00\",\"dateModified\":\"2025-08-26T08:33:28+00:00\",\"description\":\"M\u1eb7t t\u01b0\u1ee3ng Ph\u1eadt B\u00e0 Quan \u00c2m \u2013 ch\u1ebf t\u00e1c th\u1ee7 c\u00f4ng tinh x\u1ea3o, bi\u1ec3u t\u01b0\u1ee3ng t\u1eeb bi v\u00e0 che ch\u1edf, mang l\u1ea1i b\u00ecnh an v\u00e0 n\u0103ng l\u01b0\u1ee3ng t\u00edch c\u1ef1c cho ng\u01b0\u1eddi s\u1edf h\u1eefu.\",\"breadcrumb\":{\"@id\":\"https:\/\/maison-chance.org\/shop\/san-pham\/mat-tuong-hinh-phat-ba-quan-am-dung#breadcrumb\"},\"inLanguage\":\"vi-VN\",\"potentialAction\":[{\"@type\":\"ReadAction\",\"target\":[\"https:\/\/maison-chance.org\/shop\/san-pham\/mat-tuong-hinh-phat-ba-quan-am-dung\"]}]},{\"@type\":\"ImageObject\",\"inLanguage\":\"vi-VN\",\"@id\":\"https:\/\/maison-chance.org\/shop\/san-pham\/mat-tuong-hinh-phat-ba-quan-am-dung#primaryimage\",\"url\":\"https:\/\/maison-chance.org\/shop\/wp-content\/uploads\/2025\/08\/quan-am-dung.jpg\",\"contentUrl\":\"https:\/\/maison-chance.org\/shop\/wp-content\/uploads\/2025\/08\/quan-am-dung.jpg\",\"width\":600,\"height\":600},{\"@type\":\"BreadcrumbList\",\"@id\":\"https:\/\/maison-chance.org\/shop\/san-pham\/mat-tuong-hinh-phat-ba-quan-am-dung#breadcrumb\",\"itemListElement\":[{\"@type\":\"ListItem\",\"position\":1,\"name\":\"Trang ch\u1ee7\",\"item\":\"https:\/\/maison-chance.org\/shop\/\"},{\"@type\":\"ListItem\",\"position\":2,\"name\":\"Shop\",\"item\":\"https:\/\/maison-chance.org\/shop\/shop\"},{\"@type\":\"ListItem\",\"position\":3,\"name\":\"M\u1eb7t t\u01b0\u1ee3ng h\u00ecnh Ph\u1eadt B\u00e0 Quan \u00c2m \u0111\u1ee9ng\"}]},{\"@type\":\"WebSite\",\"@id\":\"https:\/\/maison-chance.org\/shop\/#website\",\"url\":\"https:\/\/maison-chance.org\/shop\/\",\"name\":\"Nh\u00e0 May M\u1eafn - Maison Chance\",\"description\":\"M\u1ecdi l\u1ee3i nhu\u1eadn thu v\u1ec1 t\u1eeb vi\u1ec7c b\u00e1n h\u00e0ng s\u1ebd tr\u00edch m\u1ed9t ph\u1ea7n \u0111\u1ec3 ch\u0103m lo cho \u0111\u1eddi s\u1ed1ng c\u00e1c b\u1ea1n khuy\u1ebft t\u1eadt v\u00e0 tr\u1ebb m\u1ed3 c\u00f4i \u1edf \u0111\u00e2y\",\"publisher\":{\"@id\":\"https:\/\/maison-chance.org\/shop\/#organization\"},\"potentialAction\":[{\"@type\":\"SearchAction\",\"target\":{\"@type\":\"EntryPoint\",\"urlTemplate\":\"https:\/\/maison-chance.org\/shop\/?s={search_term_string}\"},\"query-input\":{\"@type\":\"PropertyValueSpecification\",\"valueRequired\":true,\"valueName\":\"search_term_string\"}}],\"inLanguage\":\"vi-VN\"},{\"@type\":\"Organization\",\"@id\":\"https:\/\/maison-chance.org\/shop\/#organization\",\"name\":\"Nh\u00e0 May M\u1eafn - Maison Chance\",\"url\":\"https:\/\/maison-chance.org\/shop\/\",\"logo\":{\"@type\":\"ImageObject\",\"inLanguage\":\"vi-VN\",\"@id\":\"https:\/\/maison-chance.org\/shop\/#\/schema\/logo\/image\/\",\"url\":\"https:\/\/maison-chance.org\/shop\/wp-content\/uploads\/2024\/03\/cropped-Logo_DNXH.png\",\"contentUrl\":\"https:\/\/maison-chance.org\/shop\/wp-content\/uploads\/2024\/03\/cropped-Logo_DNXH.png\",\"width\":512,\"height\":512,\"caption\":\"Nh\u00e0 May M\u1eafn - Maison Chance\"},\"image\":{\"@id\":\"https:\/\/maison-chance.org\/shop\/#\/schema\/logo\/image\/\"},\"sameAs\":[\"https:\/\/www.facebook.com\/dnxh.nhamayman\/\"]}]}<\/script>\n<meta property=\"product:price:amount\" content=\"22.80\" \/>\n<meta property=\"product:price:currency\" content=\"USD\" \/>\n<meta property=\"og:availability\" content=\"instock\" \/>\n<meta property=\"product:availability\" content=\"instock\" \/>\n<meta property=\"product:condition\" content=\"new\" \/>\n<!-- \/ Yoast SEO Premium plugin. -->","yoast_head_json":{"title":"M\u1eb7t t\u01b0\u1ee3ng h\u00ecnh Ph\u1eadt B\u00e0 Quan \u00c2m \u0111\u1ee9ng - Nh\u00e0 May M\u1eafn - Maison Chance","description":"M\u1eb7t t\u01b0\u1ee3ng Ph\u1eadt B\u00e0 Quan \u00c2m \u2013 ch\u1ebf t\u00e1c th\u1ee7 c\u00f4ng tinh x\u1ea3o, bi\u1ec3u t\u01b0\u1ee3ng t\u1eeb bi v\u00e0 che ch\u1edf, mang l\u1ea1i b\u00ecnh an v\u00e0 n\u0103ng l\u01b0\u1ee3ng t\u00edch c\u1ef1c cho ng\u01b0\u1eddi s\u1edf h\u1eefu.","robots":{"index":"index","follow":"follow","max-snippet":"max-snippet:-1","max-image-preview":"max-image-preview:large","max-video-preview":"max-video-preview:-1"},"canonical":"https:\/\/maison-chance.org\/shop\/san-pham\/mat-tuong-hinh-phat-ba-quan-am-dung","og_locale":"vi_VN","og_type":"article","og_title":"M\u1eb7t t\u01b0\u1ee3ng h\u00ecnh Ph\u1eadt B\u00e0 Quan \u00c2m \u0111\u1ee9ng","og_description":"M\u1eb7t t\u01b0\u1ee3ng Ph\u1eadt B\u00e0 Quan \u00c2m \u2013 ch\u1ebf t\u00e1c th\u1ee7 c\u00f4ng tinh x\u1ea3o, bi\u1ec3u t\u01b0\u1ee3ng t\u1eeb bi v\u00e0 che ch\u1edf, mang l\u1ea1i b\u00ecnh an v\u00e0 n\u0103ng l\u01b0\u1ee3ng t\u00edch c\u1ef1c cho ng\u01b0\u1eddi s\u1edf h\u1eefu.","og_url":"https:\/\/maison-chance.org\/shop\/san-pham\/mat-tuong-hinh-phat-ba-quan-am-dung","og_site_name":"Nh\u00e0 May M\u1eafn - Maison Chance","article_publisher":"https:\/\/www.facebook.com\/dnxh.nhamayman\/","article_modified_time":"2025-08-26T08:33:28+00:00","og_image":[{"width":600,"height":600,"url":"https:\/\/maison-chance.org\/shop\/wp-content\/uploads\/2025\/08\/quan-am-dung.jpg","type":"image\/jpeg"}],"twitter_card":"summary_large_image","twitter_misc":{"Gi\u00e1":"22.80&nbsp;&#36;","Availability":"In stock"},"schema":{"@context":"https:\/\/schema.org","@graph":[{"@type":"WebPage","@id":"https:\/\/maison-chance.org\/shop\/san-pham\/mat-tuong-hinh-phat-ba-quan-am-dung","url":"https:\/\/maison-chance.org\/shop\/san-pham\/mat-tuong-hinh-phat-ba-quan-am-dung","name":"M\u1eb7t t\u01b0\u1ee3ng h\u00ecnh Ph\u1eadt B\u00e0 Quan \u00c2m \u0111\u1ee9ng - Nh\u00e0 May M\u1eafn - Maison Chance","isPartOf":{"@id":"https:\/\/maison-chance.org\/shop\/#website"},"primaryImageOfPage":{"@id":"https:\/\/maison-chance.org\/shop\/san-pham\/mat-tuong-hinh-phat-ba-quan-am-dung#primaryimage"},"image":{"@id":"https:\/\/maison-chance.org\/shop\/san-pham\/mat-tuong-hinh-phat-ba-quan-am-dung#primaryimage"},"thumbnailUrl":"https:\/\/maison-chance.org\/shop\/wp-content\/uploads\/2025\/08\/quan-am-dung.jpg","datePublished":"2025-08-26T08:33:27+00:00","dateModified":"2025-08-26T08:33:28+00:00","description":"M\u1eb7t t\u01b0\u1ee3ng Ph\u1eadt B\u00e0 Quan \u00c2m \u2013 ch\u1ebf t\u00e1c th\u1ee7 c\u00f4ng tinh x\u1ea3o, bi\u1ec3u t\u01b0\u1ee3ng t\u1eeb bi v\u00e0 che ch\u1edf, mang l\u1ea1i b\u00ecnh an v\u00e0 n\u0103ng l\u01b0\u1ee3ng t\u00edch c\u1ef1c cho ng\u01b0\u1eddi s\u1edf h\u1eefu.","breadcrumb":{"@id":"https:\/\/maison-chance.org\/shop\/san-pham\/mat-tuong-hinh-phat-ba-quan-am-dung#breadcrumb"},"inLanguage":"vi-VN","potentialAction":[{"@type":"ReadAction","target":["https:\/\/maison-chance.org\/shop\/san-pham\/mat-tuong-hinh-phat-ba-quan-am-dung"]}]},{"@type":"ImageObject","inLanguage":"vi-VN","@id":"https:\/\/maison-chance.org\/shop\/san-pham\/mat-tuong-hinh-phat-ba-quan-am-dung#primaryimage","url":"https:\/\/maison-chance.org\/shop\/wp-content\/uploads\/2025\/08\/quan-am-dung.jpg","contentUrl":"https:\/\/maison-chance.org\/shop\/wp-content\/uploads\/2025\/08\/quan-am-dung.jpg","width":600,"height":600},{"@type":"BreadcrumbList","@id":"https:\/\/maison-chance.org\/shop\/san-pham\/mat-tuong-hinh-phat-ba-quan-am-dung#breadcrumb","itemListElement":[{"@type":"ListItem","position":1,"name":"Trang ch\u1ee7","item":"https:\/\/maison-chance.org\/shop\/"},{"@type":"ListItem","position":2,"name":"Shop","item":"https:\/\/maison-chance.org\/shop\/shop"},{"@type":"ListItem","position":3,"name":"M\u1eb7t t\u01b0\u1ee3ng h\u00ecnh Ph\u1eadt B\u00e0 Quan \u00c2m \u0111\u1ee9ng"}]},{"@type":"WebSite","@id":"https:\/\/maison-chance.org\/shop\/#website","url":"https:\/\/maison-chance.org\/shop\/","name":"Nh\u00e0 May M\u1eafn - Maison Chance","description":"M\u1ecdi l\u1ee3i nhu\u1eadn thu v\u1ec1 t\u1eeb vi\u1ec7c b\u00e1n h\u00e0ng s\u1ebd tr\u00edch m\u1ed9t ph\u1ea7n \u0111\u1ec3 ch\u0103m lo cho \u0111\u1eddi s\u1ed1ng c\u00e1c b\u1ea1n khuy\u1ebft t\u1eadt v\u00e0 tr\u1ebb m\u1ed3 c\u00f4i \u1edf \u0111\u00e2y","publisher":{"@id":"https:\/\/maison-chance.org\/shop\/#organization"},"potentialAction":[{"@type":"SearchAction","target":{"@type":"EntryPoint","urlTemplate":"https:\/\/maison-chance.org\/shop\/?s={search_term_string}"},"query-input":{"@type":"PropertyValueSpecification","valueRequired":true,"valueName":"search_term_string"}}],"inLanguage":"vi-VN"},{"@type":"Organization","@id":"https:\/\/maison-chance.org\/shop\/#organization","name":"Nh\u00e0 May M\u1eafn - Maison Chance","url":"https:\/\/maison-chance.org\/shop\/","logo":{"@type":"ImageObject","inLanguage":"vi-VN","@id":"https:\/\/maison-chance.org\/shop\/#\/schema\/logo\/image\/","url":"https:\/\/maison-chance.org\/shop\/wp-content\/uploads\/2024\/03\/cropped-Logo_DNXH.png","contentUrl":"https:\/\/maison-chance.org\/shop\/wp-content\/uploads\/2024\/03\/cropped-Logo_DNXH.png","width":512,"height":512,"caption":"Nh\u00e0 May M\u1eafn - Maison Chance"},"image":{"@id":"https:\/\/maison-chance.org\/shop\/#\/schema\/logo\/image\/"},"sameAs":["https:\/\/www.facebook.com\/dnxh.nhamayman\/"]}]},"product_price_amount":"22.80","product_price_currency":"USD","og_availability":"instock","product_availability":"instock","product_condition":"new"},"_links":{"self":[{"href":"https:\/\/maison-chance.org\/shop\/wp-json\/wp\/v2\/product\/42025","targetHints":{"allow":["GET"]}}],"collection":[{"href":"https:\/\/maison-chance.org\/shop\/wp-json\/wp\/v2\/product"}],"about":[{"href":"https:\/\/maison-chance.org\/shop\/wp-json\/wp\/v2\/types\/product"}],"wp:featuredmedia":[{"embeddable":true,"href":"https:\/\/maison-chance.org\/shop\/wp-json\/wp\/v2\/media\/41889"}],"wp:attachment":[{"href":"https:\/\/maison-chance.org\/shop\/wp-json\/wp\/v2\/media?parent=42025"}],"wp:term":[{"taxonomy":"product_brand","embeddable":true,"href":"https:\/\/maison-chance.org\/shop\/wp-json\/wp\/v2\/product_brand?post=42025"},{"taxonomy":"product_cat","embeddable":true,"href":"https:\/\/maison-chance.org\/shop\/wp-json\/wp\/v2\/product_cat?post=42025"},{"taxonomy":"product_tag","embeddable":true,"href":"https:\/\/maison-chance.org\/shop\/wp-json\/wp\/v2\/product_tag?post=42025"}],"curies":[{"name":"wp","href":"https:\/\/api.w.org\/{rel}","templated":true}]}}