{"id":42027,"date":"2025-08-26T15:36:17","date_gmt":"2025-08-26T08:36:17","guid":{"rendered":"https:\/\/maison-chance.org\/shop?post_type=product&#038;p=42027"},"modified":"2025-08-26T15:44:41","modified_gmt":"2025-08-26T08:44:41","slug":"mat-day-chuyen-hinh-duc-me-maria","status":"publish","type":"product","link":"https:\/\/maison-chance.org\/shop\/san-pham\/mat-day-chuyen-hinh-duc-me-maria","title":{"rendered":"M\u1eb7t d\u00e2y chuy\u1ec1n h\u00ecnh \u0110\u1ee9c M\u1eb9 Maria"},"content":{"rendered":"<p><span data-sheets-root=\"1\"><em><strong>M\u1eb7t d\u00e2y chuy\u1ec1n \u0110\u1ee9c M\u1eb9 Maria<\/strong><\/em> \u0111\u01b0\u1ee3c l\u00e0m t\u1eeb \u0111\u00e1 San H\u00f4 \u0111\u01b0\u1ee3c ch\u1ebf t\u00e1c th\u1ee7 c\u00f4ng tinh x\u1ea3o, kh\u1eafc h\u1ecda h\u00ecnh \u1ea3nh \u0110\u1ee9c M\u1eb9 Maria v\u1edbi v\u1ebb \u0111\u1eb9p t\u1eeb bi v\u00e0 d\u1ecbu d\u00e0ng. \u0110\u00e1 San H\u00f4 mang s\u1eafc \u0111\u1ecf tr\u1ea7m \u1ea5m, t\u01b0\u1ee3ng tr\u01b0ng cho t\u00ecnh y\u00eau, s\u1ef1 b\u1ea3o h\u1ed9 v\u00e0 n\u0103ng l\u01b0\u1ee3ng b\u00ecnh an. S\u1ea3n ph\u1ea9m kh\u00f4ng ch\u1ec9 l\u00e0 m\u00f3n trang s\u1ee9c \u0111\u1ed9c \u0111\u00e1o m\u00e0 c\u00f2n l\u00e0 l\u00e1 b\u00f9a h\u1ed9 m\u1ec7nh, gi\u00fap ng\u01b0\u1eddi \u0111eo lu\u00f4n \u0111\u01b0\u1ee3c che ch\u1edf v\u00e0 soi s\u00e1ng trong cu\u1ed9c s\u1ed1ng.<\/p>\n<p><em><strong>\u2728 H\u01b0\u1edbng d\u1eabn s\u1eed d\u1ee5ng &amp; b\u1ea3o qu\u1ea3n<\/strong><\/em><br \/>\n<\/span><\/p>\n<ul>\n<li><span data-sheets-root=\"1\">Tr\u00e1nh va \u0111\u1eadp m\u1ea1nh v\u00e0 ti\u1ebfp x\u00fac tr\u1ef1c ti\u1ebfp v\u1edbi h\u00f3a ch\u1ea5t.<br \/>\n<\/span><\/li>\n<li><span data-sheets-root=\"1\">Lau ch\u00f9i nh\u1eb9 nh\u00e0ng b\u1eb1ng kh\u0103n m\u1ec1m \u0111\u1ec3 gi\u1eef \u0111\u1ed9 s\u00e1ng b\u00f3ng.<br \/>\n<\/span><\/li>\n<li><span data-sheets-root=\"1\">B\u1ea3o qu\u1ea3n n\u01a1i kh\u00f4 r\u00e1o, trong h\u1ed9p ho\u1eb7c t\u00fai v\u1ea3i m\u1ec1m \u0111\u1ec3 tr\u00e1nh tr\u1ea7y x\u01b0\u1edbc.<\/span><\/li>\n<\/ul>\n","protected":false},"excerpt":{"rendered":"<p><span data-sheets-root=\"1\">&#8211; Ch\u1ea5t li\u1ec7u: \u0110\u00e1 San H\u00f4<br \/>\n&#8211; H\u00ecnh d\u00e1ng: H\u00ecnh \u0110\u1ee9c M\u1eb9 Maria<br \/>\n&#8211; K\u00edch th\u01b0\u1edbc: 2.5*3..5 cm<br \/>\n&#8211; Kh\u1ed1i l\u01b0\u1ee3ng: 10 gr<br \/>\n&#8211; Code: MDCTG01<br \/>\n&#8211; Xu\u1ea5t x\u1ee9: Nh\u00e0 May M\u1eafn \u2013 ch\u1ebf t\u00e1c th\u1ee7 c\u00f4ng \u0111\u1ed9c b\u1ea3n<\/p>\n<p><em><strong>\ud83d\udcde Li\u00ean h\u1ec7 mua h\u00e0ng t\u1ea1i Vi\u1ec7t Nam: 090 906 2528<\/strong><\/em><\/span><\/p>\n","protected":false},"featured_media":36634,"template":"","meta":[],"product_brand":[],"product_cat":[159,157],"product_tag":[],"class_list":{"0":"post-42027","1":"product","2":"type-product","3":"status-publish","4":"has-post-thumbnail","6":"product_cat-mat-day-chuyen-ton-giao","7":"product_cat-phong-da-my-nghe","9":"first","10":"instock","11":"shipping-taxable","12":"purchasable","13":"product-type-simple"},"yoast_head":"<!-- This site is optimized with the Yoast SEO Premium plugin v22.7 (Yoast SEO v25.3.1) - https:\/\/yoast.com\/wordpress\/plugins\/seo\/ -->\n<title>M\u1eb7t d\u00e2y chuy\u1ec1n h\u00ecnh \u0110\u1ee9c M\u1eb9 Maria - Nh\u00e0 May M\u1eafn - Maison Chance<\/title>\n<meta name=\"description\" content=\"M\u1eb7t d\u00e2y chuy\u1ec1n \u0110\u1ee9c M\u1eb9 Maria mang v\u1ebb \u0111\u1eb9p thi\u00eang li\u00eang, bi\u1ec3u t\u01b0\u1ee3ng c\u1ee7a t\u00ecnh y\u00eau v\u00e0 s\u1ef1 che ch\u1edf, gi\u00fap thu h\u00fat n\u0103ng l\u01b0\u1ee3ng b\u00ecnh an v\u00e0 may m\u1eafn.\" \/>\n<meta name=\"robots\" content=\"index, follow, max-snippet:-1, max-image-preview:large, max-video-preview:-1\" \/>\n<link rel=\"canonical\" href=\"https:\/\/maison-chance.org\/shop\/san-pham\/mat-day-chuyen-hinh-duc-me-maria\" \/>\n<meta property=\"og:locale\" content=\"vi_VN\" \/>\n<meta property=\"og:type\" content=\"article\" \/>\n<meta property=\"og:title\" content=\"M\u1eb7t d\u00e2y chuy\u1ec1n h\u00ecnh \u0110\u1ee9c M\u1eb9 Maria\" \/>\n<meta property=\"og:description\" content=\"M\u1eb7t d\u00e2y chuy\u1ec1n \u0110\u1ee9c M\u1eb9 Maria mang v\u1ebb \u0111\u1eb9p thi\u00eang li\u00eang, bi\u1ec3u t\u01b0\u1ee3ng c\u1ee7a t\u00ecnh y\u00eau v\u00e0 s\u1ef1 che ch\u1edf, gi\u00fap thu h\u00fat n\u0103ng l\u01b0\u1ee3ng b\u00ecnh an v\u00e0 may m\u1eafn.\" \/>\n<meta property=\"og:url\" content=\"https:\/\/maison-chance.org\/shop\/san-pham\/mat-day-chuyen-hinh-duc-me-maria\" \/>\n<meta property=\"og:site_name\" content=\"Nh\u00e0 May M\u1eafn - Maison Chance\" \/>\n<meta property=\"article:publisher\" content=\"https:\/\/www.facebook.com\/dnxh.nhamayman\/\" \/>\n<meta property=\"article:modified_time\" content=\"2025-08-26T08:44:41+00:00\" \/>\n<meta property=\"og:image\" content=\"https:\/\/maison-chance.org\/shop\/wp-content\/uploads\/2024\/04\/maria.jpg\" \/>\n\t<meta property=\"og:image:width\" content=\"600\" \/>\n\t<meta property=\"og:image:height\" content=\"600\" \/>\n\t<meta property=\"og:image:type\" content=\"image\/jpeg\" \/>\n<meta name=\"twitter:card\" content=\"summary_large_image\" \/>\n<meta name=\"twitter:label1\" content=\"Gi\u00e1\" \/>\n\t<meta name=\"twitter:data1\" content=\"18.20&nbsp;&#036;\" \/>\n\t<meta name=\"twitter:label2\" content=\"Availability\" \/>\n\t<meta name=\"twitter:data2\" content=\"In stock\" \/>\n<script type=\"application\/ld+json\" class=\"yoast-schema-graph\">{\"@context\":\"https:\/\/schema.org\",\"@graph\":[{\"@type\":\"WebPage\",\"@id\":\"https:\/\/maison-chance.org\/shop\/san-pham\/mat-day-chuyen-hinh-duc-me-maria\",\"url\":\"https:\/\/maison-chance.org\/shop\/san-pham\/mat-day-chuyen-hinh-duc-me-maria\",\"name\":\"M\u1eb7t d\u00e2y chuy\u1ec1n h\u00ecnh \u0110\u1ee9c M\u1eb9 Maria - Nh\u00e0 May M\u1eafn - Maison Chance\",\"isPartOf\":{\"@id\":\"https:\/\/maison-chance.org\/shop\/#website\"},\"primaryImageOfPage\":{\"@id\":\"https:\/\/maison-chance.org\/shop\/san-pham\/mat-day-chuyen-hinh-duc-me-maria#primaryimage\"},\"image\":{\"@id\":\"https:\/\/maison-chance.org\/shop\/san-pham\/mat-day-chuyen-hinh-duc-me-maria#primaryimage\"},\"thumbnailUrl\":\"https:\/\/maison-chance.org\/shop\/wp-content\/uploads\/2024\/04\/maria.jpg\",\"datePublished\":\"2025-08-26T08:36:17+00:00\",\"dateModified\":\"2025-08-26T08:44:41+00:00\",\"description\":\"M\u1eb7t d\u00e2y chuy\u1ec1n \u0110\u1ee9c M\u1eb9 Maria mang v\u1ebb \u0111\u1eb9p thi\u00eang li\u00eang, bi\u1ec3u t\u01b0\u1ee3ng c\u1ee7a t\u00ecnh y\u00eau v\u00e0 s\u1ef1 che ch\u1edf, gi\u00fap thu h\u00fat n\u0103ng l\u01b0\u1ee3ng b\u00ecnh an v\u00e0 may m\u1eafn.\",\"breadcrumb\":{\"@id\":\"https:\/\/maison-chance.org\/shop\/san-pham\/mat-day-chuyen-hinh-duc-me-maria#breadcrumb\"},\"inLanguage\":\"vi-VN\",\"potentialAction\":[{\"@type\":\"ReadAction\",\"target\":[\"https:\/\/maison-chance.org\/shop\/san-pham\/mat-day-chuyen-hinh-duc-me-maria\"]}]},{\"@type\":\"ImageObject\",\"inLanguage\":\"vi-VN\",\"@id\":\"https:\/\/maison-chance.org\/shop\/san-pham\/mat-day-chuyen-hinh-duc-me-maria#primaryimage\",\"url\":\"https:\/\/maison-chance.org\/shop\/wp-content\/uploads\/2024\/04\/maria.jpg\",\"contentUrl\":\"https:\/\/maison-chance.org\/shop\/wp-content\/uploads\/2024\/04\/maria.jpg\",\"width\":600,\"height\":600,\"caption\":\"Maria\"},{\"@type\":\"BreadcrumbList\",\"@id\":\"https:\/\/maison-chance.org\/shop\/san-pham\/mat-day-chuyen-hinh-duc-me-maria#breadcrumb\",\"itemListElement\":[{\"@type\":\"ListItem\",\"position\":1,\"name\":\"Trang ch\u1ee7\",\"item\":\"https:\/\/maison-chance.org\/shop\/\"},{\"@type\":\"ListItem\",\"position\":2,\"name\":\"Shop\",\"item\":\"https:\/\/maison-chance.org\/shop\/shop\"},{\"@type\":\"ListItem\",\"position\":3,\"name\":\"M\u1eb7t d\u00e2y chuy\u1ec1n h\u00ecnh \u0110\u1ee9c M\u1eb9 Maria\"}]},{\"@type\":\"WebSite\",\"@id\":\"https:\/\/maison-chance.org\/shop\/#website\",\"url\":\"https:\/\/maison-chance.org\/shop\/\",\"name\":\"Nh\u00e0 May M\u1eafn - Maison Chance\",\"description\":\"M\u1ecdi l\u1ee3i nhu\u1eadn thu v\u1ec1 t\u1eeb vi\u1ec7c b\u00e1n h\u00e0ng s\u1ebd tr\u00edch m\u1ed9t ph\u1ea7n \u0111\u1ec3 ch\u0103m lo cho \u0111\u1eddi s\u1ed1ng c\u00e1c b\u1ea1n khuy\u1ebft t\u1eadt v\u00e0 tr\u1ebb m\u1ed3 c\u00f4i \u1edf \u0111\u00e2y\",\"publisher\":{\"@id\":\"https:\/\/maison-chance.org\/shop\/#organization\"},\"potentialAction\":[{\"@type\":\"SearchAction\",\"target\":{\"@type\":\"EntryPoint\",\"urlTemplate\":\"https:\/\/maison-chance.org\/shop\/?s={search_term_string}\"},\"query-input\":{\"@type\":\"PropertyValueSpecification\",\"valueRequired\":true,\"valueName\":\"search_term_string\"}}],\"inLanguage\":\"vi-VN\"},{\"@type\":\"Organization\",\"@id\":\"https:\/\/maison-chance.org\/shop\/#organization\",\"name\":\"Nh\u00e0 May M\u1eafn - Maison Chance\",\"url\":\"https:\/\/maison-chance.org\/shop\/\",\"logo\":{\"@type\":\"ImageObject\",\"inLanguage\":\"vi-VN\",\"@id\":\"https:\/\/maison-chance.org\/shop\/#\/schema\/logo\/image\/\",\"url\":\"https:\/\/maison-chance.org\/shop\/wp-content\/uploads\/2024\/03\/cropped-Logo_DNXH.png\",\"contentUrl\":\"https:\/\/maison-chance.org\/shop\/wp-content\/uploads\/2024\/03\/cropped-Logo_DNXH.png\",\"width\":512,\"height\":512,\"caption\":\"Nh\u00e0 May M\u1eafn - Maison Chance\"},\"image\":{\"@id\":\"https:\/\/maison-chance.org\/shop\/#\/schema\/logo\/image\/\"},\"sameAs\":[\"https:\/\/www.facebook.com\/dnxh.nhamayman\/\"]}]}<\/script>\n<meta property=\"product:price:amount\" content=\"18.20\" \/>\n<meta property=\"product:price:currency\" content=\"USD\" \/>\n<meta property=\"og:availability\" content=\"instock\" \/>\n<meta property=\"product:availability\" content=\"instock\" \/>\n<meta property=\"product:condition\" content=\"new\" \/>\n<!-- \/ Yoast SEO Premium plugin. -->","yoast_head_json":{"title":"M\u1eb7t d\u00e2y chuy\u1ec1n h\u00ecnh \u0110\u1ee9c M\u1eb9 Maria - Nh\u00e0 May M\u1eafn - Maison Chance","description":"M\u1eb7t d\u00e2y chuy\u1ec1n \u0110\u1ee9c M\u1eb9 Maria mang v\u1ebb \u0111\u1eb9p thi\u00eang li\u00eang, bi\u1ec3u t\u01b0\u1ee3ng c\u1ee7a t\u00ecnh y\u00eau v\u00e0 s\u1ef1 che ch\u1edf, gi\u00fap thu h\u00fat n\u0103ng l\u01b0\u1ee3ng b\u00ecnh an v\u00e0 may m\u1eafn.","robots":{"index":"index","follow":"follow","max-snippet":"max-snippet:-1","max-image-preview":"max-image-preview:large","max-video-preview":"max-video-preview:-1"},"canonical":"https:\/\/maison-chance.org\/shop\/san-pham\/mat-day-chuyen-hinh-duc-me-maria","og_locale":"vi_VN","og_type":"article","og_title":"M\u1eb7t d\u00e2y chuy\u1ec1n h\u00ecnh \u0110\u1ee9c M\u1eb9 Maria","og_description":"M\u1eb7t d\u00e2y chuy\u1ec1n \u0110\u1ee9c M\u1eb9 Maria mang v\u1ebb \u0111\u1eb9p thi\u00eang li\u00eang, bi\u1ec3u t\u01b0\u1ee3ng c\u1ee7a t\u00ecnh y\u00eau v\u00e0 s\u1ef1 che ch\u1edf, gi\u00fap thu h\u00fat n\u0103ng l\u01b0\u1ee3ng b\u00ecnh an v\u00e0 may m\u1eafn.","og_url":"https:\/\/maison-chance.org\/shop\/san-pham\/mat-day-chuyen-hinh-duc-me-maria","og_site_name":"Nh\u00e0 May M\u1eafn - Maison Chance","article_publisher":"https:\/\/www.facebook.com\/dnxh.nhamayman\/","article_modified_time":"2025-08-26T08:44:41+00:00","og_image":[{"width":600,"height":600,"url":"https:\/\/maison-chance.org\/shop\/wp-content\/uploads\/2024\/04\/maria.jpg","type":"image\/jpeg"}],"twitter_card":"summary_large_image","twitter_misc":{"Gi\u00e1":"18.20&nbsp;&#36;","Availability":"In stock"},"schema":{"@context":"https:\/\/schema.org","@graph":[{"@type":"WebPage","@id":"https:\/\/maison-chance.org\/shop\/san-pham\/mat-day-chuyen-hinh-duc-me-maria","url":"https:\/\/maison-chance.org\/shop\/san-pham\/mat-day-chuyen-hinh-duc-me-maria","name":"M\u1eb7t d\u00e2y chuy\u1ec1n h\u00ecnh \u0110\u1ee9c M\u1eb9 Maria - Nh\u00e0 May M\u1eafn - Maison Chance","isPartOf":{"@id":"https:\/\/maison-chance.org\/shop\/#website"},"primaryImageOfPage":{"@id":"https:\/\/maison-chance.org\/shop\/san-pham\/mat-day-chuyen-hinh-duc-me-maria#primaryimage"},"image":{"@id":"https:\/\/maison-chance.org\/shop\/san-pham\/mat-day-chuyen-hinh-duc-me-maria#primaryimage"},"thumbnailUrl":"https:\/\/maison-chance.org\/shop\/wp-content\/uploads\/2024\/04\/maria.jpg","datePublished":"2025-08-26T08:36:17+00:00","dateModified":"2025-08-26T08:44:41+00:00","description":"M\u1eb7t d\u00e2y chuy\u1ec1n \u0110\u1ee9c M\u1eb9 Maria mang v\u1ebb \u0111\u1eb9p thi\u00eang li\u00eang, bi\u1ec3u t\u01b0\u1ee3ng c\u1ee7a t\u00ecnh y\u00eau v\u00e0 s\u1ef1 che ch\u1edf, gi\u00fap thu h\u00fat n\u0103ng l\u01b0\u1ee3ng b\u00ecnh an v\u00e0 may m\u1eafn.","breadcrumb":{"@id":"https:\/\/maison-chance.org\/shop\/san-pham\/mat-day-chuyen-hinh-duc-me-maria#breadcrumb"},"inLanguage":"vi-VN","potentialAction":[{"@type":"ReadAction","target":["https:\/\/maison-chance.org\/shop\/san-pham\/mat-day-chuyen-hinh-duc-me-maria"]}]},{"@type":"ImageObject","inLanguage":"vi-VN","@id":"https:\/\/maison-chance.org\/shop\/san-pham\/mat-day-chuyen-hinh-duc-me-maria#primaryimage","url":"https:\/\/maison-chance.org\/shop\/wp-content\/uploads\/2024\/04\/maria.jpg","contentUrl":"https:\/\/maison-chance.org\/shop\/wp-content\/uploads\/2024\/04\/maria.jpg","width":600,"height":600,"caption":"Maria"},{"@type":"BreadcrumbList","@id":"https:\/\/maison-chance.org\/shop\/san-pham\/mat-day-chuyen-hinh-duc-me-maria#breadcrumb","itemListElement":[{"@type":"ListItem","position":1,"name":"Trang ch\u1ee7","item":"https:\/\/maison-chance.org\/shop\/"},{"@type":"ListItem","position":2,"name":"Shop","item":"https:\/\/maison-chance.org\/shop\/shop"},{"@type":"ListItem","position":3,"name":"M\u1eb7t d\u00e2y chuy\u1ec1n h\u00ecnh \u0110\u1ee9c M\u1eb9 Maria"}]},{"@type":"WebSite","@id":"https:\/\/maison-chance.org\/shop\/#website","url":"https:\/\/maison-chance.org\/shop\/","name":"Nh\u00e0 May M\u1eafn - Maison Chance","description":"M\u1ecdi l\u1ee3i nhu\u1eadn thu v\u1ec1 t\u1eeb vi\u1ec7c b\u00e1n h\u00e0ng s\u1ebd tr\u00edch m\u1ed9t ph\u1ea7n \u0111\u1ec3 ch\u0103m lo cho \u0111\u1eddi s\u1ed1ng c\u00e1c b\u1ea1n khuy\u1ebft t\u1eadt v\u00e0 tr\u1ebb m\u1ed3 c\u00f4i \u1edf \u0111\u00e2y","publisher":{"@id":"https:\/\/maison-chance.org\/shop\/#organization"},"potentialAction":[{"@type":"SearchAction","target":{"@type":"EntryPoint","urlTemplate":"https:\/\/maison-chance.org\/shop\/?s={search_term_string}"},"query-input":{"@type":"PropertyValueSpecification","valueRequired":true,"valueName":"search_term_string"}}],"inLanguage":"vi-VN"},{"@type":"Organization","@id":"https:\/\/maison-chance.org\/shop\/#organization","name":"Nh\u00e0 May M\u1eafn - Maison Chance","url":"https:\/\/maison-chance.org\/shop\/","logo":{"@type":"ImageObject","inLanguage":"vi-VN","@id":"https:\/\/maison-chance.org\/shop\/#\/schema\/logo\/image\/","url":"https:\/\/maison-chance.org\/shop\/wp-content\/uploads\/2024\/03\/cropped-Logo_DNXH.png","contentUrl":"https:\/\/maison-chance.org\/shop\/wp-content\/uploads\/2024\/03\/cropped-Logo_DNXH.png","width":512,"height":512,"caption":"Nh\u00e0 May M\u1eafn - Maison Chance"},"image":{"@id":"https:\/\/maison-chance.org\/shop\/#\/schema\/logo\/image\/"},"sameAs":["https:\/\/www.facebook.com\/dnxh.nhamayman\/"]}]},"product_price_amount":"18.20","product_price_currency":"USD","og_availability":"instock","product_availability":"instock","product_condition":"new"},"_links":{"self":[{"href":"https:\/\/maison-chance.org\/shop\/wp-json\/wp\/v2\/product\/42027","targetHints":{"allow":["GET"]}}],"collection":[{"href":"https:\/\/maison-chance.org\/shop\/wp-json\/wp\/v2\/product"}],"about":[{"href":"https:\/\/maison-chance.org\/shop\/wp-json\/wp\/v2\/types\/product"}],"wp:featuredmedia":[{"embeddable":true,"href":"https:\/\/maison-chance.org\/shop\/wp-json\/wp\/v2\/media\/36634"}],"wp:attachment":[{"href":"https:\/\/maison-chance.org\/shop\/wp-json\/wp\/v2\/media?parent=42027"}],"wp:term":[{"taxonomy":"product_brand","embeddable":true,"href":"https:\/\/maison-chance.org\/shop\/wp-json\/wp\/v2\/product_brand?post=42027"},{"taxonomy":"product_cat","embeddable":true,"href":"https:\/\/maison-chance.org\/shop\/wp-json\/wp\/v2\/product_cat?post=42027"},{"taxonomy":"product_tag","embeddable":true,"href":"https:\/\/maison-chance.org\/shop\/wp-json\/wp\/v2\/product_tag?post=42027"}],"curies":[{"name":"wp","href":"https:\/\/api.w.org\/{rel}","templated":true}]}}