{"id":42041,"date":"2025-08-26T16:30:40","date_gmt":"2025-08-26T09:30:40","guid":{"rendered":"https:\/\/maison-chance.org\/shop?post_type=product&#038;p=42041"},"modified":"2025-08-26T16:32:14","modified_gmt":"2025-08-26T09:32:14","slug":"mat-day-chuyen-hinh-phat-ba-quan-am-6","status":"publish","type":"product","link":"https:\/\/maison-chance.org\/shop\/san-pham\/mat-day-chuyen-hinh-phat-ba-quan-am-6","title":{"rendered":"M\u1eb7t d\u00e2y chuy\u1ec1n h\u00ecnh Ph\u1eadt B\u00e0 Quan \u00c2m"},"content":{"rendered":"<p><em><strong>M\u1eb7t d\u00e2y chuy\u1ec1n h\u00ecnh Ph\u1eadt B\u00e0 Quan \u00c2m<\/strong><\/em> \u0111\u01b0\u1ee3c ch\u1ebf t\u00e1c th\u1ee7 c\u00f4ng t\u1eeb \u0111\u00e1 M\u00e3 N\u00e3o t\u1ef1 nhi\u00ean, kh\u1eafc h\u1ecda h\u00ecnh t\u01b0\u1ee3ng Ph\u1eadt B\u00e0 Quan \u00c2m uy nghi\u00eam nh\u01b0ng \u0111\u1ea7y t\u1eeb bi. S\u1ea3n ph\u1ea9m kh\u00f4ng ch\u1ec9 l\u00e0 m\u00f3n trang s\u1ee9c tinh t\u1ebf m\u00e0 c\u00f2n mang \u00fd ngh\u0129a phong th\u1ee7y s\u00e2u s\u1eafc, gi\u00fap thu h\u00fat b\u00ecnh an, may m\u1eafn v\u00e0 xua tan n\u0103ng l\u01b0\u1ee3ng x\u1ea5u cho ng\u01b0\u1eddi s\u1edf h\u1eefu. M\u00e0u s\u1eafc t\u1ef1 nhi\u00ean c\u1ee7a \u0111\u00e1 M\u00e3 N\u00e3o c\u00f2n mang \u0111\u1ebfn s\u1ef1 c\u00e2n b\u1eb1ng tinh th\u1ea7n v\u00e0 n\u0103ng l\u01b0\u1ee3ng t\u00edch c\u1ef1c trong cu\u1ed9c s\u1ed1ng h\u00e0ng ng\u00e0y.<\/p>\n<p><em><strong>\u2728 H\u01b0\u1edbng d\u1eabn s\u1eed d\u1ee5ng &amp; b\u1ea3o qu\u1ea3n<\/strong><\/em><\/p>\n<ul>\n<li>Tr\u00e1nh va \u0111\u1eadp m\u1ea1nh v\u00e0 ti\u1ebfp x\u00fac tr\u1ef1c ti\u1ebfp v\u1edbi h\u00f3a ch\u1ea5t.<\/li>\n<li>V\u1ec7 sinh nh\u1eb9 nh\u00e0ng b\u1eb1ng kh\u0103n m\u1ec1m \u0111\u1ec3 gi\u1eef \u0111\u1ed9 s\u00e1ng b\u00f3ng.<\/li>\n<li>B\u1ea3o qu\u1ea3n n\u01a1i kh\u00f4 r\u00e1o, trong h\u1ed9p ho\u1eb7c t\u00fai v\u1ea3i m\u1ec1m \u0111\u1ec3 h\u1ea1n ch\u1ebf tr\u1ea7y x\u01b0\u1edbc.<\/li>\n<\/ul>\n","protected":false},"excerpt":{"rendered":"<p><span data-sheets-root=\"1\">&#8211; Ch\u1ea5t li\u1ec7u: \u0110\u00e1 M\u00e3 N\u00e3o<br \/>\n&#8211; H\u00ecnh d\u00e1ng: H\u00ecnh Ph\u1eadt B\u00e0 Quan \u00c2m<br \/>\n&#8211; K\u00edch th\u01b0\u1edbc: 2*13 cm<br \/>\n&#8211; Kh\u1ed1i l\u01b0\u1ee3ng: 5 gr<br \/>\n&#8211; Code: MDCTG09<br \/>\n&#8211; Xu\u1ea5t x\u1ee9: Nh\u00e0 May M\u1eafn \u2013 ch\u1ebf t\u00e1c th\u1ee7 c\u00f4ng \u0111\u1ed9c b\u1ea3n<\/p>\n<p><em><strong>\ud83d\udcde Li\u00ean h\u1ec7 mua h\u00e0ng t\u1ea1i Vi\u1ec7t Nam: 090 906 2528<\/strong><\/em><\/span><\/p>\n","protected":false},"featured_media":0,"template":"","meta":[],"product_brand":[],"product_cat":[159,157],"product_tag":[],"class_list":{"0":"post-42041","1":"product","2":"type-product","3":"status-publish","5":"product_cat-mat-day-chuyen-ton-giao","6":"product_cat-phong-da-my-nghe","8":"first","9":"instock","10":"shipping-taxable","11":"purchasable","12":"product-type-simple"},"yoast_head":"<!-- This site is optimized with the Yoast SEO Premium plugin v22.7 (Yoast SEO v25.3.1) - https:\/\/yoast.com\/wordpress\/plugins\/seo\/ -->\n<title>M\u1eb7t d\u00e2y chuy\u1ec1n h\u00ecnh Ph\u1eadt B\u00e0 Quan \u00c2m - Nh\u00e0 May M\u1eafn - Maison Chance<\/title>\n<meta name=\"description\" content=\"M\u1eb7t d\u00e2y chuy\u1ec1n Ph\u1eadt B\u00e0 Quan \u00c2m \u2013 Trang s\u1ee9c phong th\u1ee7y mang \u00fd ngh\u0129a b\u00ecnh an, may m\u1eafn v\u00e0 che ch\u1edf cho ng\u01b0\u1eddi s\u1edf h\u1eefu.\" \/>\n<meta name=\"robots\" content=\"index, follow, max-snippet:-1, max-image-preview:large, max-video-preview:-1\" \/>\n<link rel=\"canonical\" href=\"https:\/\/maison-chance.org\/shop\/san-pham\/mat-day-chuyen-hinh-phat-ba-quan-am-6\" \/>\n<meta property=\"og:locale\" content=\"vi_VN\" \/>\n<meta property=\"og:type\" content=\"article\" \/>\n<meta property=\"og:title\" content=\"M\u1eb7t d\u00e2y chuy\u1ec1n h\u00ecnh Ph\u1eadt B\u00e0 Quan \u00c2m\" \/>\n<meta property=\"og:description\" content=\"M\u1eb7t d\u00e2y chuy\u1ec1n Ph\u1eadt B\u00e0 Quan \u00c2m \u2013 Trang s\u1ee9c phong th\u1ee7y mang \u00fd ngh\u0129a b\u00ecnh an, may m\u1eafn v\u00e0 che ch\u1edf cho ng\u01b0\u1eddi s\u1edf h\u1eefu.\" \/>\n<meta property=\"og:url\" content=\"https:\/\/maison-chance.org\/shop\/san-pham\/mat-day-chuyen-hinh-phat-ba-quan-am-6\" \/>\n<meta property=\"og:site_name\" content=\"Nh\u00e0 May M\u1eafn - Maison Chance\" \/>\n<meta property=\"article:publisher\" content=\"https:\/\/www.facebook.com\/dnxh.nhamayman\/\" \/>\n<meta property=\"article:modified_time\" content=\"2025-08-26T09:32:14+00:00\" \/>\n<meta name=\"twitter:card\" content=\"summary_large_image\" \/>\n<meta name=\"twitter:label1\" content=\"Gi\u00e1\" \/>\n\t<meta name=\"twitter:data1\" content=\"22.80&nbsp;&#036;\" \/>\n\t<meta name=\"twitter:label2\" content=\"Availability\" \/>\n\t<meta name=\"twitter:data2\" content=\"In stock\" \/>\n<script type=\"application\/ld+json\" class=\"yoast-schema-graph\">{\"@context\":\"https:\/\/schema.org\",\"@graph\":[{\"@type\":\"WebPage\",\"@id\":\"https:\/\/maison-chance.org\/shop\/san-pham\/mat-day-chuyen-hinh-phat-ba-quan-am-6\",\"url\":\"https:\/\/maison-chance.org\/shop\/san-pham\/mat-day-chuyen-hinh-phat-ba-quan-am-6\",\"name\":\"M\u1eb7t d\u00e2y chuy\u1ec1n h\u00ecnh Ph\u1eadt B\u00e0 Quan \u00c2m - Nh\u00e0 May M\u1eafn - Maison Chance\",\"isPartOf\":{\"@id\":\"https:\/\/maison-chance.org\/shop\/#website\"},\"datePublished\":\"2025-08-26T09:30:40+00:00\",\"dateModified\":\"2025-08-26T09:32:14+00:00\",\"description\":\"M\u1eb7t d\u00e2y chuy\u1ec1n Ph\u1eadt B\u00e0 Quan \u00c2m \u2013 Trang s\u1ee9c phong th\u1ee7y mang \u00fd ngh\u0129a b\u00ecnh an, may m\u1eafn v\u00e0 che ch\u1edf cho ng\u01b0\u1eddi s\u1edf h\u1eefu.\",\"breadcrumb\":{\"@id\":\"https:\/\/maison-chance.org\/shop\/san-pham\/mat-day-chuyen-hinh-phat-ba-quan-am-6#breadcrumb\"},\"inLanguage\":\"vi-VN\",\"potentialAction\":[{\"@type\":\"ReadAction\",\"target\":[\"https:\/\/maison-chance.org\/shop\/san-pham\/mat-day-chuyen-hinh-phat-ba-quan-am-6\"]}]},{\"@type\":\"BreadcrumbList\",\"@id\":\"https:\/\/maison-chance.org\/shop\/san-pham\/mat-day-chuyen-hinh-phat-ba-quan-am-6#breadcrumb\",\"itemListElement\":[{\"@type\":\"ListItem\",\"position\":1,\"name\":\"Trang ch\u1ee7\",\"item\":\"https:\/\/maison-chance.org\/shop\/\"},{\"@type\":\"ListItem\",\"position\":2,\"name\":\"Shop\",\"item\":\"https:\/\/maison-chance.org\/shop\/shop\"},{\"@type\":\"ListItem\",\"position\":3,\"name\":\"M\u1eb7t d\u00e2y chuy\u1ec1n h\u00ecnh Ph\u1eadt B\u00e0 Quan \u00c2m\"}]},{\"@type\":\"WebSite\",\"@id\":\"https:\/\/maison-chance.org\/shop\/#website\",\"url\":\"https:\/\/maison-chance.org\/shop\/\",\"name\":\"Nh\u00e0 May M\u1eafn - Maison Chance\",\"description\":\"M\u1ecdi l\u1ee3i nhu\u1eadn thu v\u1ec1 t\u1eeb vi\u1ec7c b\u00e1n h\u00e0ng s\u1ebd tr\u00edch m\u1ed9t ph\u1ea7n \u0111\u1ec3 ch\u0103m lo cho \u0111\u1eddi s\u1ed1ng c\u00e1c b\u1ea1n khuy\u1ebft t\u1eadt v\u00e0 tr\u1ebb m\u1ed3 c\u00f4i \u1edf \u0111\u00e2y\",\"publisher\":{\"@id\":\"https:\/\/maison-chance.org\/shop\/#organization\"},\"potentialAction\":[{\"@type\":\"SearchAction\",\"target\":{\"@type\":\"EntryPoint\",\"urlTemplate\":\"https:\/\/maison-chance.org\/shop\/?s={search_term_string}\"},\"query-input\":{\"@type\":\"PropertyValueSpecification\",\"valueRequired\":true,\"valueName\":\"search_term_string\"}}],\"inLanguage\":\"vi-VN\"},{\"@type\":\"Organization\",\"@id\":\"https:\/\/maison-chance.org\/shop\/#organization\",\"name\":\"Nh\u00e0 May M\u1eafn - Maison Chance\",\"url\":\"https:\/\/maison-chance.org\/shop\/\",\"logo\":{\"@type\":\"ImageObject\",\"inLanguage\":\"vi-VN\",\"@id\":\"https:\/\/maison-chance.org\/shop\/#\/schema\/logo\/image\/\",\"url\":\"https:\/\/maison-chance.org\/shop\/wp-content\/uploads\/2024\/03\/cropped-Logo_DNXH.png\",\"contentUrl\":\"https:\/\/maison-chance.org\/shop\/wp-content\/uploads\/2024\/03\/cropped-Logo_DNXH.png\",\"width\":512,\"height\":512,\"caption\":\"Nh\u00e0 May M\u1eafn - Maison Chance\"},\"image\":{\"@id\":\"https:\/\/maison-chance.org\/shop\/#\/schema\/logo\/image\/\"},\"sameAs\":[\"https:\/\/www.facebook.com\/dnxh.nhamayman\/\"]}]}<\/script>\n<meta property=\"product:price:amount\" content=\"22.80\" \/>\n<meta property=\"product:price:currency\" content=\"USD\" \/>\n<meta property=\"og:availability\" content=\"instock\" \/>\n<meta property=\"product:availability\" content=\"instock\" \/>\n<meta property=\"product:condition\" content=\"new\" \/>\n<!-- \/ Yoast SEO Premium plugin. -->","yoast_head_json":{"title":"M\u1eb7t d\u00e2y chuy\u1ec1n h\u00ecnh Ph\u1eadt B\u00e0 Quan \u00c2m - Nh\u00e0 May M\u1eafn - Maison Chance","description":"M\u1eb7t d\u00e2y chuy\u1ec1n Ph\u1eadt B\u00e0 Quan \u00c2m \u2013 Trang s\u1ee9c phong th\u1ee7y mang \u00fd ngh\u0129a b\u00ecnh an, may m\u1eafn v\u00e0 che ch\u1edf cho ng\u01b0\u1eddi s\u1edf h\u1eefu.","robots":{"index":"index","follow":"follow","max-snippet":"max-snippet:-1","max-image-preview":"max-image-preview:large","max-video-preview":"max-video-preview:-1"},"canonical":"https:\/\/maison-chance.org\/shop\/san-pham\/mat-day-chuyen-hinh-phat-ba-quan-am-6","og_locale":"vi_VN","og_type":"article","og_title":"M\u1eb7t d\u00e2y chuy\u1ec1n h\u00ecnh Ph\u1eadt B\u00e0 Quan \u00c2m","og_description":"M\u1eb7t d\u00e2y chuy\u1ec1n Ph\u1eadt B\u00e0 Quan \u00c2m \u2013 Trang s\u1ee9c phong th\u1ee7y mang \u00fd ngh\u0129a b\u00ecnh an, may m\u1eafn v\u00e0 che ch\u1edf cho ng\u01b0\u1eddi s\u1edf h\u1eefu.","og_url":"https:\/\/maison-chance.org\/shop\/san-pham\/mat-day-chuyen-hinh-phat-ba-quan-am-6","og_site_name":"Nh\u00e0 May M\u1eafn - Maison Chance","article_publisher":"https:\/\/www.facebook.com\/dnxh.nhamayman\/","article_modified_time":"2025-08-26T09:32:14+00:00","twitter_card":"summary_large_image","twitter_misc":{"Gi\u00e1":"22.80&nbsp;&#36;","Availability":"In stock"},"schema":{"@context":"https:\/\/schema.org","@graph":[{"@type":"WebPage","@id":"https:\/\/maison-chance.org\/shop\/san-pham\/mat-day-chuyen-hinh-phat-ba-quan-am-6","url":"https:\/\/maison-chance.org\/shop\/san-pham\/mat-day-chuyen-hinh-phat-ba-quan-am-6","name":"M\u1eb7t d\u00e2y chuy\u1ec1n h\u00ecnh Ph\u1eadt B\u00e0 Quan \u00c2m - Nh\u00e0 May M\u1eafn - Maison Chance","isPartOf":{"@id":"https:\/\/maison-chance.org\/shop\/#website"},"datePublished":"2025-08-26T09:30:40+00:00","dateModified":"2025-08-26T09:32:14+00:00","description":"M\u1eb7t d\u00e2y chuy\u1ec1n Ph\u1eadt B\u00e0 Quan \u00c2m \u2013 Trang s\u1ee9c phong th\u1ee7y mang \u00fd ngh\u0129a b\u00ecnh an, may m\u1eafn v\u00e0 che ch\u1edf cho ng\u01b0\u1eddi s\u1edf h\u1eefu.","breadcrumb":{"@id":"https:\/\/maison-chance.org\/shop\/san-pham\/mat-day-chuyen-hinh-phat-ba-quan-am-6#breadcrumb"},"inLanguage":"vi-VN","potentialAction":[{"@type":"ReadAction","target":["https:\/\/maison-chance.org\/shop\/san-pham\/mat-day-chuyen-hinh-phat-ba-quan-am-6"]}]},{"@type":"BreadcrumbList","@id":"https:\/\/maison-chance.org\/shop\/san-pham\/mat-day-chuyen-hinh-phat-ba-quan-am-6#breadcrumb","itemListElement":[{"@type":"ListItem","position":1,"name":"Trang ch\u1ee7","item":"https:\/\/maison-chance.org\/shop\/"},{"@type":"ListItem","position":2,"name":"Shop","item":"https:\/\/maison-chance.org\/shop\/shop"},{"@type":"ListItem","position":3,"name":"M\u1eb7t d\u00e2y chuy\u1ec1n h\u00ecnh Ph\u1eadt B\u00e0 Quan \u00c2m"}]},{"@type":"WebSite","@id":"https:\/\/maison-chance.org\/shop\/#website","url":"https:\/\/maison-chance.org\/shop\/","name":"Nh\u00e0 May M\u1eafn - Maison Chance","description":"M\u1ecdi l\u1ee3i nhu\u1eadn thu v\u1ec1 t\u1eeb vi\u1ec7c b\u00e1n h\u00e0ng s\u1ebd tr\u00edch m\u1ed9t ph\u1ea7n \u0111\u1ec3 ch\u0103m lo cho \u0111\u1eddi s\u1ed1ng c\u00e1c b\u1ea1n khuy\u1ebft t\u1eadt v\u00e0 tr\u1ebb m\u1ed3 c\u00f4i \u1edf \u0111\u00e2y","publisher":{"@id":"https:\/\/maison-chance.org\/shop\/#organization"},"potentialAction":[{"@type":"SearchAction","target":{"@type":"EntryPoint","urlTemplate":"https:\/\/maison-chance.org\/shop\/?s={search_term_string}"},"query-input":{"@type":"PropertyValueSpecification","valueRequired":true,"valueName":"search_term_string"}}],"inLanguage":"vi-VN"},{"@type":"Organization","@id":"https:\/\/maison-chance.org\/shop\/#organization","name":"Nh\u00e0 May M\u1eafn - Maison Chance","url":"https:\/\/maison-chance.org\/shop\/","logo":{"@type":"ImageObject","inLanguage":"vi-VN","@id":"https:\/\/maison-chance.org\/shop\/#\/schema\/logo\/image\/","url":"https:\/\/maison-chance.org\/shop\/wp-content\/uploads\/2024\/03\/cropped-Logo_DNXH.png","contentUrl":"https:\/\/maison-chance.org\/shop\/wp-content\/uploads\/2024\/03\/cropped-Logo_DNXH.png","width":512,"height":512,"caption":"Nh\u00e0 May M\u1eafn - Maison Chance"},"image":{"@id":"https:\/\/maison-chance.org\/shop\/#\/schema\/logo\/image\/"},"sameAs":["https:\/\/www.facebook.com\/dnxh.nhamayman\/"]}]},"product_price_amount":"22.80","product_price_currency":"USD","og_availability":"instock","product_availability":"instock","product_condition":"new"},"_links":{"self":[{"href":"https:\/\/maison-chance.org\/shop\/wp-json\/wp\/v2\/product\/42041","targetHints":{"allow":["GET"]}}],"collection":[{"href":"https:\/\/maison-chance.org\/shop\/wp-json\/wp\/v2\/product"}],"about":[{"href":"https:\/\/maison-chance.org\/shop\/wp-json\/wp\/v2\/types\/product"}],"wp:attachment":[{"href":"https:\/\/maison-chance.org\/shop\/wp-json\/wp\/v2\/media?parent=42041"}],"wp:term":[{"taxonomy":"product_brand","embeddable":true,"href":"https:\/\/maison-chance.org\/shop\/wp-json\/wp\/v2\/product_brand?post=42041"},{"taxonomy":"product_cat","embeddable":true,"href":"https:\/\/maison-chance.org\/shop\/wp-json\/wp\/v2\/product_cat?post=42041"},{"taxonomy":"product_tag","embeddable":true,"href":"https:\/\/maison-chance.org\/shop\/wp-json\/wp\/v2\/product_tag?post=42041"}],"curies":[{"name":"wp","href":"https:\/\/api.w.org\/{rel}","templated":true}]}}