{"id":42105,"date":"2026-01-31T11:14:19","date_gmt":"2026-01-31T04:14:19","guid":{"rendered":"https:\/\/maison-chance.org\/shop?post_type=product&#038;p=42105"},"modified":"2026-01-31T11:16:27","modified_gmt":"2026-01-31T04:16:27","slug":"ca-phe-rang-xay-nha-may-man","status":"publish","type":"product","link":"https:\/\/maison-chance.org\/shop\/san-pham\/ca-phe-rang-xay-nha-may-man","title":{"rendered":"C\u00e0 ph\u00ea rang xay Nh\u00e0 May M\u1eafn"},"content":{"rendered":"<p>C\u00e0 ph\u00ea rang xay t\u1ea1i Nh\u00e0 May M\u1eafn \u0111\u01b0\u1ee3c ch\u1ecdn l\u1ecdc t\u1eeb h\u1ea1t c\u00e0 ph\u00ea nguy\u00ean ch\u1ea5t, rang \u1edf m\u1ee9c v\u1eeba \u0111\u1ec3 gi\u1eef l\u1ea1i h\u01b0\u01a1ng th\u01a1m t\u1ef1 nhi\u00ean v\u00e0 v\u1ecb \u0111\u1eadm \u0111\u1eb7c tr\u01b0ng. T\u1eebng m\u1ebb c\u00e0 ph\u00ea \u0111\u01b0\u1ee3c rang v\u00e0 xay c\u1ea9n th\u1eadn, nh\u1eb1m t\u1ea1o ra ly c\u00e0 ph\u00ea d\u1ec5 u\u1ed1ng, c\u00e2n b\u1eb1ng gi\u1eefa v\u1ecb \u0111\u1eafng nh\u1eb9, chua d\u1ecbu v\u00e0 h\u1eadu v\u1ecb tr\u00f2n.<\/p>\n<p>S\u1ea3n ph\u1ea9m ph\u00f9 h\u1ee3p cho nh\u1eefng ai y\u00eau th\u00edch c\u00e0 ph\u00ea m\u1ed9c, kh\u00f4ng pha tr\u1ed9n, c\u00f3 th\u1ec3 d\u00f9ng h\u1eb1ng ng\u00e0y t\u1ea1i nh\u00e0 ho\u1eb7c n\u01a1i l\u00e0m vi\u1ec7c. M\u1ed7i g\u00f3i c\u00e0 ph\u00ea kh\u00f4ng ch\u1ec9 mang \u0111\u1ebfn h\u01b0\u01a1ng v\u1ecb quen thu\u1ed9c, m\u00e0 c\u00f2n g\u00f3p ph\u1ea7n t\u1ea1o th\u00eam vi\u1ec7c l\u00e0m v\u00e0 gi\u00e1 tr\u1ecb t\u00edch c\u1ef1c cho c\u1ed9ng \u0111\u1ed3ng t\u1ea1i Nh\u00e0 May M\u1eafn.<\/p>\n","protected":false},"excerpt":{"rendered":"<p>T\u00ean s\u1ea3n ph\u1ea9m: C\u00e0 ph\u00ea rang xay Nh\u00e0 May M\u1eafn<br \/>\n&#8211; Th\u00e0nh ph\u1ea7n: 100% c\u00e0 ph\u00ea nguy\u00ean ch\u1ea5t<br \/>\n&#8211; Kh\u1ed1i l\u01b0\u1ee3ng: 250gr<br \/>\n&#8211; \u0110\u00f3ng g\u00f3i: T\u00fai zip<br \/>\n&#8211; B\u1ea3o qu\u1ea3n: \u0110\u1ec3 n\u01a1i kh\u00f4 r\u00e1o, tho\u00e1ng m\u00e1t, tr\u00e1nh \u00e1nh n\u1eafng tr\u1ef1c ti\u1ebfp<\/p>\n","protected":false},"featured_media":42086,"template":"","meta":[],"product_brand":[],"product_cat":[164,165],"product_tag":[],"class_list":{"0":"post-42105","1":"product","2":"type-product","3":"status-publish","4":"has-post-thumbnail","6":"product_cat-nong-san-dak-nong","7":"product_cat-nong-san-say-kho","9":"first","10":"instock","11":"shipping-taxable","12":"purchasable","13":"product-type-simple"},"yoast_head":"<!-- This site is optimized with the Yoast SEO Premium plugin v22.7 (Yoast SEO v25.3.1) - https:\/\/yoast.com\/wordpress\/plugins\/seo\/ -->\n<title>C\u00e0 ph\u00ea rang xay Nh\u00e0 May M\u1eafn - Nh\u00e0 May M\u1eafn - Maison Chance<\/title>\n<meta name=\"description\" content=\"H\u1ea1t \u0111i\u1ec1u rang mu\u1ed1i c\u00f3 c\u00f4ng d\u1ee5ng gi\u00fap tim, h\u1ec7 th\u1ea7n kinh v\u00e0 c\u01a1 b\u1eafp kh\u1ecfe m\u1ea1nh, h\u1ed7 tr\u1ee3 trong vi\u1ec7c h\u00ecnh th\u00e0nh c\u00e1c t\u1ebf b\u00e0o h\u1ed3ng c\u1ea7u, h\u1ed7 tr\u1ee3 c\u1ea3i thi\u1ec7n s\u1ee9c kh\u1ecfe c\u1ee7a x\u01b0\u01a1ng, r\u0103ng ...\" \/>\n<meta name=\"robots\" content=\"index, follow, max-snippet:-1, max-image-preview:large, max-video-preview:-1\" \/>\n<link rel=\"canonical\" href=\"https:\/\/maison-chance.org\/shop\/san-pham\/ca-phe-rang-xay-nha-may-man\" \/>\n<meta property=\"og:locale\" content=\"vi_VN\" \/>\n<meta property=\"og:type\" content=\"article\" \/>\n<meta property=\"og:title\" content=\"C\u00e0 ph\u00ea rang xay Nh\u00e0 May M\u1eafn\" \/>\n<meta property=\"og:description\" content=\"H\u1ea1t \u0111i\u1ec1u rang mu\u1ed1i c\u00f3 c\u00f4ng d\u1ee5ng gi\u00fap tim, h\u1ec7 th\u1ea7n kinh v\u00e0 c\u01a1 b\u1eafp kh\u1ecfe m\u1ea1nh, h\u1ed7 tr\u1ee3 trong vi\u1ec7c h\u00ecnh th\u00e0nh c\u00e1c t\u1ebf b\u00e0o h\u1ed3ng c\u1ea7u, h\u1ed7 tr\u1ee3 c\u1ea3i thi\u1ec7n s\u1ee9c kh\u1ecfe c\u1ee7a x\u01b0\u01a1ng, r\u0103ng ...\" \/>\n<meta property=\"og:url\" content=\"https:\/\/maison-chance.org\/shop\/san-pham\/ca-phe-rang-xay-nha-may-man\" \/>\n<meta property=\"og:site_name\" content=\"Nh\u00e0 May M\u1eafn - Maison Chance\" \/>\n<meta property=\"article:publisher\" content=\"https:\/\/www.facebook.com\/dnxh.nhamayman\/\" \/>\n<meta property=\"article:modified_time\" content=\"2026-01-31T04:16:27+00:00\" \/>\n<meta property=\"og:image\" content=\"https:\/\/maison-chance.org\/shop\/wp-content\/uploads\/2026\/01\/ca-phe-web.png\" \/>\n\t<meta property=\"og:image:width\" content=\"1080\" \/>\n\t<meta property=\"og:image:height\" content=\"1080\" \/>\n\t<meta property=\"og:image:type\" content=\"image\/png\" \/>\n<meta name=\"twitter:card\" content=\"summary_large_image\" \/>\n<meta name=\"twitter:label1\" content=\"Gi\u00e1\" \/>\n\t<meta name=\"twitter:data1\" content=\"8.50&nbsp;&#036;\" \/>\n\t<meta name=\"twitter:label2\" content=\"Availability\" \/>\n\t<meta name=\"twitter:data2\" content=\"In stock\" \/>\n<script type=\"application\/ld+json\" class=\"yoast-schema-graph\">{\"@context\":\"https:\/\/schema.org\",\"@graph\":[{\"@type\":\"WebPage\",\"@id\":\"https:\/\/maison-chance.org\/shop\/san-pham\/ca-phe-rang-xay-nha-may-man\",\"url\":\"https:\/\/maison-chance.org\/shop\/san-pham\/ca-phe-rang-xay-nha-may-man\",\"name\":\"C\u00e0 ph\u00ea rang xay Nh\u00e0 May M\u1eafn - Nh\u00e0 May M\u1eafn - Maison Chance\",\"isPartOf\":{\"@id\":\"https:\/\/maison-chance.org\/shop\/#website\"},\"primaryImageOfPage\":{\"@id\":\"https:\/\/maison-chance.org\/shop\/san-pham\/ca-phe-rang-xay-nha-may-man#primaryimage\"},\"image\":{\"@id\":\"https:\/\/maison-chance.org\/shop\/san-pham\/ca-phe-rang-xay-nha-may-man#primaryimage\"},\"thumbnailUrl\":\"https:\/\/maison-chance.org\/shop\/wp-content\/uploads\/2026\/01\/ca-phe-web.png\",\"datePublished\":\"2026-01-31T04:14:19+00:00\",\"dateModified\":\"2026-01-31T04:16:27+00:00\",\"description\":\"H\u1ea1t \u0111i\u1ec1u rang mu\u1ed1i c\u00f3 c\u00f4ng d\u1ee5ng gi\u00fap tim, h\u1ec7 th\u1ea7n kinh v\u00e0 c\u01a1 b\u1eafp kh\u1ecfe m\u1ea1nh, h\u1ed7 tr\u1ee3 trong vi\u1ec7c h\u00ecnh th\u00e0nh c\u00e1c t\u1ebf b\u00e0o h\u1ed3ng c\u1ea7u, h\u1ed7 tr\u1ee3 c\u1ea3i thi\u1ec7n s\u1ee9c kh\u1ecfe c\u1ee7a x\u01b0\u01a1ng, r\u0103ng ...\",\"breadcrumb\":{\"@id\":\"https:\/\/maison-chance.org\/shop\/san-pham\/ca-phe-rang-xay-nha-may-man#breadcrumb\"},\"inLanguage\":\"vi-VN\",\"potentialAction\":[{\"@type\":\"ReadAction\",\"target\":[\"https:\/\/maison-chance.org\/shop\/san-pham\/ca-phe-rang-xay-nha-may-man\"]}]},{\"@type\":\"ImageObject\",\"inLanguage\":\"vi-VN\",\"@id\":\"https:\/\/maison-chance.org\/shop\/san-pham\/ca-phe-rang-xay-nha-may-man#primaryimage\",\"url\":\"https:\/\/maison-chance.org\/shop\/wp-content\/uploads\/2026\/01\/ca-phe-web.png\",\"contentUrl\":\"https:\/\/maison-chance.org\/shop\/wp-content\/uploads\/2026\/01\/ca-phe-web.png\",\"width\":1080,\"height\":1080},{\"@type\":\"BreadcrumbList\",\"@id\":\"https:\/\/maison-chance.org\/shop\/san-pham\/ca-phe-rang-xay-nha-may-man#breadcrumb\",\"itemListElement\":[{\"@type\":\"ListItem\",\"position\":1,\"name\":\"Trang ch\u1ee7\",\"item\":\"https:\/\/maison-chance.org\/shop\/\"},{\"@type\":\"ListItem\",\"position\":2,\"name\":\"Shop\",\"item\":\"https:\/\/maison-chance.org\/shop\/shop\"},{\"@type\":\"ListItem\",\"position\":3,\"name\":\"C\u00e0 ph\u00ea rang xay Nh\u00e0 May M\u1eafn\"}]},{\"@type\":\"WebSite\",\"@id\":\"https:\/\/maison-chance.org\/shop\/#website\",\"url\":\"https:\/\/maison-chance.org\/shop\/\",\"name\":\"Nh\u00e0 May M\u1eafn - Maison Chance\",\"description\":\"M\u1ecdi l\u1ee3i nhu\u1eadn thu v\u1ec1 t\u1eeb vi\u1ec7c b\u00e1n h\u00e0ng s\u1ebd tr\u00edch m\u1ed9t ph\u1ea7n \u0111\u1ec3 ch\u0103m lo cho \u0111\u1eddi s\u1ed1ng c\u00e1c b\u1ea1n khuy\u1ebft t\u1eadt v\u00e0 tr\u1ebb m\u1ed3 c\u00f4i \u1edf \u0111\u00e2y\",\"publisher\":{\"@id\":\"https:\/\/maison-chance.org\/shop\/#organization\"},\"potentialAction\":[{\"@type\":\"SearchAction\",\"target\":{\"@type\":\"EntryPoint\",\"urlTemplate\":\"https:\/\/maison-chance.org\/shop\/?s={search_term_string}\"},\"query-input\":{\"@type\":\"PropertyValueSpecification\",\"valueRequired\":true,\"valueName\":\"search_term_string\"}}],\"inLanguage\":\"vi-VN\"},{\"@type\":\"Organization\",\"@id\":\"https:\/\/maison-chance.org\/shop\/#organization\",\"name\":\"Nh\u00e0 May M\u1eafn - Maison Chance\",\"url\":\"https:\/\/maison-chance.org\/shop\/\",\"logo\":{\"@type\":\"ImageObject\",\"inLanguage\":\"vi-VN\",\"@id\":\"https:\/\/maison-chance.org\/shop\/#\/schema\/logo\/image\/\",\"url\":\"https:\/\/maison-chance.org\/shop\/wp-content\/uploads\/2024\/03\/cropped-Logo_DNXH.png\",\"contentUrl\":\"https:\/\/maison-chance.org\/shop\/wp-content\/uploads\/2024\/03\/cropped-Logo_DNXH.png\",\"width\":512,\"height\":512,\"caption\":\"Nh\u00e0 May M\u1eafn - Maison Chance\"},\"image\":{\"@id\":\"https:\/\/maison-chance.org\/shop\/#\/schema\/logo\/image\/\"},\"sameAs\":[\"https:\/\/www.facebook.com\/dnxh.nhamayman\/\"]}]}<\/script>\n<meta property=\"product:price:amount\" content=\"8.50\" \/>\n<meta property=\"product:price:currency\" content=\"USD\" \/>\n<meta property=\"og:availability\" content=\"instock\" \/>\n<meta property=\"product:availability\" content=\"instock\" \/>\n<meta property=\"product:condition\" content=\"new\" \/>\n<!-- \/ Yoast SEO Premium plugin. -->","yoast_head_json":{"title":"C\u00e0 ph\u00ea rang xay Nh\u00e0 May M\u1eafn - Nh\u00e0 May M\u1eafn - Maison Chance","description":"H\u1ea1t \u0111i\u1ec1u rang mu\u1ed1i c\u00f3 c\u00f4ng d\u1ee5ng gi\u00fap tim, h\u1ec7 th\u1ea7n kinh v\u00e0 c\u01a1 b\u1eafp kh\u1ecfe m\u1ea1nh, h\u1ed7 tr\u1ee3 trong vi\u1ec7c h\u00ecnh th\u00e0nh c\u00e1c t\u1ebf b\u00e0o h\u1ed3ng c\u1ea7u, h\u1ed7 tr\u1ee3 c\u1ea3i thi\u1ec7n s\u1ee9c kh\u1ecfe c\u1ee7a x\u01b0\u01a1ng, r\u0103ng ...","robots":{"index":"index","follow":"follow","max-snippet":"max-snippet:-1","max-image-preview":"max-image-preview:large","max-video-preview":"max-video-preview:-1"},"canonical":"https:\/\/maison-chance.org\/shop\/san-pham\/ca-phe-rang-xay-nha-may-man","og_locale":"vi_VN","og_type":"article","og_title":"C\u00e0 ph\u00ea rang xay Nh\u00e0 May M\u1eafn","og_description":"H\u1ea1t \u0111i\u1ec1u rang mu\u1ed1i c\u00f3 c\u00f4ng d\u1ee5ng gi\u00fap tim, h\u1ec7 th\u1ea7n kinh v\u00e0 c\u01a1 b\u1eafp kh\u1ecfe m\u1ea1nh, h\u1ed7 tr\u1ee3 trong vi\u1ec7c h\u00ecnh th\u00e0nh c\u00e1c t\u1ebf b\u00e0o h\u1ed3ng c\u1ea7u, h\u1ed7 tr\u1ee3 c\u1ea3i thi\u1ec7n s\u1ee9c kh\u1ecfe c\u1ee7a x\u01b0\u01a1ng, r\u0103ng ...","og_url":"https:\/\/maison-chance.org\/shop\/san-pham\/ca-phe-rang-xay-nha-may-man","og_site_name":"Nh\u00e0 May M\u1eafn - Maison Chance","article_publisher":"https:\/\/www.facebook.com\/dnxh.nhamayman\/","article_modified_time":"2026-01-31T04:16:27+00:00","og_image":[{"width":1080,"height":1080,"url":"https:\/\/maison-chance.org\/shop\/wp-content\/uploads\/2026\/01\/ca-phe-web.png","type":"image\/png"}],"twitter_card":"summary_large_image","twitter_misc":{"Gi\u00e1":"8.50&nbsp;&#36;","Availability":"In stock"},"schema":{"@context":"https:\/\/schema.org","@graph":[{"@type":"WebPage","@id":"https:\/\/maison-chance.org\/shop\/san-pham\/ca-phe-rang-xay-nha-may-man","url":"https:\/\/maison-chance.org\/shop\/san-pham\/ca-phe-rang-xay-nha-may-man","name":"C\u00e0 ph\u00ea rang xay Nh\u00e0 May M\u1eafn - Nh\u00e0 May M\u1eafn - Maison Chance","isPartOf":{"@id":"https:\/\/maison-chance.org\/shop\/#website"},"primaryImageOfPage":{"@id":"https:\/\/maison-chance.org\/shop\/san-pham\/ca-phe-rang-xay-nha-may-man#primaryimage"},"image":{"@id":"https:\/\/maison-chance.org\/shop\/san-pham\/ca-phe-rang-xay-nha-may-man#primaryimage"},"thumbnailUrl":"https:\/\/maison-chance.org\/shop\/wp-content\/uploads\/2026\/01\/ca-phe-web.png","datePublished":"2026-01-31T04:14:19+00:00","dateModified":"2026-01-31T04:16:27+00:00","description":"H\u1ea1t \u0111i\u1ec1u rang mu\u1ed1i c\u00f3 c\u00f4ng d\u1ee5ng gi\u00fap tim, h\u1ec7 th\u1ea7n kinh v\u00e0 c\u01a1 b\u1eafp kh\u1ecfe m\u1ea1nh, h\u1ed7 tr\u1ee3 trong vi\u1ec7c h\u00ecnh th\u00e0nh c\u00e1c t\u1ebf b\u00e0o h\u1ed3ng c\u1ea7u, h\u1ed7 tr\u1ee3 c\u1ea3i thi\u1ec7n s\u1ee9c kh\u1ecfe c\u1ee7a x\u01b0\u01a1ng, r\u0103ng ...","breadcrumb":{"@id":"https:\/\/maison-chance.org\/shop\/san-pham\/ca-phe-rang-xay-nha-may-man#breadcrumb"},"inLanguage":"vi-VN","potentialAction":[{"@type":"ReadAction","target":["https:\/\/maison-chance.org\/shop\/san-pham\/ca-phe-rang-xay-nha-may-man"]}]},{"@type":"ImageObject","inLanguage":"vi-VN","@id":"https:\/\/maison-chance.org\/shop\/san-pham\/ca-phe-rang-xay-nha-may-man#primaryimage","url":"https:\/\/maison-chance.org\/shop\/wp-content\/uploads\/2026\/01\/ca-phe-web.png","contentUrl":"https:\/\/maison-chance.org\/shop\/wp-content\/uploads\/2026\/01\/ca-phe-web.png","width":1080,"height":1080},{"@type":"BreadcrumbList","@id":"https:\/\/maison-chance.org\/shop\/san-pham\/ca-phe-rang-xay-nha-may-man#breadcrumb","itemListElement":[{"@type":"ListItem","position":1,"name":"Trang ch\u1ee7","item":"https:\/\/maison-chance.org\/shop\/"},{"@type":"ListItem","position":2,"name":"Shop","item":"https:\/\/maison-chance.org\/shop\/shop"},{"@type":"ListItem","position":3,"name":"C\u00e0 ph\u00ea rang xay Nh\u00e0 May M\u1eafn"}]},{"@type":"WebSite","@id":"https:\/\/maison-chance.org\/shop\/#website","url":"https:\/\/maison-chance.org\/shop\/","name":"Nh\u00e0 May M\u1eafn - Maison Chance","description":"M\u1ecdi l\u1ee3i nhu\u1eadn thu v\u1ec1 t\u1eeb vi\u1ec7c b\u00e1n h\u00e0ng s\u1ebd tr\u00edch m\u1ed9t ph\u1ea7n \u0111\u1ec3 ch\u0103m lo cho \u0111\u1eddi s\u1ed1ng c\u00e1c b\u1ea1n khuy\u1ebft t\u1eadt v\u00e0 tr\u1ebb m\u1ed3 c\u00f4i \u1edf \u0111\u00e2y","publisher":{"@id":"https:\/\/maison-chance.org\/shop\/#organization"},"potentialAction":[{"@type":"SearchAction","target":{"@type":"EntryPoint","urlTemplate":"https:\/\/maison-chance.org\/shop\/?s={search_term_string}"},"query-input":{"@type":"PropertyValueSpecification","valueRequired":true,"valueName":"search_term_string"}}],"inLanguage":"vi-VN"},{"@type":"Organization","@id":"https:\/\/maison-chance.org\/shop\/#organization","name":"Nh\u00e0 May M\u1eafn - Maison Chance","url":"https:\/\/maison-chance.org\/shop\/","logo":{"@type":"ImageObject","inLanguage":"vi-VN","@id":"https:\/\/maison-chance.org\/shop\/#\/schema\/logo\/image\/","url":"https:\/\/maison-chance.org\/shop\/wp-content\/uploads\/2024\/03\/cropped-Logo_DNXH.png","contentUrl":"https:\/\/maison-chance.org\/shop\/wp-content\/uploads\/2024\/03\/cropped-Logo_DNXH.png","width":512,"height":512,"caption":"Nh\u00e0 May M\u1eafn - Maison Chance"},"image":{"@id":"https:\/\/maison-chance.org\/shop\/#\/schema\/logo\/image\/"},"sameAs":["https:\/\/www.facebook.com\/dnxh.nhamayman\/"]}]},"product_price_amount":"8.50","product_price_currency":"USD","og_availability":"instock","product_availability":"instock","product_condition":"new"},"_links":{"self":[{"href":"https:\/\/maison-chance.org\/shop\/wp-json\/wp\/v2\/product\/42105","targetHints":{"allow":["GET"]}}],"collection":[{"href":"https:\/\/maison-chance.org\/shop\/wp-json\/wp\/v2\/product"}],"about":[{"href":"https:\/\/maison-chance.org\/shop\/wp-json\/wp\/v2\/types\/product"}],"wp:featuredmedia":[{"embeddable":true,"href":"https:\/\/maison-chance.org\/shop\/wp-json\/wp\/v2\/media\/42086"}],"wp:attachment":[{"href":"https:\/\/maison-chance.org\/shop\/wp-json\/wp\/v2\/media?parent=42105"}],"wp:term":[{"taxonomy":"product_brand","embeddable":true,"href":"https:\/\/maison-chance.org\/shop\/wp-json\/wp\/v2\/product_brand?post=42105"},{"taxonomy":"product_cat","embeddable":true,"href":"https:\/\/maison-chance.org\/shop\/wp-json\/wp\/v2\/product_cat?post=42105"},{"taxonomy":"product_tag","embeddable":true,"href":"https:\/\/maison-chance.org\/shop\/wp-json\/wp\/v2\/product_tag?post=42105"}],"curies":[{"name":"wp","href":"https:\/\/api.w.org\/{rel}","templated":true}]}}